{"id":9,"date":"2016-02-15T15:07:08","date_gmt":"2016-02-15T14:07:08","guid":{"rendered":"http:\/\/xxl-strategie.fr\/?page_id=9"},"modified":"2018-05-16T14:52:31","modified_gmt":"2018-05-16T13:52:31","slug":"formation","status":"publish","type":"page","link":"https:\/\/xxl-strategie.fr\/index.php\/formation\/","title":{"rendered":"S\u00e9minaires &#038; Form&rsquo;action"},"content":{"rendered":"<p>Notre mod\u00e8le p\u00e9dagogique est bas\u00e9 sur la Form\u2019Action : le formateur travaille sur les cas r\u00e9els des stagiaires afin de fournir des solutions concr\u00e8tes et directement applicables dans l&rsquo;entreprise. XXL vous accompagne au-del\u00e0 de la p\u00e9riode de formation et vous propose un parcours de formation personnalis\u00e9 en alignement avec le\u00a0projet de d\u00e9veloppement de votre entreprise.<\/p>\n<p>La formation \u00a0est un excellent moyen pour fiabiliser les processus, renforcer la ma\u00eetrise des meilleures pratiques, s\u2019ajuster aux standards de qualit\u00e9, mobiliser les \u00e9nergies pour faire mieux et autrement et accro\u00eetre les performances.<\/p>\n<p>Notre d\u00e9fi est d&rsquo;appr\u00e9hender les mouvements \u00e9conomiques, technologiques et culturels qui font \u00e9voluer les comp\u00e9tences et de concevoir un dispositif d&rsquo;actions dont la formation constitue l&rsquo;un des principaux leviers. Animateurs d&rsquo;un r\u00e9seau sp\u00e9cialis\u00e9 de partenaires, consultants, formateurs, voir m\u00eame entrepreneurs, nous nous distinguons par notre capacit\u00e9 \u00e0 coordonner nos comp\u00e9tences.<\/p>\n<p><img decoding=\"async\" loading=\"lazy\" class=\"alignleft size-full wp-image-959\" src=\"http:\/\/xxl-strategie.fr\/wp-content\/uploads\/2018\/05\/XXL_Data_Dock.png\" alt=\"\" width=\"247\" height=\"61\" \/><\/p>\n<p>&nbsp;<\/p>\n<p>&nbsp;<\/p>\n<p>&nbsp;<\/p>\n<p><strong>Principaux th\u00e8mes de formations :<\/strong><br \/>\n<strong><a href=\"http:\/\/xxl-strategie.fr\/index.php\/formation\/368-2\/\">&#8211;\u00a0Strat\u00e9gie et Pilotage<\/a><\/strong><br \/>\n<a href=\"http:\/\/xxl-strategie.fr\/index.php\/construire-et-animer-un-reseau-dentreprises\/\">Construire et animer un r\u00e9seau d\u2019entreprises<\/a><br \/>\n<a href=\"http:\/\/xxl-strategie.fr\/index.php\/gerer-et-administrer-une-tpepme-ou-association\/\">G\u00e9rer et administrer une TPE\/PME ou Association<\/a><br \/>\n<a href=\"http:\/\/xxl-strategie.fr\/index.php\/formation\/lego-serious-play\/\">Cr\u00e9ativit\u00e9 et innovation par le LEGO en entreprise<\/a><br \/>\n<a href=\"http:\/\/xxl-strategie.fr\/index.php\/kaizen-ou-lamelioration-continue\/\">KAIZEN ou l\u2019am\u00e9lioration continue<\/a><br \/>\n<a href=\"http:\/\/xxl-strategie.fr\/index.php\/formation\/368-2\/mediation-et-gestion-de-crise\/\">M\u00e9diation et gestion de crise<\/a><\/p>\n<p><strong><a href=\"http:\/\/xxl-strategie.fr\/index.php\/formation\/developpement-commercial\/\">&#8211;\u00a0Relation Client<\/a><\/strong><br \/>\n<a href=\"http:\/\/xxl-strategie.fr\/index.php\/developper-son-efficacite-clientele-et-commerciale\/\">D\u00e9velopper son efficacit\u00e9 relationnelle et commerciale par t\u00e9l\u00e9phone<\/a><br \/>\n<a href=\"http:\/\/xxl-strategie.fr\/index.php\/prospection-et-techniques-de-commercialisation\/\">Prospection et techniques de commercialisation<\/a><br \/>\n<a href=\"http:\/\/xxl-strategie.fr\/index.php\/conseil-assistance-et-gestion-des-appels-telephoniques\/\">Conseil, assistance et gestion des appels t\u00e9l\u00e9phoniques<\/a><br \/>\n<a href=\"http:\/\/xxl-strategie.fr\/index.php\/gerer-les-clients-difficiles\/\">G\u00e9rer les clients difficiles<\/a><\/p>\n<p><strong><a href=\"http:\/\/xxl-strategie.fr\/index.php\/formation\/ressources-humaine-et-gestion-des-risques\/\">&#8211; Ressources humaines\u00a0et Gestion des risques<\/a><\/strong><br \/>\n<a href=\"http:\/\/xxl-strategie.fr\/index.php\/responsable-qualite\/\">Responsable Qualit\u00e9<\/a><br \/>\n<a href=\"http:\/\/xxl-strategie.fr\/index.php\/formation\/ressources-humaine-et-gestion-des-risques\/evrp-evaluation-des-risques-professionnels\/\">EvRP \u2013 Evaluation des risques professionnels<\/a><br \/>\n<a href=\"http:\/\/xxl-strategie.fr\/index.php\/maitriser-les-points-fondamentaux-fondamentaux-du-droit-du-travail-en-matiere-de-sante-et-securite\/\">Ma\u00eetriser les points fondamentaux du droit du travail en mati\u00e8re de sant\u00e9 et s\u00e9curit\u00e9<\/a><br \/>\n<a href=\"http:\/\/xxl-strategie.fr\/index.php\/personne-designee-competente-en-sante-et-securite-au-travail-sst\/\">Personne d\u00e9sign\u00e9e comp\u00e9tente en Sant\u00e9 et S\u00e9curit\u00e9 au Travail (SST)<\/a><\/p>\n<p><strong><a href=\"http:\/\/xxl-strategie.fr\/index.php\/formation\/management\/\">&#8211; Management<\/a><\/strong><br \/>\n<a href=\"http:\/\/xxl-strategie.fr\/index.php\/formation\/management\/organiser-et-conduire-efficacement-un-entretien-professionnel\/\">Organiser et conduire un entretien professionnel<\/a><br \/>\n<a href=\"http:\/\/xxl-strategie.fr\/index.php\/la-gestion-de-projet\/\">La gestion de projet<\/a><br \/>\n<a href=\"http:\/\/xxl-strategie.fr\/index.php\/formation\/manager-de-proximite\/\">Management de proximit\u00e9: animer et motiver son \u00e9quipe au quotidien<\/a><br \/>\n<a href=\"http:\/\/xxl-strategie.fr\/index.php\/animer-motiver-et-developper-la-performance-individuelle-et-collective-de-son-equipe\/\">Animer, motiver et d\u00e9velopper la performance individuelle et collective de son \u00e9quipe<\/a><br \/>\n<a href=\"http:\/\/xxl-strategie.fr\/index.php\/formation\/management\/cohesion-et-performance\/\">Coh\u00e9sion et performance<\/a><br \/>\n<a href=\"http:\/\/xxl-strategie.fr\/index.php\/mettre-en-place-une-demarche-5s\/\">Mettre en place une d\u00e9marche 5S<\/a><br \/>\n<a href=\"http:\/\/xxl-strategie.fr\/index.php\/mettre-en-place-une-demarche-qualite-dans-latelier\/\">Mettre en place une d\u00e9marche qualit\u00e9 dans l\u2019atelier<\/a><br \/>\n<a href=\"http:\/\/xxl-strategie.fr\/index.php\/formation\/lentretien-professionnel\/\">R\u00e9ussir ses entretiens professionnels<\/a><br \/>\n<a href=\"http:\/\/xxl-strategie.fr\/index.php\/gestion-de-conflits-attitudes-face-aux-risques-dagression\/\">Gestion de conflits \u2013 Attitudes face aux risques d\u2019agression<\/a><\/p>\n<p>&nbsp;<\/p>\n","protected":false},"excerpt":{"rendered":"<p>Notre mod\u00e8le p\u00e9dagogique est bas\u00e9 sur la Form\u2019Action : le formateur travaille sur les cas r\u00e9els des stagiaires afin de fournir des solutions concr\u00e8tes et directement applicables dans l&rsquo;entreprise. XXL vous accompagne au-del\u00e0 de la p\u00e9riode de formation et vous propose un parcours de formation personnalis\u00e9 en alignement avec le\u00a0projet de d\u00e9veloppement de votre entreprise. [&hellip;]<\/p>\n","protected":false},"author":1,"featured_media":0,"parent":0,"menu_order":1,"comment_status":"closed","ping_status":"closed","template":"","meta":[],"_links":{"self":[{"href":"https:\/\/xxl-strategie.fr\/index.php\/wp-json\/wp\/v2\/pages\/9"}],"collection":[{"href":"https:\/\/xxl-strategie.fr\/index.php\/wp-json\/wp\/v2\/pages"}],"about":[{"href":"https:\/\/xxl-strategie.fr\/index.php\/wp-json\/wp\/v2\/types\/page"}],"author":[{"embeddable":true,"href":"https:\/\/xxl-strategie.fr\/index.php\/wp-json\/wp\/v2\/users\/1"}],"replies":[{"embeddable":true,"href":"https:\/\/xxl-strategie.fr\/index.php\/wp-json\/wp\/v2\/comments?post=9"}],"version-history":[{"count":10,"href":"https:\/\/xxl-strategie.fr\/index.php\/wp-json\/wp\/v2\/pages\/9\/revisions"}],"predecessor-version":[{"id":960,"href":"https:\/\/xxl-strategie.fr\/index.php\/wp-json\/wp\/v2\/pages\/9\/revisions\/960"}],"wp:attachment":[{"href":"https:\/\/xxl-strategie.fr\/index.php\/wp-json\/wp\/v2\/media?parent=9"}],"curies":[{"name":"wp","href":"https:\/\/api.w.org\/{rel}","templated":true}]}}