{"id":784,"date":"2018-02-21T14:30:59","date_gmt":"2018-02-21T13:30:59","guid":{"rendered":"http:\/\/xxl-strategie.fr\/?page_id=784"},"modified":"2018-06-13T08:49:19","modified_gmt":"2018-06-13T07:49:19","slug":"team-building-lego-serious-play","status":"publish","type":"page","link":"https:\/\/xxl-strategie.fr\/index.php\/team-building-lego-serious-play\/","title":{"rendered":"LEGO serious play \/ Team building \/ S\u00e9minaire \/ Serious game en entreprise"},"content":{"rendered":"<div id=\"pl-784\"  class=\"panel-layout\" ><div id=\"pg-784-0\"  class=\"panel-grid panel-no-style\" ><div id=\"pgc-784-0-0\"  class=\"panel-grid-cell\" ><div id=\"panel-784-0-0-0\" class=\"so-panel widget widget_media_video panel-first-child panel-last-child\" data-index=\"0\" ><div style=\"width:100%;\" class=\"wp-video\"><!--[if lt IE 9]><script>document.createElement('video');<\/script><![endif]-->\n<video class=\"wp-video-shortcode\" id=\"video-784-1\" preload=\"metadata\" controls=\"controls\"><source type=\"video\/mp4\" src=\"https:\/\/xxl-strategie.fr\/wp-content\/uploads\/2018\/03\/Team-building-LEGO.mp4?_=1\" \/><source type=\"video\/mp4\" src=\"http:\/\/xxl-strategie.fr\/wp-content\/uploads\/2018\/03\/Team-building-LEGO.mp4?_=1\" \/><a href=\"https:\/\/xxl-strategie.fr\/wp-content\/uploads\/2018\/03\/Team-building-LEGO.mp4\">https:\/\/xxl-strategie.fr\/wp-content\/uploads\/2018\/03\/Team-building-LEGO.mp4<\/a><\/video><\/div><\/div><\/div><\/div><div id=\"pg-784-1\"  class=\"panel-grid panel-no-style\" ><div id=\"pgc-784-1-0\"  class=\"panel-grid-cell\" ><div id=\"panel-784-1-0-0\" class=\"so-panel widget widget_sow-image panel-first-child panel-last-child\" data-index=\"1\" ><div\n\t\t\t\n\t\t\tclass=\"so-widget-sow-image so-widget-sow-image-default-8b5b6f678277-784\"\n\t\t\t\n\t\t>\n\n<div class=\"sow-image-container\">\n\t\t<img src=\"https:\/\/xxl-strategie.fr\/wp-content\/uploads\/2018\/02\/DSC08384.jpg\" width=\"1815\" height=\"1815\" srcset=\"https:\/\/xxl-strategie.fr\/wp-content\/uploads\/2018\/02\/DSC08384.jpg 1815w, https:\/\/xxl-strategie.fr\/wp-content\/uploads\/2018\/02\/DSC08384-150x150.jpg 150w, https:\/\/xxl-strategie.fr\/wp-content\/uploads\/2018\/02\/DSC08384-300x300.jpg 300w, https:\/\/xxl-strategie.fr\/wp-content\/uploads\/2018\/02\/DSC08384-768x768.jpg 768w, https:\/\/xxl-strategie.fr\/wp-content\/uploads\/2018\/02\/DSC08384-1024x1024.jpg 1024w\" sizes=\"(max-width: 1815px) 100vw, 1815px\" alt=\"\" loading=\"lazy\" \t\tclass=\"so-widget-image\"\/>\n\t<\/div>\n\n<\/div><\/div><\/div><div id=\"pgc-784-1-1\"  class=\"panel-grid-cell\" ><div id=\"panel-784-1-1-0\" class=\"so-panel widget widget_text panel-first-child panel-last-child\" data-index=\"2\" >\t\t\t<div class=\"textwidget\"><p><strong>LEGO SERIOUS PLAY est une m\u00e9thode d\u2019animation de r\u00e9union, s\u00e9minaire\u00a0ou team-building innovante, cr\u00e9ative, ludique qui permet \u00e0 chacun de s\u2019exprimer et de construire ses id\u00e9es avec des LEGO.\u00a0Le LEGO en entreprise lib\u00e8re l\u2019imagination et favorise la communication en cr\u00e9ant de la coh\u00e9sion au sein des l\u2019\u00e9quipes.\u00a0Avec 8 briques : 108.000 combinaisons possibles.<\/strong><\/p>\n<p>En construisant avec les mains vous lib\u00e9rez votre cr\u00e9ativit\u00e9.<br \/>\n1) Vous imbriquez vos id\u00e9es en construisant votre mod\u00e8le r\u00e9alis\u00e9 \u00e0 partir de briques LEGO.<br \/>\n2) Vous racontez et expliquez aux autres membres de l\u2019\u00e9quipe votre construction LEGO par le biais de la m\u00e9taphore.<br \/>\n3) Le groupe \u00e9change, produit de la r\u00e9flexion et co-construit un nouveau mod\u00e8le LEGO traduisant sa vision partag\u00e9e.<\/p>\n<p><strong>Impliquer les \u00e9quipes :<\/strong><br \/>\nChaque collaborateur s\u2019exprime avec ses propres mots<br \/>\nfait \u00e9merger des r\u00e9flexions de fond, individuelles et collectives.<\/p>\n<p><strong>Applications concr\u00e8tes en entreprise :<\/strong><br \/>\n&#8211; Elaborer et partager une strat\u00e9gie<br \/>\n&#8211; Imaginer de nouveaux produits ou services<br \/>\n&#8211; Repenser une organisation \/ optimiser sa performance<br \/>\n&#8211; D\u00e9couvrir ses coll\u00e8gues et g\u00e9n\u00e9rer de la coh\u00e9sion de groupe<\/p>\n<p>La m\u00e9thode permet \u00e0 l\u2019\u00e9quipe de se projeter et construire un avenir commun, c\u2019est \u00e0 dire de nouvelles strat\u00e9gies, ambitions,\u00a0ou tout simplement les bases de nouvelles relations au sein des \u00e9quipes.<\/p>\n<p><a href=\"http:\/\/xxl-strategie.fr\/index.php\/lequipe\/formulaire-de-contact\/\">Demande de renseignements.<\/a><\/p>\n<\/div>\n\t\t<\/div><\/div><\/div><div id=\"pg-784-2\"  class=\"panel-grid panel-no-style\" ><div id=\"pgc-784-2-0\"  class=\"panel-grid-cell\" ><div id=\"panel-784-2-0-0\" class=\"so-panel widget widget_text panel-first-child panel-last-child\" data-index=\"3\" >\t\t\t<div class=\"textwidget\"><p><img decoding=\"async\" loading=\"lazy\" class=\"alignleft size-medium wp-image-796\" src=\"http:\/\/xxl-strategie.fr\/wp-content\/uploads\/2018\/02\/DSC08369-300x300.jpg\" alt=\"\" width=\"300\" height=\"300\" srcset=\"https:\/\/xxl-strategie.fr\/wp-content\/uploads\/2018\/02\/DSC08369-300x300.jpg 300w, https:\/\/xxl-strategie.fr\/wp-content\/uploads\/2018\/02\/DSC08369-150x150.jpg 150w, https:\/\/xxl-strategie.fr\/wp-content\/uploads\/2018\/02\/DSC08369-768x768.jpg 768w, https:\/\/xxl-strategie.fr\/wp-content\/uploads\/2018\/02\/DSC08369-1024x1024.jpg 1024w, https:\/\/xxl-strategie.fr\/wp-content\/uploads\/2018\/02\/DSC08369.jpg 1596w\" sizes=\"(max-width: 300px) 100vw, 300px\" \/> <img decoding=\"async\" loading=\"lazy\" class=\"alignleft size-medium wp-image-795\" src=\"http:\/\/xxl-strategie.fr\/wp-content\/uploads\/2018\/02\/DSC08360-300x300.jpg\" alt=\"\" width=\"300\" height=\"300\" srcset=\"https:\/\/xxl-strategie.fr\/wp-content\/uploads\/2018\/02\/DSC08360-300x300.jpg 300w, https:\/\/xxl-strategie.fr\/wp-content\/uploads\/2018\/02\/DSC08360-150x150.jpg 150w, https:\/\/xxl-strategie.fr\/wp-content\/uploads\/2018\/02\/DSC08360-768x768.jpg 768w, https:\/\/xxl-strategie.fr\/wp-content\/uploads\/2018\/02\/DSC08360-1024x1024.jpg 1024w, https:\/\/xxl-strategie.fr\/wp-content\/uploads\/2018\/02\/DSC08360.jpg 1713w\" sizes=\"(max-width: 300px) 100vw, 300px\" \/> <img decoding=\"async\" loading=\"lazy\" class=\"alignleft size-medium wp-image-794\" src=\"http:\/\/xxl-strategie.fr\/wp-content\/uploads\/2018\/02\/DSC03636-300x199.jpg\" alt=\"\" width=\"300\" height=\"199\" srcset=\"https:\/\/xxl-strategie.fr\/wp-content\/uploads\/2018\/02\/DSC03636-300x199.jpg 300w, https:\/\/xxl-strategie.fr\/wp-content\/uploads\/2018\/02\/DSC03636-768x511.jpg 768w, https:\/\/xxl-strategie.fr\/wp-content\/uploads\/2018\/02\/DSC03636-1024x681.jpg 1024w\" sizes=\"(max-width: 300px) 100vw, 300px\" \/> <img decoding=\"async\" loading=\"lazy\" class=\"alignleft size-medium wp-image-793\" src=\"http:\/\/xxl-strategie.fr\/wp-content\/uploads\/2018\/02\/DSC03632-300x199.jpg\" alt=\"\" width=\"300\" height=\"199\" srcset=\"https:\/\/xxl-strategie.fr\/wp-content\/uploads\/2018\/02\/DSC03632-300x199.jpg 300w, https:\/\/xxl-strategie.fr\/wp-content\/uploads\/2018\/02\/DSC03632-768x511.jpg 768w, https:\/\/xxl-strategie.fr\/wp-content\/uploads\/2018\/02\/DSC03632-1024x681.jpg 1024w\" sizes=\"(max-width: 300px) 100vw, 300px\" \/> <img decoding=\"async\" loading=\"lazy\" class=\"alignleft size-medium wp-image-792\" src=\"http:\/\/xxl-strategie.fr\/wp-content\/uploads\/2018\/02\/DSC03369-300x168.jpg\" alt=\"\" width=\"300\" height=\"168\" srcset=\"https:\/\/xxl-strategie.fr\/wp-content\/uploads\/2018\/02\/DSC03369-300x168.jpg 300w, https:\/\/xxl-strategie.fr\/wp-content\/uploads\/2018\/02\/DSC03369-768x431.jpg 768w, https:\/\/xxl-strategie.fr\/wp-content\/uploads\/2018\/02\/DSC03369-1024x575.jpg 1024w\" sizes=\"(max-width: 300px) 100vw, 300px\" \/> <img decoding=\"async\" loading=\"lazy\" class=\"alignleft size-medium wp-image-791\" src=\"http:\/\/xxl-strategie.fr\/wp-content\/uploads\/2018\/02\/DSC03297-300x168.jpg\" alt=\"\" width=\"300\" height=\"168\" srcset=\"https:\/\/xxl-strategie.fr\/wp-content\/uploads\/2018\/02\/DSC03297-300x168.jpg 300w, https:\/\/xxl-strategie.fr\/wp-content\/uploads\/2018\/02\/DSC03297-768x431.jpg 768w, https:\/\/xxl-strategie.fr\/wp-content\/uploads\/2018\/02\/DSC03297-1024x575.jpg 1024w\" sizes=\"(max-width: 300px) 100vw, 300px\" \/> <img decoding=\"async\" loading=\"lazy\" class=\"alignleft size-medium wp-image-790\" src=\"http:\/\/xxl-strategie.fr\/wp-content\/uploads\/2018\/02\/DSC01257-300x300.jpg\" alt=\"\" width=\"300\" height=\"300\" srcset=\"https:\/\/xxl-strategie.fr\/wp-content\/uploads\/2018\/02\/DSC01257-300x300.jpg 300w, https:\/\/xxl-strategie.fr\/wp-content\/uploads\/2018\/02\/DSC01257-150x150.jpg 150w, https:\/\/xxl-strategie.fr\/wp-content\/uploads\/2018\/02\/DSC01257-768x766.jpg 768w, https:\/\/xxl-strategie.fr\/wp-content\/uploads\/2018\/02\/DSC01257-1024x1022.jpg 1024w, https:\/\/xxl-strategie.fr\/wp-content\/uploads\/2018\/02\/DSC01257.jpg 1999w\" sizes=\"(max-width: 300px) 100vw, 300px\" \/> <img decoding=\"async\" loading=\"lazy\" class=\"alignleft size-medium wp-image-789\" src=\"http:\/\/xxl-strategie.fr\/wp-content\/uploads\/2018\/02\/DSC00779-300x199.jpg\" alt=\"\" width=\"300\" height=\"199\" srcset=\"https:\/\/xxl-strategie.fr\/wp-content\/uploads\/2018\/02\/DSC00779-300x199.jpg 300w, https:\/\/xxl-strategie.fr\/wp-content\/uploads\/2018\/02\/DSC00779-768x511.jpg 768w, https:\/\/xxl-strategie.fr\/wp-content\/uploads\/2018\/02\/DSC00779-1024x681.jpg 1024w\" sizes=\"(max-width: 300px) 100vw, 300px\" \/><\/p>\n<\/div>\n\t\t<\/div><\/div><\/div><\/div>","protected":false},"excerpt":{"rendered":"<p>LEGO SERIOUS PLAY est une m\u00e9thode d\u2019animation de r\u00e9union, s\u00e9minaire\u00a0ou team-building innovante, cr\u00e9ative, ludique qui permet \u00e0 chacun de s\u2019exprimer et de construire ses id\u00e9es avec des LEGO.\u00a0Le LEGO en entreprise lib\u00e8re l\u2019imagination et favorise la communication en cr\u00e9ant de la coh\u00e9sion au sein des l\u2019\u00e9quipes.\u00a0Avec 8 briques : 108.000 combinaisons possibles. En construisant avec [&hellip;]<\/p>\n","protected":false},"author":1,"featured_media":0,"parent":0,"menu_order":0,"comment_status":"closed","ping_status":"closed","template":"","meta":[],"_links":{"self":[{"href":"https:\/\/xxl-strategie.fr\/index.php\/wp-json\/wp\/v2\/pages\/784"}],"collection":[{"href":"https:\/\/xxl-strategie.fr\/index.php\/wp-json\/wp\/v2\/pages"}],"about":[{"href":"https:\/\/xxl-strategie.fr\/index.php\/wp-json\/wp\/v2\/types\/page"}],"author":[{"embeddable":true,"href":"https:\/\/xxl-strategie.fr\/index.php\/wp-json\/wp\/v2\/users\/1"}],"replies":[{"embeddable":true,"href":"https:\/\/xxl-strategie.fr\/index.php\/wp-json\/wp\/v2\/comments?post=784"}],"version-history":[{"count":27,"href":"https:\/\/xxl-strategie.fr\/index.php\/wp-json\/wp\/v2\/pages\/784\/revisions"}],"predecessor-version":[{"id":975,"href":"https:\/\/xxl-strategie.fr\/index.php\/wp-json\/wp\/v2\/pages\/784\/revisions\/975"}],"wp:attachment":[{"href":"https:\/\/xxl-strategie.fr\/index.php\/wp-json\/wp\/v2\/media?parent=784"}],"curies":[{"name":"wp","href":"https:\/\/api.w.org\/{rel}","templated":true}]}}