{"id":770,"date":"2018-02-21T13:50:31","date_gmt":"2018-02-21T12:50:31","guid":{"rendered":"http:\/\/xxl-strategie.fr\/?page_id=770"},"modified":"2019-02-05T13:27:53","modified_gmt":"2019-02-05T12:27:53","slug":"event","status":"publish","type":"page","link":"https:\/\/xxl-strategie.fr\/index.php\/event\/","title":{"rendered":"S\u00e9minaires"},"content":{"rendered":"<div id=\"pl-770\"  class=\"panel-layout\" ><div id=\"pg-770-0\"  class=\"panel-grid panel-no-style\" ><div id=\"pgc-770-0-0\"  class=\"panel-grid-cell panel-grid-cell-empty\" ><\/div><div id=\"pgc-770-0-1\"  class=\"panel-grid-cell\" ><div id=\"panel-770-0-1-0\" class=\"so-panel widget widget_media_video panel-first-child panel-last-child\" data-index=\"0\" ><div style=\"width:100%;\" class=\"wp-video\"><!--[if lt IE 9]><script>document.createElement('video');<\/script><![endif]-->\n<video class=\"wp-video-shortcode\" id=\"video-770-1\" preload=\"metadata\" controls=\"controls\"><source type=\"video\/mp4\" src=\"https:\/\/xxl-strategie.fr\/wp-content\/uploads\/2018\/09\/Seminaire_XXL_Cohe\u0301sion.mp4?_=1\" \/><source type=\"video\/mp4\" src=\"http:\/\/xxl-strategie.fr\/wp-content\/uploads\/2018\/09\/Seminaire_XXL_Cohe\u0301sion.mp4?_=1\" \/><a href=\"https:\/\/xxl-strategie.fr\/wp-content\/uploads\/2018\/09\/Seminaire_XXL_Cohe\u0301sion.mp4\">https:\/\/xxl-strategie.fr\/wp-content\/uploads\/2018\/09\/Seminaire_XXL_Cohe\u0301sion.mp4<\/a><\/video><\/div><\/div><\/div><\/div><div id=\"pg-770-1\"  class=\"panel-grid panel-no-style\" ><div id=\"pgc-770-1-0\"  class=\"panel-grid-cell\" ><div id=\"panel-770-1-0-0\" class=\"so-panel widget widget_sow-image panel-first-child panel-last-child\" data-index=\"1\" ><div\n\t\t\t\n\t\t\tclass=\"so-widget-sow-image so-widget-sow-image-default-8b5b6f678277-770\"\n\t\t\t\n\t\t>\n\n<div class=\"sow-image-container\">\n\t\t\t<a href=\"http:\/\/xxl-strategie.fr\/index.php\/team-building-tournoi-de-cooperation\/\"\n\t\t\t\t\t>\n\t\t\t<img src=\"https:\/\/xxl-strategie.fr\/wp-content\/uploads\/2019\/02\/seminaire-strategie.png\" width=\"574\" height=\"377\" srcset=\"https:\/\/xxl-strategie.fr\/wp-content\/uploads\/2019\/02\/seminaire-strategie.png 574w, https:\/\/xxl-strategie.fr\/wp-content\/uploads\/2019\/02\/seminaire-strategie-300x197.png 300w\" sizes=\"(max-width: 574px) 100vw, 574px\" alt=\"\" loading=\"lazy\" \t\tclass=\"so-widget-image\"\/>\n\t<\/a><\/div>\n\n<\/div><\/div><\/div><div id=\"pgc-770-1-1\"  class=\"panel-grid-cell\" ><div id=\"panel-770-1-1-0\" class=\"so-panel widget widget_text panel-first-child panel-last-child\" data-index=\"2\" ><h3 class=\"widget-title\">S\u00e9minaire Strat\u00e9gie d\u2019Entreprise<\/h3>\t\t\t<div class=\"textwidget\"><p><a href=\"http:\/\/xxl-strategie.fr\/index.php\/seminaire-daccompagnement-a-la-creation-dune-strategie-dentreprise\/\"><strong>S\u00e9minaire d&rsquo;accompagnement \u00e0 la cr\u00e9ation de votre strat\u00e9gie d&rsquo;entreprise.<\/strong><\/a><\/p>\n<p>Lors de votre s\u00e9minaire personnalis\u00e9, nous allons passer en revue les m\u00e9thodes de construction strat\u00e9giques et nous focaliser sur la cr\u00e9ation (ou adaptation) de votre strat\u00e9gie d\u2019entreprise. Plus concr\u00e8tement, vous allez d\u00e9finir, avec notre soutien, les lignes directrices de la strat\u00e9gie future de votre soci\u00e9t\u00e9.<\/p>\n<\/div>\n\t\t<\/div><\/div><\/div><div id=\"pg-770-2\"  class=\"panel-grid panel-no-style\" ><div id=\"pgc-770-2-0\"  class=\"panel-grid-cell\" ><div id=\"panel-770-2-0-0\" class=\"so-panel widget widget_sow-image panel-first-child panel-last-child\" data-index=\"3\" ><div\n\t\t\t\n\t\t\tclass=\"so-widget-sow-image so-widget-sow-image-default-8b5b6f678277-770\"\n\t\t\t\n\t\t>\n\n<div class=\"sow-image-container\">\n\t\t\t<a href=\"http:\/\/xxl-strategie.fr\/index.php\/team-building-tournoi-de-cooperation\/\"\n\t\t\t\t\t>\n\t\t\t<img src=\"https:\/\/xxl-strategie.fr\/wp-content\/uploads\/2018\/02\/DSC00628.jpg\" width=\"3008\" height=\"2000\" srcset=\"https:\/\/xxl-strategie.fr\/wp-content\/uploads\/2018\/02\/DSC00628.jpg 3008w, https:\/\/xxl-strategie.fr\/wp-content\/uploads\/2018\/02\/DSC00628-300x199.jpg 300w, https:\/\/xxl-strategie.fr\/wp-content\/uploads\/2018\/02\/DSC00628-768x511.jpg 768w, https:\/\/xxl-strategie.fr\/wp-content\/uploads\/2018\/02\/DSC00628-1024x681.jpg 1024w, https:\/\/xxl-strategie.fr\/wp-content\/uploads\/2018\/02\/DSC00628-272x182.jpg 272w\" sizes=\"(max-width: 3008px) 100vw, 3008px\" alt=\"\" loading=\"lazy\" \t\tclass=\"so-widget-image\"\/>\n\t<\/a><\/div>\n\n<\/div><\/div><\/div><div id=\"pgc-770-2-1\"  class=\"panel-grid-cell\" ><div id=\"panel-770-2-1-0\" class=\"so-panel widget widget_text panel-first-child panel-last-child\" data-index=\"4\" ><h3 class=\"widget-title\">Tournoi de coop\u00e9ration \/ Team-building<\/h3>\t\t\t<div class=\"textwidget\"><p><a href=\"http:\/\/xxl-strategie.fr\/index.php\/team-building-tournoi-de-cooperation\/\"><strong>Strat\u00e9gie de bienveillance ou l\u2019intelligence de la coop\u00e9ration.<\/strong><\/a><\/p>\n<p>Comment construire la confiance avec les autres\u00a0? Comment inciter l\u2019autre \u00e0 coop\u00e9rer\u00a0? Comment donner pour recevoir en \u00e9change\u00a0? Comment cr\u00e9er et entretenir de bonnes relations avec les autres ? Nous vous proposons une animation Team-building qui permettra aux participants d&rsquo;exp\u00e9rimenter individuellement et en \u00e9quipes le jeu de la coop\u00e9ration.<\/p>\n<\/div>\n\t\t<\/div><\/div><\/div><div id=\"pg-770-3\"  class=\"panel-grid panel-no-style\" ><div id=\"pgc-770-3-0\"  class=\"panel-grid-cell\" ><div id=\"panel-770-3-0-0\" class=\"so-panel widget widget_sow-image panel-first-child panel-last-child\" data-index=\"5\" ><div\n\t\t\t\n\t\t\tclass=\"so-widget-sow-image so-widget-sow-image-default-8b5b6f678277-770\"\n\t\t\t\n\t\t>\n\n<div class=\"sow-image-container\">\n\t\t\t<a href=\"http:\/\/xxl-strategie.fr\/index.php\/team-building-tournoi-de-cooperation\/\"\n\t\t\t\t\t>\n\t\t\t<img src=\"https:\/\/xxl-strategie.fr\/wp-content\/uploads\/2018\/02\/DSC03632.jpg\" width=\"3008\" height=\"2000\" srcset=\"https:\/\/xxl-strategie.fr\/wp-content\/uploads\/2018\/02\/DSC03632.jpg 3008w, https:\/\/xxl-strategie.fr\/wp-content\/uploads\/2018\/02\/DSC03632-300x199.jpg 300w, https:\/\/xxl-strategie.fr\/wp-content\/uploads\/2018\/02\/DSC03632-768x511.jpg 768w, https:\/\/xxl-strategie.fr\/wp-content\/uploads\/2018\/02\/DSC03632-1024x681.jpg 1024w, https:\/\/xxl-strategie.fr\/wp-content\/uploads\/2018\/02\/DSC03632-272x182.jpg 272w\" sizes=\"(max-width: 3008px) 100vw, 3008px\" alt=\"\" loading=\"lazy\" \t\tclass=\"so-widget-image\"\/>\n\t<\/a><\/div>\n\n<\/div><\/div><\/div><div id=\"pgc-770-3-1\"  class=\"panel-grid-cell\" ><div id=\"panel-770-3-1-0\" class=\"so-panel widget widget_text panel-first-child panel-last-child\" data-index=\"6\" ><h3 class=\"widget-title\">Let&rsquo;s LEGO \/ Team-building<\/h3>\t\t\t<div class=\"textwidget\"><p><a href=\"http:\/\/xxl-strategie.fr\/index.php\/team-building-lego-serious-play\/\"><strong>Impliquez vos \u00e9quipes et g\u00e9n\u00e9rez de la cr\u00e9ativit\u00e9<\/strong><\/a><\/p>\n<p>Chaque collaborateur s\u2019exprime avec ses propres mots, fait \u00e9merger des r\u00e9flexions de fond, individuelles et collectives.\u00a0LEGO TEAM BUILDING est une m\u00e9thode d&rsquo;animation innovante, cr\u00e9ative, ludique qui permet \u00e0 chacun de s\u2019exprimer et de construire ses id\u00e9es.\u00a0Le LEGO en entreprise lib\u00e8re l\u2019imagination et favorise la communication en cr\u00e9ant de la coh\u00e9sion au sein des l\u2019\u00e9quipes.\u00a0Avec 8 briques : 108.000 combinaisons possibles.<\/p>\n<\/div>\n\t\t<\/div><\/div><\/div><div id=\"pg-770-4\"  class=\"panel-grid panel-no-style\" ><div id=\"pgc-770-4-0\"  class=\"panel-grid-cell\" ><div id=\"panel-770-4-0-0\" class=\"so-panel widget widget_sow-image panel-first-child panel-last-child\" data-index=\"7\" ><div\n\t\t\t\n\t\t\tclass=\"so-widget-sow-image so-widget-sow-image-default-8b5b6f678277-770\"\n\t\t\t\n\t\t>\n\n<div class=\"sow-image-container\">\n\t\t\t<a href=\"http:\/\/xxl-strategie.fr\/index.php\/team-building-tournoi-de-cooperation\/\"\n\t\t\t\t\t>\n\t\t\t<img src=\"https:\/\/xxl-strategie.fr\/wp-content\/uploads\/2018\/02\/xxl_performance.png\" width=\"338\" height=\"323\" srcset=\"https:\/\/xxl-strategie.fr\/wp-content\/uploads\/2018\/02\/xxl_performance.png 338w, https:\/\/xxl-strategie.fr\/wp-content\/uploads\/2018\/02\/xxl_performance-300x287.png 300w\" sizes=\"(max-width: 338px) 100vw, 338px\" alt=\"\" loading=\"lazy\" \t\tclass=\"so-widget-image\"\/>\n\t<\/a><\/div>\n\n<\/div><\/div><\/div><div id=\"pgc-770-4-1\"  class=\"panel-grid-cell\" ><div id=\"panel-770-4-1-0\" class=\"so-panel widget widget_text panel-first-child panel-last-child\" data-index=\"8\" ><h3 class=\"widget-title\">Les leviers de la performance individuelle \/ Conf\u00e9rence<\/h3>\t\t\t<div class=\"textwidget\"><p><a href=\"http:\/\/xxl-strategie.fr\/index.php\/les-leviers-de-la-performance-individuelle-conference\/\"><strong>Et si la performance individuelle n&rsquo;\u00e9tait qu&rsquo;une repr\u00e9sentation personnelle ?<\/strong><\/a><\/p>\n<p>Chacun estime sa contribution et ses r\u00e9tributions, chacun compare ce qu\u2019il fait, \u00e0 ce que les autres font. La repr\u00e9sentation de l\u2019individu trouve alors une expression de type\u00a0: \u00ab\u00a0Ce n\u2019est pas ceux qui en font le plus, qui en obtiennent le plus\u2026\u00a0\u00bb entra\u00eenant un d\u00e9sengagement possible. En tant que Dirigeant, Manager, qu\u2019est ce que je fais de cela\u00a0?<\/p>\n<\/div>\n\t\t<\/div><\/div><\/div><div id=\"pg-770-5\"  class=\"panel-grid panel-no-style\" ><div id=\"pgc-770-5-0\"  class=\"panel-grid-cell\" ><div id=\"panel-770-5-0-0\" class=\"so-panel widget widget_sow-image panel-first-child panel-last-child\" data-index=\"9\" ><div\n\t\t\t\n\t\t\tclass=\"so-widget-sow-image so-widget-sow-image-default-8b5b6f678277-770\"\n\t\t\t\n\t\t>\n\n<div class=\"sow-image-container\">\n\t\t\t<a href=\"http:\/\/xxl-strategie.fr\/index.php\/team-building-tournoi-de-cooperation\/\"\n\t\t\t\t\t>\n\t\t\t<img src=\"https:\/\/xxl-strategie.fr\/wp-content\/uploads\/2018\/02\/xxl_Motiver_01.jpg\" width=\"612\" height=\"408\" srcset=\"https:\/\/xxl-strategie.fr\/wp-content\/uploads\/2018\/02\/xxl_Motiver_01.jpg 612w, https:\/\/xxl-strategie.fr\/wp-content\/uploads\/2018\/02\/xxl_Motiver_01-300x200.jpg 300w, https:\/\/xxl-strategie.fr\/wp-content\/uploads\/2018\/02\/xxl_Motiver_01-272x182.jpg 272w\" sizes=\"(max-width: 612px) 100vw, 612px\" alt=\"\" loading=\"lazy\" \t\tclass=\"so-widget-image\"\/>\n\t<\/a><\/div>\n\n<\/div><\/div><\/div><div id=\"pgc-770-5-1\"  class=\"panel-grid-cell\" ><div id=\"panel-770-5-1-0\" class=\"so-panel widget widget_text panel-first-child panel-last-child\" data-index=\"10\" ><h3 class=\"widget-title\">L\u2019art de la motivation \/ Conf\u00e9rence<\/h3>\t\t\t<div class=\"textwidget\"><p><a href=\"http:\/\/xxl-strategie.fr\/index.php\/lart-de-la-motivation-conference\/\"><strong>Ce ne sont pas les probl\u00e8mes qui cr\u00e9ent la d\u00e9motivation, c&rsquo;est la d\u00e9motivation qui cr\u00e9e les probl\u00e8mes.<\/strong><\/a><\/p>\n<div class=\"textwidget\">\n<p class=\"\">La performance ne se construit pas dans l\u2019obsession de vaincre, mais dans la passion constante de faire et progresser dans son m\u00e9tier.\u00a0En identifiant les m\u00e9canismes qui cr\u00e9ent la motivation, vous pouvez alors construire un syst\u00e8me de management capable de donner \u00e0 chacun, une vision qui mobilise, une mission qui motive et d\u00e9finir des r\u00e8gles du jeu qui s\u00e9curisent.<\/p>\n<\/div>\n<\/div>\n\t\t<\/div><\/div><\/div><\/div>","protected":false},"excerpt":{"rendered":"<p>S\u00e9minaire d&rsquo;accompagnement \u00e0 la cr\u00e9ation de votre strat\u00e9gie d&rsquo;entreprise. Lors de votre s\u00e9minaire personnalis\u00e9, nous allons passer en revue les m\u00e9thodes de construction strat\u00e9giques et nous focaliser sur la cr\u00e9ation (ou adaptation) de votre strat\u00e9gie d\u2019entreprise. Plus concr\u00e8tement, vous allez d\u00e9finir, avec notre soutien, les lignes directrices de la strat\u00e9gie future de votre soci\u00e9t\u00e9.<\/p>\n","protected":false},"author":1,"featured_media":0,"parent":0,"menu_order":0,"comment_status":"closed","ping_status":"closed","template":"","meta":[],"_links":{"self":[{"href":"https:\/\/xxl-strategie.fr\/index.php\/wp-json\/wp\/v2\/pages\/770"}],"collection":[{"href":"https:\/\/xxl-strategie.fr\/index.php\/wp-json\/wp\/v2\/pages"}],"about":[{"href":"https:\/\/xxl-strategie.fr\/index.php\/wp-json\/wp\/v2\/types\/page"}],"author":[{"embeddable":true,"href":"https:\/\/xxl-strategie.fr\/index.php\/wp-json\/wp\/v2\/users\/1"}],"replies":[{"embeddable":true,"href":"https:\/\/xxl-strategie.fr\/index.php\/wp-json\/wp\/v2\/comments?post=770"}],"version-history":[{"count":34,"href":"https:\/\/xxl-strategie.fr\/index.php\/wp-json\/wp\/v2\/pages\/770\/revisions"}],"predecessor-version":[{"id":1067,"href":"https:\/\/xxl-strategie.fr\/index.php\/wp-json\/wp\/v2\/pages\/770\/revisions\/1067"}],"wp:attachment":[{"href":"https:\/\/xxl-strategie.fr\/index.php\/wp-json\/wp\/v2\/media?parent=770"}],"curies":[{"name":"wp","href":"https:\/\/api.w.org\/{rel}","templated":true}]}}