{"id":741,"date":"2018-02-21T12:31:11","date_gmt":"2018-02-21T11:31:11","guid":{"rendered":"http:\/\/xxl-strategie.fr\/?page_id=741"},"modified":"2018-02-23T11:59:13","modified_gmt":"2018-02-23T10:59:13","slug":"team-building-tournoi-de-cooperation","status":"publish","type":"page","link":"https:\/\/xxl-strategie.fr\/index.php\/team-building-tournoi-de-cooperation\/","title":{"rendered":"Tournoi de coop\u00e9ration \/ Team-building"},"content":{"rendered":"<div id=\"pl-741\"  class=\"panel-layout\" ><div id=\"pg-741-0\"  class=\"panel-grid panel-no-style\" ><div id=\"pgc-741-0-0\"  class=\"panel-grid-cell\" ><div id=\"panel-741-0-0-0\" class=\"so-panel widget widget_sow-editor panel-first-child\" data-index=\"0\" ><div\n\t\t\t\n\t\t\tclass=\"so-widget-sow-editor so-widget-sow-editor-base\"\n\t\t\t\n\t\t>\n<div class=\"siteorigin-widget-tinymce textwidget\">\n\t<p><img decoding=\"async\" loading=\"lazy\" class=\"alignleft size-medium wp-image-754\" src=\"http:\/\/xxl-strategie.fr\/wp-content\/uploads\/2018\/02\/DSC00628-300x199.jpg\" alt=\"\" width=\"300\" height=\"199\" srcset=\"https:\/\/xxl-strategie.fr\/wp-content\/uploads\/2018\/02\/DSC00628-300x199.jpg 300w, https:\/\/xxl-strategie.fr\/wp-content\/uploads\/2018\/02\/DSC00628-768x511.jpg 768w, https:\/\/xxl-strategie.fr\/wp-content\/uploads\/2018\/02\/DSC00628-1024x681.jpg 1024w\" sizes=\"(max-width: 300px) 100vw, 300px\" \/><img decoding=\"async\" loading=\"lazy\" class=\"alignleft size-medium wp-image-743\" src=\"http:\/\/xxl-strategie.fr\/wp-content\/uploads\/2018\/02\/DSC00692-300x199.jpg\" alt=\"\" width=\"300\" height=\"199\" srcset=\"https:\/\/xxl-strategie.fr\/wp-content\/uploads\/2018\/02\/DSC00692-300x199.jpg 300w, https:\/\/xxl-strategie.fr\/wp-content\/uploads\/2018\/02\/DSC00692-768x511.jpg 768w, https:\/\/xxl-strategie.fr\/wp-content\/uploads\/2018\/02\/DSC00692-1024x681.jpg 1024w\" sizes=\"(max-width: 300px) 100vw, 300px\" \/> <img decoding=\"async\" loading=\"lazy\" class=\"alignleft  wp-image-764\" src=\"http:\/\/xxl-strategie.fr\/wp-content\/uploads\/2018\/02\/IMG_8381-300x225.jpg\" alt=\"\" width=\"265\" height=\"199\" srcset=\"https:\/\/xxl-strategie.fr\/wp-content\/uploads\/2018\/02\/IMG_8381-300x225.jpg 300w, https:\/\/xxl-strategie.fr\/wp-content\/uploads\/2018\/02\/IMG_8381-768x576.jpg 768w, https:\/\/xxl-strategie.fr\/wp-content\/uploads\/2018\/02\/IMG_8381-1024x768.jpg 1024w\" sizes=\"(max-width: 265px) 100vw, 265px\" \/> <img decoding=\"async\" loading=\"lazy\" class=\"size-medium wp-image-756 alignleft\" src=\"http:\/\/xxl-strategie.fr\/wp-content\/uploads\/2018\/02\/DSC00740-300x199.jpg\" alt=\"\" width=\"300\" height=\"199\" srcset=\"https:\/\/xxl-strategie.fr\/wp-content\/uploads\/2018\/02\/DSC00740-300x199.jpg 300w, https:\/\/xxl-strategie.fr\/wp-content\/uploads\/2018\/02\/DSC00740-768x511.jpg 768w, https:\/\/xxl-strategie.fr\/wp-content\/uploads\/2018\/02\/DSC00740-1024x681.jpg 1024w\" sizes=\"(max-width: 300px) 100vw, 300px\" \/><\/p>\n<\/div>\n<\/div><\/div><div id=\"panel-741-0-0-1\" class=\"so-panel widget widget_sow-editor\" data-index=\"1\" ><div\n\t\t\t\n\t\t\tclass=\"so-widget-sow-editor so-widget-sow-editor-base\"\n\t\t\t\n\t\t>\n<div class=\"siteorigin-widget-tinymce textwidget\">\n\t<p><strong>Strat\u00e9gie de bienveillance ou l\u2019intelligence de la coop\u00e9ration.<\/strong><\/p>\n<p>Comment construire la confiance avec les autres\u00a0? Comment inciter l\u2019autre \u00e0 coop\u00e9rer\u00a0? Comment donner pour recevoir en \u00e9change\u00a0? Comment cr\u00e9er et entretenir de bonnes relations avec les autres ? Nous vous proposons une animation Team-building qui permettra aux participants d'exp\u00e9rimenter individuellement et en \u00e9quipes le jeu de la coop\u00e9ration.<\/p>\n<p>Les participants vont \u00eatre amen\u00e9s \u00e0 collaborer deux \u00e0 deux lors d\u2019un tournoi de coop\u00e9ration. \u2028La question est : choisir quand \u00ab\u00a0coop\u00e9rer\u00a0\u00bb et quand \u00ab\u00a0refuser de coop\u00e9rer\u00a0\u00bb afin de gagner le plus de points possible.<\/p>\n<p>Les \u00e9quipes vont alors construire, exp\u00e9rimenter et adapter des strat\u00e9gies de jeu individuelles puis collectives. Un d\u00e9brief \u00e0 l\u2019issue de chaque \u00e9change permettra \u00e0 chacun d\u2019\u00e9valuer l\u2019efficacit\u00e9 des diff\u00e9rentes strat\u00e9gies de coop\u00e9ration et d\u2019optimiser sa tactique \u00ab\u00a0gagnant-gagnant\u00a0\u00bb.<\/p>\n<p>Les strat\u00e9gies de jeu vont naturellement s\u2019articuler autour de probl\u00e9matiques de bienveillance, confiance et r\u00e9ciprocit\u00e9.<\/p>\n<p><a href=\"http:\/\/xxl-strategie.fr\/index.php\/lequipe\/formulaire-de-contact\/\">Demande de renseignements.<\/a><\/p>\n<\/div>\n<\/div><\/div><div id=\"panel-741-0-0-2\" class=\"so-panel widget widget_sow-editor panel-last-child\" data-index=\"2\" ><div\n\t\t\t\n\t\t\tclass=\"so-widget-sow-editor so-widget-sow-editor-base\"\n\t\t\t\n\t\t>\n<div class=\"siteorigin-widget-tinymce textwidget\">\n\t<p><img decoding=\"async\" loading=\"lazy\" class=\"alignleft size-medium wp-image-755\" src=\"http:\/\/xxl-strategie.fr\/wp-content\/uploads\/2018\/02\/DSC00691-300x199.jpg\" alt=\"\" width=\"300\" height=\"199\" srcset=\"https:\/\/xxl-strategie.fr\/wp-content\/uploads\/2018\/02\/DSC00691-300x199.jpg 300w, https:\/\/xxl-strategie.fr\/wp-content\/uploads\/2018\/02\/DSC00691-768x511.jpg 768w, https:\/\/xxl-strategie.fr\/wp-content\/uploads\/2018\/02\/DSC00691-1024x681.jpg 1024w\" sizes=\"(max-width: 300px) 100vw, 300px\" \/><img decoding=\"async\" loading=\"lazy\" class=\"alignleft size-medium wp-image-744\" src=\"http:\/\/xxl-strategie.fr\/wp-content\/uploads\/2018\/02\/DSC00708-300x199.jpg\" alt=\"\" width=\"300\" height=\"199\" srcset=\"https:\/\/xxl-strategie.fr\/wp-content\/uploads\/2018\/02\/DSC00708-300x199.jpg 300w, https:\/\/xxl-strategie.fr\/wp-content\/uploads\/2018\/02\/DSC00708-768x511.jpg 768w, https:\/\/xxl-strategie.fr\/wp-content\/uploads\/2018\/02\/DSC00708-1024x681.jpg 1024w\" sizes=\"(max-width: 300px) 100vw, 300px\" \/> <img decoding=\"async\" loading=\"lazy\" class=\"alignleft size-medium wp-image-746\" src=\"http:\/\/xxl-strategie.fr\/wp-content\/uploads\/2018\/02\/DSC03509-300x199.jpg\" alt=\"\" width=\"300\" height=\"199\" srcset=\"https:\/\/xxl-strategie.fr\/wp-content\/uploads\/2018\/02\/DSC03509-300x199.jpg 300w, https:\/\/xxl-strategie.fr\/wp-content\/uploads\/2018\/02\/DSC03509-768x511.jpg 768w, https:\/\/xxl-strategie.fr\/wp-content\/uploads\/2018\/02\/DSC03509-1024x681.jpg 1024w\" sizes=\"(max-width: 300px) 100vw, 300px\" \/> <img decoding=\"async\" loading=\"lazy\" class=\"alignleft size-medium wp-image-747\" src=\"http:\/\/xxl-strategie.fr\/wp-content\/uploads\/2018\/02\/DSC03534-300x199.jpg\" alt=\"\" width=\"300\" height=\"199\" srcset=\"https:\/\/xxl-strategie.fr\/wp-content\/uploads\/2018\/02\/DSC03534-300x199.jpg 300w, https:\/\/xxl-strategie.fr\/wp-content\/uploads\/2018\/02\/DSC03534-768x511.jpg 768w, https:\/\/xxl-strategie.fr\/wp-content\/uploads\/2018\/02\/DSC03534-1024x681.jpg 1024w\" sizes=\"(max-width: 300px) 100vw, 300px\" \/><\/p>\n<\/div>\n<\/div><\/div><\/div><\/div><\/div>","protected":false},"excerpt":{"rendered":"<p>Strat\u00e9gie de bienveillance ou l\u2019intelligence de la coop\u00e9ration. Comment construire la confiance avec les autres\u00a0? Comment inciter l\u2019autre \u00e0 coop\u00e9rer\u00a0? Comment donner pour recevoir en \u00e9change\u00a0? Comment cr\u00e9er et entretenir de bonnes relations avec les autres ? Nous vous proposons une animation Team-building qui permettra aux participants d&rsquo;exp\u00e9rimenter individuellement et en \u00e9quipes le jeu de [&hellip;]<\/p>\n","protected":false},"author":1,"featured_media":0,"parent":0,"menu_order":0,"comment_status":"closed","ping_status":"closed","template":"","meta":[],"_links":{"self":[{"href":"https:\/\/xxl-strategie.fr\/index.php\/wp-json\/wp\/v2\/pages\/741"}],"collection":[{"href":"https:\/\/xxl-strategie.fr\/index.php\/wp-json\/wp\/v2\/pages"}],"about":[{"href":"https:\/\/xxl-strategie.fr\/index.php\/wp-json\/wp\/v2\/types\/page"}],"author":[{"embeddable":true,"href":"https:\/\/xxl-strategie.fr\/index.php\/wp-json\/wp\/v2\/users\/1"}],"replies":[{"embeddable":true,"href":"https:\/\/xxl-strategie.fr\/index.php\/wp-json\/wp\/v2\/comments?post=741"}],"version-history":[{"count":24,"href":"https:\/\/xxl-strategie.fr\/index.php\/wp-json\/wp\/v2\/pages\/741\/revisions"}],"predecessor-version":[{"id":750,"href":"https:\/\/xxl-strategie.fr\/index.php\/wp-json\/wp\/v2\/pages\/741\/revisions\/750"}],"wp:attachment":[{"href":"https:\/\/xxl-strategie.fr\/index.php\/wp-json\/wp\/v2\/media?parent=741"}],"curies":[{"name":"wp","href":"https:\/\/api.w.org\/{rel}","templated":true}]}}