{"id":735,"date":"2018-02-21T11:50:21","date_gmt":"2018-02-21T10:50:21","guid":{"rendered":"http:\/\/xxl-strategie.fr\/?page_id=735"},"modified":"2023-07-12T10:25:12","modified_gmt":"2023-07-12T09:25:12","slug":"une-equipe-multi-competences","status":"publish","type":"page","link":"https:\/\/xxl-strategie.fr\/index.php\/une-equipe-multi-competences\/","title":{"rendered":"L&rsquo;\u00e9quipe"},"content":{"rendered":"<div id=\"pl-735\"  class=\"panel-layout\" ><div id=\"pg-735-0\"  class=\"panel-grid panel-no-style\" ><div id=\"pgc-735-0-0\"  class=\"panel-grid-cell\" ><div id=\"panel-735-0-0-0\" class=\"so-panel widget widget_headline-widget panel-first-child panel-last-child\" data-index=\"0\" >\t\t<h1>18 ANS D'EXP\u00c9RIENCE DANS L'ACCOMPAGNEMENT DES ORGANISATIONS.<\/h1>\n\t\t<div class=\"decoration\"><div class=\"decoration-inside\"><\/div><\/div>\n\t\t<h3>Depuis notre cr\u00e9ation \u00e0 Amiens (Picardie) en 2005, nous avons eu l'occasion d'accompagner diff\u00e9rents types de mutations organisationnelles :  PME et TPE, groupes, organisations publiques et associations. Pour des missions aussi diverses que des audits organisationnels, accompagnement du changement. Croissance externe : Polyvalence et culture d'entreprise. Organisation des flux (information, relation client, production...). Gestion pr\u00e9visionnelle des emplois et comp\u00e9tences. Management de projets. Nous intervenons principalement dans les Hauts-de-France mais aussi dans d'autres r\u00e9gions notamment pour notre activit\u00e9 s\u00e9minaires.<\/h3>\n\t\t<\/div><\/div><\/div><div id=\"pg-735-1\"  class=\"panel-grid panel-no-style\" ><div id=\"pgc-735-1-0\"  class=\"panel-grid-cell\" ><div id=\"panel-735-1-0-0\" class=\"so-panel widget widget_sow-image panel-first-child panel-last-child\" data-index=\"1\" ><div\n\t\t\t\n\t\t\tclass=\"so-widget-sow-image so-widget-sow-image-default-8b5b6f678277-735\"\n\t\t\t\n\t\t>\n\n<div class=\"sow-image-container\">\n\t\t<img src=\"https:\/\/xxl-strategie.fr\/wp-content\/uploads\/2021\/11\/Equipe_XXL_Hauts_de_France.jpg\" width=\"1200\" height=\"851\" srcset=\"https:\/\/xxl-strategie.fr\/wp-content\/uploads\/2021\/11\/Equipe_XXL_Hauts_de_France.jpg 1200w, https:\/\/xxl-strategie.fr\/wp-content\/uploads\/2021\/11\/Equipe_XXL_Hauts_de_France-300x213.jpg 300w, https:\/\/xxl-strategie.fr\/wp-content\/uploads\/2021\/11\/Equipe_XXL_Hauts_de_France-1024x726.jpg 1024w, https:\/\/xxl-strategie.fr\/wp-content\/uploads\/2021\/11\/Equipe_XXL_Hauts_de_France-768x545.jpg 768w\" sizes=\"(max-width: 1200px) 100vw, 1200px\" alt=\"\" loading=\"lazy\" \t\tclass=\"so-widget-image\"\/>\n\t<\/div>\n\n<\/div><\/div><\/div><\/div><div id=\"pg-735-2\"  class=\"panel-grid panel-no-style\" ><div id=\"pgc-735-2-0\"  class=\"panel-grid-cell\" ><div id=\"panel-735-2-0-0\" class=\"so-panel widget widget_sow-image panel-first-child\" data-index=\"2\" ><div\n\t\t\t\n\t\t\tclass=\"so-widget-sow-image so-widget-sow-image-default-8b5b6f678277-735\"\n\t\t\t\n\t\t>\n\n<div class=\"sow-image-container\">\n\t\t<img src=\"https:\/\/xxl-strategie.fr\/wp-content\/uploads\/2021\/11\/XXL_Philippe.jpg\" width=\"227\" height=\"227\" srcset=\"https:\/\/xxl-strategie.fr\/wp-content\/uploads\/2021\/11\/XXL_Philippe.jpg 227w, https:\/\/xxl-strategie.fr\/wp-content\/uploads\/2021\/11\/XXL_Philippe-150x150.jpg 150w\" sizes=\"(max-width: 227px) 100vw, 227px\" title=\"XXL_Philippe_Rousselle\" alt=\"\" loading=\"lazy\" \t\tclass=\"so-widget-image\"\/>\n\t<\/div>\n\n<\/div><\/div><div id=\"panel-735-2-0-1\" class=\"so-panel widget widget_sow-image\" data-index=\"3\" ><div\n\t\t\t\n\t\t\tclass=\"so-widget-sow-image so-widget-sow-image-default-8b5b6f678277-735\"\n\t\t\t\n\t\t>\n\n<div class=\"sow-image-container\">\n\t\t<img src=\"https:\/\/xxl-strategie.fr\/wp-content\/uploads\/2021\/11\/XXL_Fabien.jpg\" width=\"227\" height=\"227\" srcset=\"https:\/\/xxl-strategie.fr\/wp-content\/uploads\/2021\/11\/XXL_Fabien.jpg 227w, https:\/\/xxl-strategie.fr\/wp-content\/uploads\/2021\/11\/XXL_Fabien-150x150.jpg 150w\" sizes=\"(max-width: 227px) 100vw, 227px\" title=\"XXL_Fabien_Zanovello\" alt=\"\" loading=\"lazy\" \t\tclass=\"so-widget-image\"\/>\n\t<\/div>\n\n<\/div><\/div><div id=\"panel-735-2-0-2\" class=\"so-panel widget widget_sow-image panel-last-child\" data-index=\"4\" ><div\n\t\t\t\n\t\t\tclass=\"so-widget-sow-image so-widget-sow-image-default-8b5b6f678277-735\"\n\t\t\t\n\t\t>\n\n<div class=\"sow-image-container\">\n\t\t<img src=\"https:\/\/xxl-strategie.fr\/wp-content\/uploads\/2021\/11\/XXL_Patrick.jpg\" width=\"227\" height=\"227\" srcset=\"https:\/\/xxl-strategie.fr\/wp-content\/uploads\/2021\/11\/XXL_Patrick.jpg 227w, https:\/\/xxl-strategie.fr\/wp-content\/uploads\/2021\/11\/XXL_Patrick-150x150.jpg 150w\" sizes=\"(max-width: 227px) 100vw, 227px\" title=\"XXL_Patrick_Leroux\" alt=\"\" loading=\"lazy\" \t\tclass=\"so-widget-image\"\/>\n\t<\/div>\n\n<\/div><\/div><\/div><div id=\"pgc-735-2-1\"  class=\"panel-grid-cell\" ><div id=\"panel-735-2-1-0\" class=\"so-panel widget widget_sow-editor panel-first-child\" data-index=\"5\" ><div\n\t\t\t\n\t\t\tclass=\"so-widget-sow-editor so-widget-sow-editor-base\"\n\t\t\t\n\t\t><h3 class=\"widget-title\">PHILIPPE ROUSSELLE 06 17 32 56 63<\/h3>\n<div class=\"siteorigin-widget-tinymce textwidget\">\n\t<p><strong>DIRECTEUR CONSULTANT ASSOCI\u00c9<\/strong>\u00a0- Strat\u00e9gie &amp; organisation \/ Alliances et groupements d'entreprises \/ Performance de l'organisation\u00a0\/ Management de projets \/ Relation client\u00a0&amp; marketing strat\u00e9gique.<\/p>\n<\/div>\n<\/div><\/div><div id=\"panel-735-2-1-1\" class=\"so-panel widget widget_sow-editor\" data-index=\"6\" ><div\n\t\t\t\n\t\t\tclass=\"so-widget-sow-editor so-widget-sow-editor-base\"\n\t\t\t\n\t\t><h3 class=\"widget-title\">FABIEN ZANOVELLO &gt; 06 82 54 67 03<\/h3>\n<div class=\"siteorigin-widget-tinymce textwidget\">\n\t<p><strong>CONSULTANT ASSOCI\u00c9<\/strong> - Diagnostic et conduite de projet d'entreprise \/ Animation de coop\u00e9rations &amp; alliances strat\u00e9giques \/ Strat\u00e9gies de d\u00e9veloppement des PME industrielles \/ Organisation commerciale.<\/p>\n<\/div>\n<\/div><\/div><div id=\"panel-735-2-1-2\" class=\"so-panel widget widget_sow-editor panel-last-child\" data-index=\"7\" ><div\n\t\t\t\n\t\t\tclass=\"so-widget-sow-editor so-widget-sow-editor-base\"\n\t\t\t\n\t\t><h3 class=\"widget-title\">PATRICK LEROUX &gt; 06 73 87 61 23<\/h3>\n<div class=\"siteorigin-widget-tinymce textwidget\">\n\t<p><strong>XXL AMIENS<\/strong> - Communication interne et externe : F\u00e9d\u00e9rer autour du projet d'entreprise, valoriser les r\u00e9ussites, partager l'information, donner du sens et accompagner le changement.<\/p>\n<\/div>\n<\/div><\/div><\/div><div id=\"pgc-735-2-2\"  class=\"panel-grid-cell\" ><div id=\"panel-735-2-2-0\" class=\"so-panel widget widget_sow-image panel-first-child\" data-index=\"8\" ><div\n\t\t\t\n\t\t\tclass=\"so-widget-sow-image so-widget-sow-image-default-8b5b6f678277-735\"\n\t\t\t\n\t\t>\n\n<div class=\"sow-image-container\">\n\t\t<img src=\"https:\/\/xxl-strategie.fr\/wp-content\/uploads\/2021\/11\/XXL_Sylvie.jpg\" width=\"227\" height=\"227\" srcset=\"https:\/\/xxl-strategie.fr\/wp-content\/uploads\/2021\/11\/XXL_Sylvie.jpg 227w, https:\/\/xxl-strategie.fr\/wp-content\/uploads\/2021\/11\/XXL_Sylvie-150x150.jpg 150w\" sizes=\"(max-width: 227px) 100vw, 227px\" title=\"XXL_Sylvie_lenoir\" alt=\"\" loading=\"lazy\" \t\tclass=\"so-widget-image\"\/>\n\t<\/div>\n\n<\/div><\/div><div id=\"panel-735-2-2-1\" class=\"so-panel widget widget_sow-image panel-last-child\" data-index=\"9\" ><div\n\t\t\t\n\t\t\tclass=\"so-widget-sow-image so-widget-sow-image-default-8b5b6f678277-735\"\n\t\t\t\n\t\t>\n\n<div class=\"sow-image-container\">\n\t\t<img src=\"https:\/\/xxl-strategie.fr\/wp-content\/uploads\/2021\/11\/XXL_Alex.jpg\" width=\"227\" height=\"227\" srcset=\"https:\/\/xxl-strategie.fr\/wp-content\/uploads\/2021\/11\/XXL_Alex.jpg 227w, https:\/\/xxl-strategie.fr\/wp-content\/uploads\/2021\/11\/XXL_Alex-150x150.jpg 150w\" sizes=\"(max-width: 227px) 100vw, 227px\" title=\"XXL_Alex_Pomares\" alt=\"\" loading=\"lazy\" \t\tclass=\"so-widget-image\"\/>\n\t<\/div>\n\n<\/div><\/div><\/div><div id=\"pgc-735-2-3\"  class=\"panel-grid-cell\" ><div id=\"panel-735-2-3-0\" class=\"so-panel widget widget_sow-editor panel-first-child\" data-index=\"10\" ><div\n\t\t\t\n\t\t\tclass=\"so-widget-sow-editor so-widget-sow-editor-base\"\n\t\t\t\n\t\t><h3 class=\"widget-title\">SYLVIE LENOIR &gt; 06 65 32 87 70<\/h3>\n<div class=\"siteorigin-widget-tinymce textwidget\">\n\t<p><strong>CONSULTANTE ASSOCI\u00c9E<\/strong> - Performance de l\u2019organisation humaine \/ Reengineering\u00a0\/ Management de la motivation \/ Gestion Pre\u0301visionnelle des Emplois et des Compe\u0301tences \/ Audit RH\u00a0&amp;\u00a0contro\u0302le de gestion RH \/ Gestion des \u00e2ges.<\/p>\n<\/div>\n<\/div><\/div><div id=\"panel-735-2-3-1\" class=\"so-panel widget widget_sow-editor panel-last-child\" data-index=\"11\" ><div\n\t\t\t\n\t\t\tclass=\"so-widget-sow-editor so-widget-sow-editor-base\"\n\t\t\t\n\t\t><h3 class=\"widget-title\">ALEX POMARES &gt; 06 75 60 83 14<\/h3>\n<div class=\"siteorigin-widget-tinymce textwidget\">\n\t<p><strong>XXL AMIENS<\/strong>\u00a0- Coaching de dirigeants, managers et \u00e9quipes \/ Leadership \/ Intelligence \u00e9motionnelle et relationnelle \/ Gestion des \u00e9motions \/ Communication d\u2019influence \/ PNL, \u00e9n\u00e9agramme, process com, Marston DISC.<\/p>\n<\/div>\n<\/div><\/div><\/div><\/div><\/div>","protected":false},"excerpt":{"rendered":"<p>18 ANS D&rsquo;EXP\u00c9RIENCE DANS L&rsquo;ACCOMPAGNEMENT DES ORGANISATIONS. Depuis notre cr\u00e9ation \u00e0 Amiens (Picardie) en 2005, nous avons eu l&rsquo;occasion d&rsquo;accompagner diff\u00e9rents types de mutations organisationnelles : PME et TPE, groupes, organisations publiques et associations. Pour des missions aussi diverses que des audits organisationnels, accompagnement du changement. Croissance externe : Polyvalence et culture d&rsquo;entreprise. Organisation des [&hellip;]<\/p>\n","protected":false},"author":1,"featured_media":0,"parent":0,"menu_order":0,"comment_status":"closed","ping_status":"closed","template":"","meta":[],"_links":{"self":[{"href":"https:\/\/xxl-strategie.fr\/index.php\/wp-json\/wp\/v2\/pages\/735"}],"collection":[{"href":"https:\/\/xxl-strategie.fr\/index.php\/wp-json\/wp\/v2\/pages"}],"about":[{"href":"https:\/\/xxl-strategie.fr\/index.php\/wp-json\/wp\/v2\/types\/page"}],"author":[{"embeddable":true,"href":"https:\/\/xxl-strategie.fr\/index.php\/wp-json\/wp\/v2\/users\/1"}],"replies":[{"embeddable":true,"href":"https:\/\/xxl-strategie.fr\/index.php\/wp-json\/wp\/v2\/comments?post=735"}],"version-history":[{"count":78,"href":"https:\/\/xxl-strategie.fr\/index.php\/wp-json\/wp\/v2\/pages\/735\/revisions"}],"predecessor-version":[{"id":1734,"href":"https:\/\/xxl-strategie.fr\/index.php\/wp-json\/wp\/v2\/pages\/735\/revisions\/1734"}],"wp:attachment":[{"href":"https:\/\/xxl-strategie.fr\/index.php\/wp-json\/wp\/v2\/media?parent=735"}],"curies":[{"name":"wp","href":"https:\/\/api.w.org\/{rel}","templated":true}]}}