{"id":457,"date":"2016-06-15T09:14:31","date_gmt":"2016-06-15T08:14:31","guid":{"rendered":"http:\/\/xxl-strategie.fr\/?page_id=457"},"modified":"2016-12-15T11:32:17","modified_gmt":"2016-12-15T10:32:17","slug":"la-gestion-de-projet","status":"publish","type":"page","link":"https:\/\/xxl-strategie.fr\/index.php\/la-gestion-de-projet\/","title":{"rendered":"La gestion de projet"},"content":{"rendered":"<p><strong>OBJECTIFS DE LA FORMATION<\/strong><\/p>\n<p>Identifier ce qui fait qu&rsquo;un projet est r\u00e9ussi<br \/>\nConna\u00eetre des approches diff\u00e9rents de gestion de projet pour viser l&rsquo;efficacit\u00e9<br \/>\nSe mettre en situation pour savoir utiliser le r\u00e9f\u00e9rentiel d&rsquo;organisation<br \/>\nComprendre qu&rsquo;un projet ce n&rsquo;est pas que des techniques mais surtout de la relation humaine<br \/>\nR\u00e9sumer et conclure la formation<\/p>\n<hr \/>\n<p><strong>PROGRAMME DE FORMATION<\/strong><\/p>\n<p><strong>S\u00e9quence 1 : Identifier ce qui fait qu\u2019un projet est r\u00e9ussi<\/strong><br \/>\nD\u00e9finir la notion de projet et les crit\u00e8res d\u2019un projet r\u00e9ussi (atteintes des fonctionnalit\u00e9s, respect des exigences du client, rentabilit\u00e9, satisfaction des besoins de toutes les parties prenantes, atteinte des objectifs pr\u00e9\u00e9tablis).<br \/>\nIdentifier les r\u00f4les et les responsabilit\u00e9s des diff\u00e9rents types d\u2019acteurs (MOA : utilisateur, prescripteur, financeur\u2026 ; MOE : m\u00e9tiers techniques, financiers, fournisseurs, gouvernance\u2026).<br \/>\nComprendre l\u2019utilit\u00e9 d\u2019organiser et de planifier un projet.<br \/>\nConna\u00eetre l\u2019objectif des diff\u00e9rentes phases d\u2019un projet.<br \/>\nAborder les 4 exigences d\u2019un projet : co\u00fbt, d\u00e9lais, prestations, qualit\u00e9.<br \/>\nAborder les r\u00e9f\u00e9rentiels d\u2019organisation (plan de management, plan de gestion, plan qualit\u00e9, plan d\u2019ing\u00e9nierie et de d\u00e9veloppement) formant le plan directeur du projet.<br \/>\nAborder les techniques utiles : planning, estimation, co\u00fbtenance, communication, pr\u00e9vention des risques.<\/p>\n<p><strong>S\u00e9quence 2 : Conna\u00eetre des approches diff\u00e9rentes de gestion de projets pour viser l\u2019efficacit\u00e9<\/strong><br \/>\nConna\u00eetre et comprendre les m\u00e9thodes dites pr\u00e9dictives (comme le cycle en V) : principe, \u00e9tapes, livrables, outils, acteurs, r\u00e9unions, communication\u2026<br \/>\nConna\u00eetre et comprendre les m\u00e9thodes dites \u00ab adaptatives \u00bb (comme la m\u00e9thode agile) : principe, \u00e9tapes, livrables, outils, acteurs, r\u00e9unions, communication\u2026<br \/>\nIdentifier ce qui est commun aux m\u00e9thodes.<br \/>\nAborder les opportunit\u00e9s, menaces, forces et faiblesses de chaque m\u00e9thode.<br \/>\nComprendre que plusieurs sc\u00e9narios sont possibles pour g\u00e9rer et mener un projet.<br \/>\nAborder le r\u00e9f\u00e9rentiel d\u2019organisation, la m\u00e9thodologie et les outils propres de l&rsquo;entreprise<\/p>\n<p><strong>S\u00e9quence 3 : Se mettre en situation pour savoir utiliser le r\u00e9f\u00e9rentiel d\u2019organisation, la m\u00e9thode et les outils de l&rsquo;entreprise<\/strong><br \/>\nSensibiliser aux diff\u00e9rentes \u00e9tapes d\u2019un projet selon le r\u00e9f\u00e9rentiel de l&rsquo;entreprise.<br \/>\nSavoir appr\u00e9hender les livrables \u00e0 fournir lors des diff\u00e9rentes \u00e9tapes d\u2019un projet en fonction de leur r\u00f4le au sein de l\u2019\u00e9quipe projet (r\u00f4le de chef de projet, r\u00f4le de contributeur).<br \/>\nParticiper \u00e0 une r\u00e9union de formalisation de l\u2019expos\u00e9 et de l\u2019approche du projet :<br \/>\nLa formalisation de approche et de l\u2019expos\u00e9 du projet propose d\u2019aborder la description de l\u2019objectif du projet, des produits du projet (livrables et r\u00e9sultats attendus), du p\u00e9rim\u00e8tre, des exclusions, contraintes et interfaces, ainsi que le cas d\u2019affaires du projet (raisons, b\u00e9n\u00e9fices attendus, risques, calendrier), les tol\u00e9rances du projet (attentes qualit\u00e9 du client et crit\u00e8res d\u2019acceptation), les responsabilit\u00e9s et les circuits de reporting et de communication, le plan de projet avec par phases : la description du produit, les dur\u00e9es, les ressources associ\u00e9es.<br \/>\nSavoir mettre en \u0153uvre un reporting projet et suivre le budget tant d\u2019un point de vue projet que contributeur m\u00e9tier selon la m\u00e9thodologie de l&rsquo;entreprise.<br \/>\nApprendre \u00e0 manager et piloter les risques de l\u2019identification des risques \u00e0 l\u2019\u00e9valuation de leur impact et de leur probabilit\u00e9, jusqu\u2019au choix et suivi de la solution.<br \/>\nParticiper \u00e0 une r\u00e9union d\u2019identification des risques.<\/p>\n<p><strong>S\u00e9quence 4 : Les aspects humains de la gestion de projet<\/strong><br \/>\nIdentifier les acteurs du projet et la structure organisationnelle du projet.<br \/>\nConna\u00eetre le r\u00f4le de chacun (direction, soutien, approbation financi\u00e8re, engagement des ressources, contr\u00f4les, assurance projets \u2026).<br \/>\nAborder plus sp\u00e9cifiquement le r\u00f4le du chef de projet:<br \/>\n<em>-D\u00e9couvrir les facteurs de motivation d\u2019une \u00e9quipe d\u2019apr\u00e8s le mod\u00e8le de KNOSTER pour entra\u00eener l\u2019\u00e9quipe.<\/em><br \/>\n<em> -Apprendre \u00e0 jouer un r\u00f4le de coordinateur.<\/em><br \/>\n<em> -Savoir s\u2019appuyer sur les diff\u00e9rents types de r\u00e9union de gestion d\u2019un projet.<\/em><br \/>\n<em> -D\u00e9velopper une communication au niveau du collectif et de la personne.<\/em><br \/>\nAborder le r\u00f4le de contributeur m\u00e9tier :<br \/>\n<em>-Contribuer \u00e0 son niveau au pilotage du projet en rendant compte en transparence de la situation des actions confi\u00e9es.<\/em><br \/>\n<em> -Savoir alerter sur les d\u00e9rapages.<\/em><\/p>\n<hr \/>\n<p><strong>Public<\/strong><br \/>\nToute personne en charge de la gestion de projet<\/p>\n<p><strong>Dur\u00e9e<\/strong><br \/>\n3 jours<\/p>\n<p><a href=\"http:\/\/xxl-strategie.fr\/index.php\/lequipe\/formulaire-de-contact\/\">Demande de renseignements<\/a><\/p>\n","protected":false},"excerpt":{"rendered":"<p>OBJECTIFS DE LA FORMATION Identifier ce qui fait qu&rsquo;un projet est r\u00e9ussi Conna\u00eetre des approches diff\u00e9rents de gestion de projet pour viser l&rsquo;efficacit\u00e9 Se mettre en situation pour savoir utiliser le r\u00e9f\u00e9rentiel d&rsquo;organisation Comprendre qu&rsquo;un projet ce n&rsquo;est pas que des techniques mais surtout de la relation humaine R\u00e9sumer et conclure la formation PROGRAMME DE [&hellip;]<\/p>\n","protected":false},"author":1,"featured_media":0,"parent":0,"menu_order":0,"comment_status":"closed","ping_status":"closed","template":"","meta":[],"_links":{"self":[{"href":"https:\/\/xxl-strategie.fr\/index.php\/wp-json\/wp\/v2\/pages\/457"}],"collection":[{"href":"https:\/\/xxl-strategie.fr\/index.php\/wp-json\/wp\/v2\/pages"}],"about":[{"href":"https:\/\/xxl-strategie.fr\/index.php\/wp-json\/wp\/v2\/types\/page"}],"author":[{"embeddable":true,"href":"https:\/\/xxl-strategie.fr\/index.php\/wp-json\/wp\/v2\/users\/1"}],"replies":[{"embeddable":true,"href":"https:\/\/xxl-strategie.fr\/index.php\/wp-json\/wp\/v2\/comments?post=457"}],"version-history":[{"count":4,"href":"https:\/\/xxl-strategie.fr\/index.php\/wp-json\/wp\/v2\/pages\/457\/revisions"}],"predecessor-version":[{"id":572,"href":"https:\/\/xxl-strategie.fr\/index.php\/wp-json\/wp\/v2\/pages\/457\/revisions\/572"}],"wp:attachment":[{"href":"https:\/\/xxl-strategie.fr\/index.php\/wp-json\/wp\/v2\/media?parent=457"}],"curies":[{"name":"wp","href":"https:\/\/api.w.org\/{rel}","templated":true}]}}