{"id":450,"date":"2016-06-15T08:48:28","date_gmt":"2016-06-15T07:48:28","guid":{"rendered":"http:\/\/xxl-strategie.fr\/?page_id=450"},"modified":"2016-07-01T14:16:57","modified_gmt":"2016-07-01T13:16:57","slug":"maitriser-les-points-fondamentaux-fondamentaux-du-droit-du-travail-en-matiere-de-sante-et-securite","status":"publish","type":"page","link":"https:\/\/xxl-strategie.fr\/index.php\/maitriser-les-points-fondamentaux-fondamentaux-du-droit-du-travail-en-matiere-de-sante-et-securite\/","title":{"rendered":"Ma\u00eetriser les points fondamentaux du Droit du Travail en mati\u00e8re de Sant\u00e9 et S\u00e9curit\u00e9"},"content":{"rendered":"<p><strong>OBJECTIF DE LA FORMATION<\/strong><\/p>\n<p>Respecter la l\u00e9gislation et aborder des principes et techniques utiles \u00e0 l\u2019am\u00e9lioration continue de la performance de l\u2019entreprise.<\/p>\n<hr \/>\n<p><strong>PROGRAMMME DE LA FORMATION<\/strong><\/p>\n<p>Identifier le r\u00f4le et la mission de la personne d\u00e9sign\u00e9e comp\u00e9tente.<br \/>\nConna\u00eetre les fondements et les valeurs essentielles de la pr\u00e9vention.<br \/>\nConna\u00eetre les documents obligatoires \u00e0 produire.<br \/>\nConna\u00eetre les principes d\u2019organisation d\u2019une d\u00e9marche d\u2019\u00e9valuation des risques et ses principaux outils.<br \/>\nConstruire et actualiser le Document Unique.<\/p>\n<hr \/>\n<p><strong>Dur\u00e9e<\/strong><br \/>\n2 jours<\/p>\n<p><a href=\"http:\/\/xxl-strategie.fr\/index.php\/lequipe\/formulaire-de-contact\/\">Demande de renseignements<\/a><\/p>\n","protected":false},"excerpt":{"rendered":"<p>OBJECTIF DE LA FORMATION Respecter la l\u00e9gislation et aborder des principes et techniques utiles \u00e0 l\u2019am\u00e9lioration continue de la performance de l\u2019entreprise. PROGRAMMME DE LA FORMATION Identifier le r\u00f4le et la mission de la personne d\u00e9sign\u00e9e comp\u00e9tente. Conna\u00eetre les fondements et les valeurs essentielles de la pr\u00e9vention. Conna\u00eetre les documents obligatoires \u00e0 produire. Conna\u00eetre les [&hellip;]<\/p>\n","protected":false},"author":1,"featured_media":0,"parent":0,"menu_order":0,"comment_status":"closed","ping_status":"closed","template":"","meta":[],"_links":{"self":[{"href":"https:\/\/xxl-strategie.fr\/index.php\/wp-json\/wp\/v2\/pages\/450"}],"collection":[{"href":"https:\/\/xxl-strategie.fr\/index.php\/wp-json\/wp\/v2\/pages"}],"about":[{"href":"https:\/\/xxl-strategie.fr\/index.php\/wp-json\/wp\/v2\/types\/page"}],"author":[{"embeddable":true,"href":"https:\/\/xxl-strategie.fr\/index.php\/wp-json\/wp\/v2\/users\/1"}],"replies":[{"embeddable":true,"href":"https:\/\/xxl-strategie.fr\/index.php\/wp-json\/wp\/v2\/comments?post=450"}],"version-history":[{"count":3,"href":"https:\/\/xxl-strategie.fr\/index.php\/wp-json\/wp\/v2\/pages\/450\/revisions"}],"predecessor-version":[{"id":517,"href":"https:\/\/xxl-strategie.fr\/index.php\/wp-json\/wp\/v2\/pages\/450\/revisions\/517"}],"wp:attachment":[{"href":"https:\/\/xxl-strategie.fr\/index.php\/wp-json\/wp\/v2\/media?parent=450"}],"curies":[{"name":"wp","href":"https:\/\/api.w.org\/{rel}","templated":true}]}}