{"id":447,"date":"2016-06-15T08:39:00","date_gmt":"2016-06-15T07:39:00","guid":{"rendered":"http:\/\/xxl-strategie.fr\/?page_id=447"},"modified":"2016-07-01T14:28:08","modified_gmt":"2016-07-01T13:28:08","slug":"mettre-en-place-une-demarche-qualite-dans-latelier","status":"publish","type":"page","link":"https:\/\/xxl-strategie.fr\/index.php\/mettre-en-place-une-demarche-qualite-dans-latelier\/","title":{"rendered":"Mettre en place une d\u00e9marche Qualit\u00e9 dans l&rsquo;atelier"},"content":{"rendered":"<p><strong>OBJECTIF DE LA FORMATION:<\/strong><\/p>\n<p>S&rsquo;appuyer sur l&rsquo;am\u00e9lioration continue appliqu\u00e9e lors de la d\u00e9marche 5S pour aller plus loin et r\u00e9pondre aux exigences des clients.<\/p>\n<hr \/>\n<p><strong>PROGRAMME DE FORMATION:<\/strong><\/p>\n<p>Comprendre les enjeux de la qualit\u00e9<br \/>\nAborder les notions fondamentales \u00e0 partie du PDCA<br \/>\nIdentifier les exigences principales<br \/>\nD\u00e9finir le champ d&rsquo;application et \u00e9laborer une politique qualit\u00e9<br \/>\nAppr\u00e9hender les exigences concernant l&rsquo;approche l&rsquo;approche documentaire et l&rsquo;approche risques<br \/>\nMettre en place l&rsquo;am\u00e9lioration continue<br \/>\nMettre en place les outils de communication de la qualit\u00e9 pour instaurer une m\u00e9moire des dispositions, maintenir, voire d\u00e9velopper la performance<\/p>\n<hr \/>\n<p><strong>Dur\u00e9e<\/strong><br \/>\n5 jours<\/p>\n<p><a href=\"http:\/\/xxl-strategie.fr\/index.php\/lequipe\/formulaire-de-contact\/\">Demande de renseignements<\/a><\/p>\n","protected":false},"excerpt":{"rendered":"<p>OBJECTIF DE LA FORMATION: S&rsquo;appuyer sur l&rsquo;am\u00e9lioration continue appliqu\u00e9e lors de la d\u00e9marche 5S pour aller plus loin et r\u00e9pondre aux exigences des clients. PROGRAMME DE FORMATION: Comprendre les enjeux de la qualit\u00e9 Aborder les notions fondamentales \u00e0 partie du PDCA Identifier les exigences principales D\u00e9finir le champ d&rsquo;application et \u00e9laborer une politique qualit\u00e9 Appr\u00e9hender [&hellip;]<\/p>\n","protected":false},"author":1,"featured_media":0,"parent":0,"menu_order":0,"comment_status":"closed","ping_status":"closed","template":"","meta":[],"_links":{"self":[{"href":"https:\/\/xxl-strategie.fr\/index.php\/wp-json\/wp\/v2\/pages\/447"}],"collection":[{"href":"https:\/\/xxl-strategie.fr\/index.php\/wp-json\/wp\/v2\/pages"}],"about":[{"href":"https:\/\/xxl-strategie.fr\/index.php\/wp-json\/wp\/v2\/types\/page"}],"author":[{"embeddable":true,"href":"https:\/\/xxl-strategie.fr\/index.php\/wp-json\/wp\/v2\/users\/1"}],"replies":[{"embeddable":true,"href":"https:\/\/xxl-strategie.fr\/index.php\/wp-json\/wp\/v2\/comments?post=447"}],"version-history":[{"count":2,"href":"https:\/\/xxl-strategie.fr\/index.php\/wp-json\/wp\/v2\/pages\/447\/revisions"}],"predecessor-version":[{"id":526,"href":"https:\/\/xxl-strategie.fr\/index.php\/wp-json\/wp\/v2\/pages\/447\/revisions\/526"}],"wp:attachment":[{"href":"https:\/\/xxl-strategie.fr\/index.php\/wp-json\/wp\/v2\/media?parent=447"}],"curies":[{"name":"wp","href":"https:\/\/api.w.org\/{rel}","templated":true}]}}