{"id":433,"date":"2016-06-14T15:12:16","date_gmt":"2016-06-14T14:12:16","guid":{"rendered":"http:\/\/xxl-strategie.fr\/?page_id=433"},"modified":"2016-07-01T14:15:01","modified_gmt":"2016-07-01T13:15:01","slug":"responsable-qualite","status":"publish","type":"page","link":"https:\/\/xxl-strategie.fr\/index.php\/responsable-qualite\/","title":{"rendered":"Responsable Qualit\u00e9"},"content":{"rendered":"<p><strong>OBJECTIFS DE LA FORMATION:<\/strong><\/p>\n<p>Conna\u00eetre les \u00e9tapes de la d\u00e9marche Qualit\u00e9 pour piloter un projet jusqu&rsquo;\u00e0 la certification<br \/>\nInterpr\u00e9ter le contenu et les exigences de la norme 9001:2015<br \/>\nD\u00e9finir les actions et moyens \u00e0 mettre ne oeuvre pour construire un syst\u00e8me de Management de la Qualit\u00e9<br \/>\nAppr\u00e9hender la posture et les attitudes de Responsable Qualit\u00e9 pour faire adh\u00e9rer<\/p>\n<hr \/>\n<p><strong>PROGRAMME DE FORMATION<\/strong><\/p>\n<p><strong>1- Comprendre les concepts de base de la d\u00e9marche qualit\u00e9<\/strong><br \/>\nAborder les enjeux de la qualit\u00e9<br \/>\nPr\u00e9senter globalement les r\u00e9f\u00e9rentiels et les r\u00e9glementations associ\u00e9es \u00e0 la d\u00e9marche qualit\u00e9<br \/>\nAborder les notions fondamentales: les concepts g\u00e9n\u00e9raux, les principes de management de la qualit\u00e9<br \/>\nDisposer d&rsquo;une vision pragmatique de la norme ISO9001:2015<br \/>\n<em>-Connaitre la structure de la norme<\/em><br \/>\n<em> -Lire, interpr\u00e9ter la norme<\/em><br \/>\n<em> -Identifier les exigences principales de la norme<\/em><br \/>\nConna\u00eetre les \u00e9tapes d&rsquo;un projet de certification<\/p>\n<p><strong>2- Construire le projet de mise en place d&rsquo;un syst\u00e8me de management de la qualit\u00e9<\/strong><br \/>\nD\u00e9finir le champ d&rsquo;application du syst\u00e8me de management de la qualit\u00e9<br \/>\nIdentifier les parties int\u00e9ress\u00e9es<br \/>\nElaborer la politique qualit\u00e9 (objectifs, exigences)<br \/>\nComprendre \u00e9mettre en oeuvre l&rsquo;approche processus (identifier, cartographier, d\u00e9crire)<br \/>\nPlanifier le syst\u00e8me de management de la qualit\u00e9 (acteurs, pilotage, documentation, ressources)<br \/>\nAppr\u00e9hender les exigences concernant l&rsquo;approche documentaire<br \/>\nAppr\u00e9hender les exigences concernant l&rsquo;approche risque<br \/>\nSurveiller et mesurer la performance du syst\u00e8me er des processus<br \/>\nMettre en place l&rsquo;am\u00e9lioration continue<br \/>\nRevoir<br \/>\nS&rsquo;engager dans un d\u00e9marche d&rsquo;int\u00e9gration Qualit\u00e9 Environnement<br \/>\nComprendre l&rsquo;importance de la communication<\/p>\n<p><strong>3- Les attitudes du responsable qualit\u00e9 pour r\u00e9ussir et faire adh\u00e9rer<\/strong><br \/>\nSavoir convaincre de l&rsquo;utilit\u00e9 humaine, organisationnelle et \u00e9conomique de la d\u00e9marche qualit\u00e9<br \/>\nSe positionner comme une ressource au service des \u00e9quipes et des personnes<br \/>\nD\u00e9velopper son leadership<br \/>\nS&rsquo;appuyer sur les conditions de r\u00e9ussite du changement<br \/>\nAnimer le changement<\/p>\n<hr \/>\n<p><strong>Pr\u00e9-requis<\/strong><br \/>\nCette formation ne n\u00e9cessite pas de pr\u00e9-requis<\/p>\n<p><strong>Public<\/strong><br \/>\nToute personne en charge d&rsquo;une d\u00e9marche qualit\u00e9 ou d&rsquo;un projet de certification<\/p>\n<p><strong>Dur\u00e9e<\/strong><br \/>\n3 jours<\/p>\n<p><a href=\"http:\/\/xxl-strategie.fr\/index.php\/lequipe\/formulaire-de-contact\/\">Demande de renseignements<\/a><\/p>\n","protected":false},"excerpt":{"rendered":"<p>OBJECTIFS DE LA FORMATION: Conna\u00eetre les \u00e9tapes de la d\u00e9marche Qualit\u00e9 pour piloter un projet jusqu&rsquo;\u00e0 la certification Interpr\u00e9ter le contenu et les exigences de la norme 9001:2015 D\u00e9finir les actions et moyens \u00e0 mettre ne oeuvre pour construire un syst\u00e8me de Management de la Qualit\u00e9 Appr\u00e9hender la posture et les attitudes de Responsable Qualit\u00e9 [&hellip;]<\/p>\n","protected":false},"author":1,"featured_media":0,"parent":0,"menu_order":0,"comment_status":"closed","ping_status":"closed","template":"","meta":[],"_links":{"self":[{"href":"https:\/\/xxl-strategie.fr\/index.php\/wp-json\/wp\/v2\/pages\/433"}],"collection":[{"href":"https:\/\/xxl-strategie.fr\/index.php\/wp-json\/wp\/v2\/pages"}],"about":[{"href":"https:\/\/xxl-strategie.fr\/index.php\/wp-json\/wp\/v2\/types\/page"}],"author":[{"embeddable":true,"href":"https:\/\/xxl-strategie.fr\/index.php\/wp-json\/wp\/v2\/users\/1"}],"replies":[{"embeddable":true,"href":"https:\/\/xxl-strategie.fr\/index.php\/wp-json\/wp\/v2\/comments?post=433"}],"version-history":[{"count":2,"href":"https:\/\/xxl-strategie.fr\/index.php\/wp-json\/wp\/v2\/pages\/433\/revisions"}],"predecessor-version":[{"id":515,"href":"https:\/\/xxl-strategie.fr\/index.php\/wp-json\/wp\/v2\/pages\/433\/revisions\/515"}],"wp:attachment":[{"href":"https:\/\/xxl-strategie.fr\/index.php\/wp-json\/wp\/v2\/media?parent=433"}],"curies":[{"name":"wp","href":"https:\/\/api.w.org\/{rel}","templated":true}]}}