{"id":425,"date":"2016-06-14T13:34:15","date_gmt":"2016-06-14T12:34:15","guid":{"rendered":"http:\/\/xxl-strategie.fr\/?page_id=425"},"modified":"2016-07-01T13:51:16","modified_gmt":"2016-07-01T12:51:16","slug":"construire-et-animer-un-reseau-dentreprises","status":"publish","type":"page","link":"https:\/\/xxl-strategie.fr\/index.php\/construire-et-animer-un-reseau-dentreprises\/","title":{"rendered":"Construire et animer un r\u00e9seau d&rsquo;entreprises"},"content":{"rendered":"<p><strong>OBJECTIFS DE LA FORMATION:<\/strong><\/p>\n<p>D\u00e9finir des objectifs r\u00e9alisables et une strat\u00e9gie<br \/>\nAdapter l&rsquo;animation \u00e0 la maturit\u00e9 du r\u00e9seau<br \/>\nCr\u00e9er un lien et ma\u00eetriser l&rsquo;information<br \/>\nCoordonner, communiquer et organiser les contributions<\/p>\n<hr \/>\n<p><strong>PROGRAMME DE FORMATION:<\/strong><\/p>\n<p><strong>1- D\u00e9finir et caract\u00e9riser le r\u00e9seau<\/strong><br \/>\nD\u00e9terminer les objectifs et une strat\u00e9gie<br \/>\nQuel mod\u00e8le \u00e9conomique?<br \/>\nQuel mod\u00e8le juridique<\/p>\n<p><strong>2- Animer le collectif et favoriser les collaborations<\/strong><br \/>\nCr\u00e9er et entretenir le lien<br \/>\nFavoriser l&rsquo;implication et la co-construction<br \/>\nCommuniquer dans le r\u00e9seau<\/p>\n<p><strong>3- Identifier et satisfaire les besoins du r\u00e9seau<\/strong><br \/>\nConstruire et animer des ateliers collectifs<br \/>\nOffrir du service<\/p>\n<p><strong>4- Promouvoir son r\u00e9seau<\/strong><br \/>\nCommuniquer pour l\u00e9gitimer le r\u00e9seau<br \/>\nPromouvoir les comp\u00e9tences du r\u00e9seau<br \/>\nCr\u00e9er des passerelles avec d&rsquo;autres r\u00e9seaux<\/p>\n<hr \/>\n<p><strong>Pr\u00e9-Requis<\/strong><br \/>\nCette formation ne n\u00e9cessite pas de pr\u00e9-requis<\/p>\n<p><strong>Public<\/strong><br \/>\nToutes personnes d\u00e9sirant cr\u00e9er ou participer \u00e0 un r\u00e9seau d&rsquo;entreprises<\/p>\n<p><strong>Dur\u00e9e<\/strong><br \/>\n3 jours<\/p>\n<p><a href=\"http:\/\/xxl-strategie.fr\/index.php\/lequipe\/formulaire-de-contact\/\">Demande de renseignements<\/a><\/p>\n","protected":false},"excerpt":{"rendered":"<p>OBJECTIFS DE LA FORMATION: D\u00e9finir des objectifs r\u00e9alisables et une strat\u00e9gie Adapter l&rsquo;animation \u00e0 la maturit\u00e9 du r\u00e9seau Cr\u00e9er un lien et ma\u00eetriser l&rsquo;information Coordonner, communiquer et organiser les contributions PROGRAMME DE FORMATION: 1- D\u00e9finir et caract\u00e9riser le r\u00e9seau D\u00e9terminer les objectifs et une strat\u00e9gie Quel mod\u00e8le \u00e9conomique? Quel mod\u00e8le juridique 2- Animer le collectif [&hellip;]<\/p>\n","protected":false},"author":1,"featured_media":0,"parent":0,"menu_order":0,"comment_status":"closed","ping_status":"closed","template":"","meta":[],"_links":{"self":[{"href":"https:\/\/xxl-strategie.fr\/index.php\/wp-json\/wp\/v2\/pages\/425"}],"collection":[{"href":"https:\/\/xxl-strategie.fr\/index.php\/wp-json\/wp\/v2\/pages"}],"about":[{"href":"https:\/\/xxl-strategie.fr\/index.php\/wp-json\/wp\/v2\/types\/page"}],"author":[{"embeddable":true,"href":"https:\/\/xxl-strategie.fr\/index.php\/wp-json\/wp\/v2\/users\/1"}],"replies":[{"embeddable":true,"href":"https:\/\/xxl-strategie.fr\/index.php\/wp-json\/wp\/v2\/comments?post=425"}],"version-history":[{"count":5,"href":"https:\/\/xxl-strategie.fr\/index.php\/wp-json\/wp\/v2\/pages\/425\/revisions"}],"predecessor-version":[{"id":506,"href":"https:\/\/xxl-strategie.fr\/index.php\/wp-json\/wp\/v2\/pages\/425\/revisions\/506"}],"wp:attachment":[{"href":"https:\/\/xxl-strategie.fr\/index.php\/wp-json\/wp\/v2\/media?parent=425"}],"curies":[{"name":"wp","href":"https:\/\/api.w.org\/{rel}","templated":true}]}}