{"id":422,"date":"2016-06-14T11:01:38","date_gmt":"2016-06-14T10:01:38","guid":{"rendered":"http:\/\/xxl-strategie.fr\/?page_id=422"},"modified":"2016-07-01T14:01:38","modified_gmt":"2016-07-01T13:01:38","slug":"gerer-et-administrer-une-tpepme-ou-association","status":"publish","type":"page","link":"https:\/\/xxl-strategie.fr\/index.php\/gerer-et-administrer-une-tpepme-ou-association\/","title":{"rendered":"G\u00e9rer et administrer une TPE\/PME ou Association"},"content":{"rendered":"<p><strong>OBJECTIFS DE LA FORMATION<\/strong><\/p>\n<p>D\u00e9finir ses objectifs et construire une strat\u00e9gie sur les long, moyen et court termes<br \/>\nMettre en place des indicateurs efficaces et leurs tableaux de bord correspondants<br \/>\nCo-piloter l&rsquo;activit\u00e9 en impliquant les \u00e9quipes dans le partage des outils et tableaux de bord de gestion de leur activit\u00e9\/services<\/p>\n<hr \/>\n<p><strong>Programme de formation:<\/strong><\/p>\n<p><strong>1- Formaliser la strat\u00e9gie sur le long terme<\/strong><br \/>\nDiagnostiquer la situation de l&rsquo;entreprise\/Association sur son march\u00e9<br \/>\nMettre en place des sc\u00e9narios prospectifs en \u00e9quipe<br \/>\nM\u00e9thodologie de formalisation du projet collectif et individuel pour chacun<\/p>\n<p><strong>2- Cr\u00e9er un plan d&rsquo;actions sur le court\/moyen terme<\/strong><br \/>\nLes plans d&rsquo;actions commercial, marketing et RH<\/p>\n<p><strong>3- Mettre en place les politiques et outils de gestion appropri\u00e9s<\/strong><br \/>\nS\u00e9lectionner et mettre en place les indicateurs de mesure<br \/>\nConstruire les tableaux de bord partag\u00e9s (commercial, production, RH, qualit\u00e9&#8230;)<\/p>\n<p><strong>4- Piloter l&rsquo;activit\u00e9 sur 3 niveaux: Commercial, Financier, Ressources Humaines<\/strong><br \/>\nMettre en place un d\u00e9marche d&rsquo;am\u00e9lioration continue: PDCA (Plan, Do, Check, Act)<br \/>\nDynamiser les \u00e9quipes par le suivi des indicateurs de gestion de l&rsquo;entreprise\/Association au quotidien et lors des rendez-vous manag\u00e9riaux<br \/>\nMettre en place un syst\u00e8me de veille pour anticiper les \u00e9volutions du march\u00e9 et favoriser la remont\u00e9e et le partage d&rsquo;informations<\/p>\n<hr \/>\n<p><strong>Pr\u00e9-requis<\/strong><br \/>\nCette formation ne n\u00e9cessite pas de pr\u00e9-requis<\/p>\n<p><strong>Public<\/strong><br \/>\nToute personne d\u00e9sirant mettre en place ou participer \u00e0 un mode projet en entreprise ou association<\/p>\n<p><strong>Dur\u00e9e<\/strong><br \/>\n3 jours<\/p>\n<p><a href=\"http:\/\/xxl-strategie.fr\/index.php\/lequipe\/formulaire-de-contact\/\">Demande de renseignements<\/a><\/p>\n","protected":false},"excerpt":{"rendered":"<p>OBJECTIFS DE LA FORMATION D\u00e9finir ses objectifs et construire une strat\u00e9gie sur les long, moyen et court termes Mettre en place des indicateurs efficaces et leurs tableaux de bord correspondants Co-piloter l&rsquo;activit\u00e9 en impliquant les \u00e9quipes dans le partage des outils et tableaux de bord de gestion de leur activit\u00e9\/services Programme de formation: 1- Formaliser [&hellip;]<\/p>\n","protected":false},"author":1,"featured_media":0,"parent":0,"menu_order":0,"comment_status":"closed","ping_status":"closed","template":"","meta":[],"_links":{"self":[{"href":"https:\/\/xxl-strategie.fr\/index.php\/wp-json\/wp\/v2\/pages\/422"}],"collection":[{"href":"https:\/\/xxl-strategie.fr\/index.php\/wp-json\/wp\/v2\/pages"}],"about":[{"href":"https:\/\/xxl-strategie.fr\/index.php\/wp-json\/wp\/v2\/types\/page"}],"author":[{"embeddable":true,"href":"https:\/\/xxl-strategie.fr\/index.php\/wp-json\/wp\/v2\/users\/1"}],"replies":[{"embeddable":true,"href":"https:\/\/xxl-strategie.fr\/index.php\/wp-json\/wp\/v2\/comments?post=422"}],"version-history":[{"count":4,"href":"https:\/\/xxl-strategie.fr\/index.php\/wp-json\/wp\/v2\/pages\/422\/revisions"}],"predecessor-version":[{"id":507,"href":"https:\/\/xxl-strategie.fr\/index.php\/wp-json\/wp\/v2\/pages\/422\/revisions\/507"}],"wp:attachment":[{"href":"https:\/\/xxl-strategie.fr\/index.php\/wp-json\/wp\/v2\/media?parent=422"}],"curies":[{"name":"wp","href":"https:\/\/api.w.org\/{rel}","templated":true}]}}