{"id":417,"date":"2016-06-14T10:40:37","date_gmt":"2016-06-14T09:40:37","guid":{"rendered":"http:\/\/xxl-strategie.fr\/?page_id=417"},"modified":"2016-07-01T14:12:17","modified_gmt":"2016-07-01T13:12:17","slug":"conseil-assistance-et-gestion-des-appels-telephoniques","status":"publish","type":"page","link":"https:\/\/xxl-strategie.fr\/index.php\/conseil-assistance-et-gestion-des-appels-telephoniques\/","title":{"rendered":"Conseil, assistance et gestion des appels t\u00e9l\u00e9phoniques"},"content":{"rendered":"<p><strong>OBJECTIFS DE LA FORMATION<\/strong><\/p>\n<p>D\u00e9velopper une posture de gestionnaire emphatique au t\u00e9l\u00e9phone pour d\u00e9samorcer les situations de blocage et garantir la satisfaction de l&rsquo;adh\u00e9rant,<br \/>\nS&rsquo;approprier les techniques de communication efficaces dans la gestion des appels difficiles dans des situations complexes li\u00e9es \u00e0 la pr\u00e9voyance ou la sant\u00e9<br \/>\nPrendre du recul face au m\u00e9contentement des adh\u00e9rents pour mieux les traiter et rechercher ensemble les solutions,<br \/>\nD\u00e9velopper son agilit\u00e9 pour g\u00e9rer les appels difficiles et faire preuve de plus d&rsquo;efficacit\u00e9 relationnelle.<\/p>\n<hr \/>\n<p><strong>Programme de la formation:<\/strong><\/p>\n<p><strong>1- La relation client par t\u00e9l\u00e9phone<\/strong><br \/>\nSavoir \u00eatre et savoir faire<br \/>\nLes sp\u00e9cificit\u00e9s de la communication et du traitement de la demande par t\u00e9l\u00e9phone<br \/>\nComprendre ce qu&rsquo;est un appel difficile et pourquoi il est important d&rsquo;y faire face<\/p>\n<p><strong>2- G\u00e9rer efficacement les appels difficiles dans des situations complexes li\u00e9es \u00e0 la pr\u00e9voyance ou a sant\u00e9<\/strong><br \/>\nIdentifier les causes d&rsquo;insatisfaction<br \/>\nFaire face \u00e0 l&rsquo;agressivit\u00e9<br \/>\nComprendre l&rsquo;\u00e9tat d&rsquo;esprit et les attentes de celui qui r\u00e9clame<br \/>\nTrouver le ton juste et rester ma\u00eetre de l&rsquo;appel<br \/>\nFaire baisser la tension et s&rsquo;accorder sur la suite<\/p>\n<p><strong>3- La place des \u00e9motions dans la gestion des appels difficiles<\/strong><br \/>\nL&rsquo;impact des \u00e9motion sur l&rsquo;efficacit\u00e9 relationnelle<br \/>\nRep\u00e9rer les signaux annonciateurs en d\u00e9terminant le profil de l&rsquo;interlocuteur<br \/>\nComprendre ce qui se joue \u00e9motionnellement pour l&rsquo;autre<br \/>\nRep\u00e9rer ses propres comportements \u00ab\u00a0refuges\u00a0\u00bb<br \/>\nPrendre du recul et adopter une approche humaine<br \/>\nD\u00e9velopper sa confiance en soi et son assertivit\u00e9<\/p>\n<p><strong>4- Faire d&rsquo;une r\u00e9clamation une opportunit\u00e9 pour fid\u00e9liser l&rsquo;adh\u00e9rant<\/strong><br \/>\nQuestionnement pour explorer la demande et appr\u00e9hender la recherche de solutions<br \/>\nSavoir attacher de l&rsquo;attention au probl\u00e8me &#8211; Adopter une posture d&rsquo;assistance, de conseil et d&rsquo;accompagnement<br \/>\nPersonnaliser la solution<\/p>\n<p><strong>5- Savoir clore un appel difficile et contribuer \u00e0 la qualit\u00e9 du service<\/strong><br \/>\nTechniques de reformulation et Feed Back<br \/>\nPrendre cong\u00e9 de son adh\u00e9rent<br \/>\nTraiter et suivre le dossier<br \/>\nAlerter d&rsquo;un dysfonctionnement et informer son manager<br \/>\nSe ressourcer rapidement apr\u00e8s un appel difficile<\/p>\n<hr \/>\n<p><strong>Pr\u00e9-requis<\/strong><br \/>\nCette formation ne n\u00e9cessite pas de pr\u00e9-requis<\/p>\n<p><strong>Public<\/strong><br \/>\nToute personne \u00e9tant en contact avec le client par t\u00e9l\u00e9phone<\/p>\n<p><strong>Dur\u00e9e<\/strong><br \/>\n2 jours<\/p>\n<p><a href=\"http:\/\/xxl-strategie.fr\/index.php\/lequipe\/formulaire-de-contact\/\">Demande de renseignements<\/a><\/p>\n","protected":false},"excerpt":{"rendered":"<p>OBJECTIFS DE LA FORMATION D\u00e9velopper une posture de gestionnaire emphatique au t\u00e9l\u00e9phone pour d\u00e9samorcer les situations de blocage et garantir la satisfaction de l&rsquo;adh\u00e9rant, S&rsquo;approprier les techniques de communication efficaces dans la gestion des appels difficiles dans des situations complexes li\u00e9es \u00e0 la pr\u00e9voyance ou la sant\u00e9 Prendre du recul face au m\u00e9contentement des adh\u00e9rents [&hellip;]<\/p>\n","protected":false},"author":1,"featured_media":0,"parent":0,"menu_order":0,"comment_status":"closed","ping_status":"closed","template":"","meta":[],"_links":{"self":[{"href":"https:\/\/xxl-strategie.fr\/index.php\/wp-json\/wp\/v2\/pages\/417"}],"collection":[{"href":"https:\/\/xxl-strategie.fr\/index.php\/wp-json\/wp\/v2\/pages"}],"about":[{"href":"https:\/\/xxl-strategie.fr\/index.php\/wp-json\/wp\/v2\/types\/page"}],"author":[{"embeddable":true,"href":"https:\/\/xxl-strategie.fr\/index.php\/wp-json\/wp\/v2\/users\/1"}],"replies":[{"embeddable":true,"href":"https:\/\/xxl-strategie.fr\/index.php\/wp-json\/wp\/v2\/comments?post=417"}],"version-history":[{"count":5,"href":"https:\/\/xxl-strategie.fr\/index.php\/wp-json\/wp\/v2\/pages\/417\/revisions"}],"predecessor-version":[{"id":513,"href":"https:\/\/xxl-strategie.fr\/index.php\/wp-json\/wp\/v2\/pages\/417\/revisions\/513"}],"wp:attachment":[{"href":"https:\/\/xxl-strategie.fr\/index.php\/wp-json\/wp\/v2\/media?parent=417"}],"curies":[{"name":"wp","href":"https:\/\/api.w.org\/{rel}","templated":true}]}}