{"id":412,"date":"2016-06-14T10:06:15","date_gmt":"2016-06-14T09:06:15","guid":{"rendered":"http:\/\/xxl-strategie.fr\/?page_id=412"},"modified":"2016-07-07T10:58:56","modified_gmt":"2016-07-07T09:58:56","slug":"animer-motiver-et-developper-la-performance-individuelle-et-collective-de-son-equipe","status":"publish","type":"page","link":"https:\/\/xxl-strategie.fr\/index.php\/animer-motiver-et-developper-la-performance-individuelle-et-collective-de-son-equipe\/","title":{"rendered":"Animer, motiver et d\u00e9velopper la performance individuelle et collective de son \u00e9quipe"},"content":{"rendered":"<p><strong>OBJECTIF DE LA FORMATION<\/strong><\/p>\n<p>Rendre les participants capables d&rsquo;animer, motiver et d\u00e9velopper la performance individuelle de leur(s) \u00e9quipe(s).<\/p>\n<hr \/>\n<p><strong>Programme de la formation:<\/strong><\/p>\n<p><strong>Module 1: Ma\u00eetriser les m\u00e9canismes de la communication gr\u00e2ce \u00e0 l&rsquo;analyse transactionnelle<\/strong><br \/>\nComprendre qu&rsquo;une bonne communication implique un \u00e9change entre au oins 2 personnes &#8211;\u00a0L&rsquo;impact de sa propre communication sur l&rsquo;autre &#8211; M\u00e9canisme de la communication selon \u00c9ric Berne et les diff\u00e9rentes transactions existantes &#8211; communiquer pour favoriser le type de transaction attendue &#8211; G\u00e9rer les l\u00e9g\u00e8res difficult\u00e9s qui peuvent appara\u00eetre dans la communication interpersonnelle &#8211; Demander, refuser et donner des signes de reconnaissance -Identifier ses axes de progr\u00e8s<\/p>\n<p><strong>Module 2: Animer une \u00e9quipe pour atteindre des r\u00e9sultats<\/strong><br \/>\nL&rsquo;importance de la clart\u00e9 des objectifs &#8211; L&rsquo;importance du but partag\u00e9 &#8211; Comprendre qu&rsquo;un individu a besoin d&rsquo;un cadre dans lequel il trouve sa place gr\u00e2ce \u00e0 l&rsquo;identification se son r\u00f4le et de ses propres objectifs &#8211; Conditions de r\u00e9ussite \u00e0 mettre en place pour assurer le bon fonctionnement d&rsquo;un groupe &#8211; Identifier les \u00e9cueils \u00e0 \u00e9viter &#8211; L&rsquo;importance de f\u00e9d\u00e9rer le groupe gr\u00e2ce \u00e0 un responsable &#8211; Pilotage et communication de la performance<\/p>\n<p><strong>Module 3: Faire progresser les comp\u00e9tences de ses collaborateurs<\/strong><br \/>\nL&rsquo;entretien annuel d&rsquo;\u00e9valuation: objectifs, contenu et r\u00e9sultats attendus &#8211; S\u00e9parer les attentes de l&rsquo;entretien annuel d&rsquo;\u00e9valuation des intentions de l&rsquo;entretien professionnel<\/p>\n<p><strong>Module 4: Affirmer son leadership et communiquer efficacement<\/strong><br \/>\nLe r\u00f4le de leader &#8211; Identifier son style naturel de management et de communication &#8211; Les comportements li\u00e9s aux diff\u00e9rents styles dans sa relation \u00e0 la t\u00e2che et \u00e0 l&rsquo;autre &#8211; Tenir compte de l&rsquo;autonomie du collaborateur et savoir comment la mesurer &#8211; Adapter son style \u00e0 la situation et \u00e0 l&rsquo;autre &#8211; Les 4 leviers de l&rsquo;engagement<\/p>\n<hr \/>\n<p><strong>Pr\u00e9-requis<\/strong><br \/>\nAucun pr\u00e9-requis particulier<\/p>\n<p><strong>Public<\/strong><br \/>\nToute personne en charge de l&rsquo;animation d&rsquo;une \u00e9quipe<\/p>\n<p><strong>Dur\u00e9e<\/strong><br \/>\n3 jours<\/p>\n<p><a href=\"http:\/\/xxl-strategie.fr\/index.php\/lequipe\/formulaire-de-contact\/\">Demande de renseignements<\/a><\/p>\n","protected":false},"excerpt":{"rendered":"<p>OBJECTIF DE LA FORMATION Rendre les participants capables d&rsquo;animer, motiver et d\u00e9velopper la performance individuelle de leur(s) \u00e9quipe(s). Programme de la formation: Module 1: Ma\u00eetriser les m\u00e9canismes de la communication gr\u00e2ce \u00e0 l&rsquo;analyse transactionnelle Comprendre qu&rsquo;une bonne communication implique un \u00e9change entre au oins 2 personnes &#8211;\u00a0L&rsquo;impact de sa propre communication sur l&rsquo;autre &#8211; M\u00e9canisme [&hellip;]<\/p>\n","protected":false},"author":1,"featured_media":0,"parent":0,"menu_order":0,"comment_status":"closed","ping_status":"closed","template":"","meta":[],"_links":{"self":[{"href":"https:\/\/xxl-strategie.fr\/index.php\/wp-json\/wp\/v2\/pages\/412"}],"collection":[{"href":"https:\/\/xxl-strategie.fr\/index.php\/wp-json\/wp\/v2\/pages"}],"about":[{"href":"https:\/\/xxl-strategie.fr\/index.php\/wp-json\/wp\/v2\/types\/page"}],"author":[{"embeddable":true,"href":"https:\/\/xxl-strategie.fr\/index.php\/wp-json\/wp\/v2\/users\/1"}],"replies":[{"embeddable":true,"href":"https:\/\/xxl-strategie.fr\/index.php\/wp-json\/wp\/v2\/comments?post=412"}],"version-history":[{"count":7,"href":"https:\/\/xxl-strategie.fr\/index.php\/wp-json\/wp\/v2\/pages\/412\/revisions"}],"predecessor-version":[{"id":530,"href":"https:\/\/xxl-strategie.fr\/index.php\/wp-json\/wp\/v2\/pages\/412\/revisions\/530"}],"wp:attachment":[{"href":"https:\/\/xxl-strategie.fr\/index.php\/wp-json\/wp\/v2\/media?parent=412"}],"curies":[{"name":"wp","href":"https:\/\/api.w.org\/{rel}","templated":true}]}}