{"id":409,"date":"2016-06-14T09:10:07","date_gmt":"2016-06-14T08:10:07","guid":{"rendered":"http:\/\/xxl-strategie.fr\/?page_id=409"},"modified":"2016-07-01T14:23:23","modified_gmt":"2016-07-01T13:23:23","slug":"cohesion-et-performance","status":"publish","type":"page","link":"https:\/\/xxl-strategie.fr\/index.php\/formation\/management\/cohesion-et-performance\/","title":{"rendered":"Coh\u00e9sion et performance"},"content":{"rendered":"<p><strong>OBJECTIF DE LA FORMATION<\/strong><\/p>\n<p>Cr\u00e9er un esprit coh\u00e9sif et de pr\u00e9parer des \u00e9ch\u00e9ances importantes gr\u00e2ce \u00e0 un travail de mise en situation.<\/p>\n<hr \/>\n<p><strong>PROGRAMME DE FORMATION<\/strong><\/p>\n<p>La pyramide de la performance<br \/>\nLes 5 sommets, leur mise en oeuvre<br \/>\nMise en situation ludique (sport, jeux de constructions, jeux intellectuels&#8230;) pour percevoir l&rsquo;importance des composantes de la performance collective<br \/>\nDebriefing apr\u00e8s chaque \u00e9tape du jeu<\/p>\n<hr \/>\n<p><strong>Pr\u00e9-requis<\/strong><br \/>\nAucun<\/p>\n<p><strong>Dur\u00e9e<\/strong><br \/>\n2jours<\/p>\n<p><a href=\"http:\/\/xxl-strategie.fr\/index.php\/lequipe\/formulaire-de-contact\/\">Demande de renseignements<\/a><\/p>\n","protected":false},"excerpt":{"rendered":"<p>OBJECTIF DE LA FORMATION Cr\u00e9er un esprit coh\u00e9sif et de pr\u00e9parer des \u00e9ch\u00e9ances importantes gr\u00e2ce \u00e0 un travail de mise en situation. PROGRAMME DE FORMATION La pyramide de la performance Les 5 sommets, leur mise en oeuvre Mise en situation ludique (sport, jeux de constructions, jeux intellectuels&#8230;) pour percevoir l&rsquo;importance des composantes de la performance [&hellip;]<\/p>\n","protected":false},"author":1,"featured_media":0,"parent":382,"menu_order":0,"comment_status":"closed","ping_status":"closed","template":"","meta":[],"_links":{"self":[{"href":"https:\/\/xxl-strategie.fr\/index.php\/wp-json\/wp\/v2\/pages\/409"}],"collection":[{"href":"https:\/\/xxl-strategie.fr\/index.php\/wp-json\/wp\/v2\/pages"}],"about":[{"href":"https:\/\/xxl-strategie.fr\/index.php\/wp-json\/wp\/v2\/types\/page"}],"author":[{"embeddable":true,"href":"https:\/\/xxl-strategie.fr\/index.php\/wp-json\/wp\/v2\/users\/1"}],"replies":[{"embeddable":true,"href":"https:\/\/xxl-strategie.fr\/index.php\/wp-json\/wp\/v2\/comments?post=409"}],"version-history":[{"count":4,"href":"https:\/\/xxl-strategie.fr\/index.php\/wp-json\/wp\/v2\/pages\/409\/revisions"}],"predecessor-version":[{"id":523,"href":"https:\/\/xxl-strategie.fr\/index.php\/wp-json\/wp\/v2\/pages\/409\/revisions\/523"}],"up":[{"embeddable":true,"href":"https:\/\/xxl-strategie.fr\/index.php\/wp-json\/wp\/v2\/pages\/382"}],"wp:attachment":[{"href":"https:\/\/xxl-strategie.fr\/index.php\/wp-json\/wp\/v2\/media?parent=409"}],"curies":[{"name":"wp","href":"https:\/\/api.w.org\/{rel}","templated":true}]}}