{"id":406,"date":"2016-06-14T08:59:19","date_gmt":"2016-06-14T07:59:19","guid":{"rendered":"http:\/\/xxl-strategie.fr\/?page_id=406"},"modified":"2016-07-01T14:07:47","modified_gmt":"2016-07-01T13:07:47","slug":"mediation-et-gestion-de-crise","status":"publish","type":"page","link":"https:\/\/xxl-strategie.fr\/index.php\/formation\/368-2\/mediation-et-gestion-de-crise\/","title":{"rendered":"M\u00e9diation et gestion de crise"},"content":{"rendered":"<p><strong>OBJECTIF DE LA FORMATION<\/strong><\/p>\n<p>Anticiper et g\u00e9rer les crises, en mati\u00e8re de communication comme de recherche de solutions.<\/p>\n<hr \/>\n<p><strong>PROGRAMME DE FORMATION<\/strong><\/p>\n<p><strong>1- D\u00e9couverte<\/strong><br \/>\n<strong> 2- Approfondissement<\/strong><br \/>\n<strong> 3- Perfectionnement<\/strong><\/p>\n<p><strong>Contenu:<\/strong><br \/>\n-Origine<br \/>\n-Parties prenantes et enjeux cach\u00e9s<br \/>\n-Identification des ressources mobilisables<br \/>\n-Strat\u00e9gie de sortie et pr\u00e9vention des risques<br \/>\n-7 \u00e9tapes de la gestion de crise<br \/>\n-Mesures de pr\u00e9vention et d&rsquo;anticipation \u00e0 mettre en place<br \/>\n-Renforcement de r\u00e9seau de partenaires concern\u00e9s<br \/>\n-Communication adapt\u00e9e (interne et externe)<\/p>\n<hr \/>\n<p><strong>Pr\u00e9-requis<\/strong><br \/>\nGestion du temps et du stress<br \/>\nM\u00e9dia-training et communication externe<br \/>\nConduite de r\u00e9union<br \/>\nS&rsquo;exprimer en public pour s&rsquo;exprimer et convaincre<\/p>\n<p><strong>Dur\u00e9e<\/strong><br \/>\n2 jours par module<\/p>\n<p><a href=\"http:\/\/xxl-strategie.fr\/index.php\/lequipe\/formulaire-de-contact\/\">Demande de renseignements<\/a><\/p>\n","protected":false},"excerpt":{"rendered":"<p>OBJECTIF DE LA FORMATION Anticiper et g\u00e9rer les crises, en mati\u00e8re de communication comme de recherche de solutions. PROGRAMME DE FORMATION 1- D\u00e9couverte 2- Approfondissement 3- Perfectionnement Contenu: -Origine -Parties prenantes et enjeux cach\u00e9s -Identification des ressources mobilisables -Strat\u00e9gie de sortie et pr\u00e9vention des risques -7 \u00e9tapes de la gestion de crise -Mesures de pr\u00e9vention [&hellip;]<\/p>\n","protected":false},"author":1,"featured_media":0,"parent":368,"menu_order":0,"comment_status":"closed","ping_status":"closed","template":"","meta":[],"_links":{"self":[{"href":"https:\/\/xxl-strategie.fr\/index.php\/wp-json\/wp\/v2\/pages\/406"}],"collection":[{"href":"https:\/\/xxl-strategie.fr\/index.php\/wp-json\/wp\/v2\/pages"}],"about":[{"href":"https:\/\/xxl-strategie.fr\/index.php\/wp-json\/wp\/v2\/types\/page"}],"author":[{"embeddable":true,"href":"https:\/\/xxl-strategie.fr\/index.php\/wp-json\/wp\/v2\/users\/1"}],"replies":[{"embeddable":true,"href":"https:\/\/xxl-strategie.fr\/index.php\/wp-json\/wp\/v2\/comments?post=406"}],"version-history":[{"count":4,"href":"https:\/\/xxl-strategie.fr\/index.php\/wp-json\/wp\/v2\/pages\/406\/revisions"}],"predecessor-version":[{"id":510,"href":"https:\/\/xxl-strategie.fr\/index.php\/wp-json\/wp\/v2\/pages\/406\/revisions\/510"}],"up":[{"embeddable":true,"href":"https:\/\/xxl-strategie.fr\/index.php\/wp-json\/wp\/v2\/pages\/368"}],"wp:attachment":[{"href":"https:\/\/xxl-strategie.fr\/index.php\/wp-json\/wp\/v2\/media?parent=406"}],"curies":[{"name":"wp","href":"https:\/\/api.w.org\/{rel}","templated":true}]}}