{"id":377,"date":"2016-06-13T15:02:35","date_gmt":"2016-06-13T14:02:35","guid":{"rendered":"http:\/\/xxl-strategie.fr\/?page_id=377"},"modified":"2016-06-22T10:51:19","modified_gmt":"2016-06-22T09:51:19","slug":"ressources-humaine-et-gestion-des-risques","status":"publish","type":"page","link":"https:\/\/xxl-strategie.fr\/index.php\/formation\/ressources-humaine-et-gestion-des-risques\/","title":{"rendered":"Ressources Humaines et Gestion des Risques"},"content":{"rendered":"<p><a href=\"http:\/\/xxl-strategie.fr\/index.php\/responsable-qualite\/\">Responsable Qualit\u00e9<\/a><\/p>\n<p><a href=\"http:\/\/xxl-strategie.fr\/index.php\/formation\/ressources-humaine-et-gestion-des-risques\/evrp-evaluation-des-risques-professionnels\/\">EvRP &#8211; Evaluation des risques professionnels<\/a><\/p>\n<p><a href=\"http:\/\/xxl-strategie.fr\/index.php\/maitriser-les-points-fondamentaux-fondamentaux-du-droit-du-travail-en-matiere-de-sante-et-securite\/\">Ma\u00eetriser les points fondamentaux du droit du travail en mati\u00e8re de sant\u00e9 et s\u00e9curit\u00e9<\/a><\/p>\n<p><a href=\"http:\/\/xxl-strategie.fr\/index.php\/personne-designee-competente-en-sante-et-securite-au-travail-sst\/\">Personne d\u00e9sign\u00e9e comp\u00e9tente en Sant\u00e9 et S\u00e9curit\u00e9 au Travail (SST)<\/a><\/p>\n","protected":false},"excerpt":{"rendered":"<p>Responsable Qualit\u00e9 EvRP &#8211; Evaluation des risques professionnels Ma\u00eetriser les points fondamentaux du droit du travail en mati\u00e8re de sant\u00e9 et s\u00e9curit\u00e9 Personne d\u00e9sign\u00e9e comp\u00e9tente en Sant\u00e9 et S\u00e9curit\u00e9 au Travail (SST)<\/p>\n","protected":false},"author":1,"featured_media":0,"parent":9,"menu_order":0,"comment_status":"closed","ping_status":"closed","template":"","meta":[],"_links":{"self":[{"href":"https:\/\/xxl-strategie.fr\/index.php\/wp-json\/wp\/v2\/pages\/377"}],"collection":[{"href":"https:\/\/xxl-strategie.fr\/index.php\/wp-json\/wp\/v2\/pages"}],"about":[{"href":"https:\/\/xxl-strategie.fr\/index.php\/wp-json\/wp\/v2\/types\/page"}],"author":[{"embeddable":true,"href":"https:\/\/xxl-strategie.fr\/index.php\/wp-json\/wp\/v2\/users\/1"}],"replies":[{"embeddable":true,"href":"https:\/\/xxl-strategie.fr\/index.php\/wp-json\/wp\/v2\/comments?post=377"}],"version-history":[{"count":6,"href":"https:\/\/xxl-strategie.fr\/index.php\/wp-json\/wp\/v2\/pages\/377\/revisions"}],"predecessor-version":[{"id":498,"href":"https:\/\/xxl-strategie.fr\/index.php\/wp-json\/wp\/v2\/pages\/377\/revisions\/498"}],"up":[{"embeddable":true,"href":"https:\/\/xxl-strategie.fr\/index.php\/wp-json\/wp\/v2\/pages\/9"}],"wp:attachment":[{"href":"https:\/\/xxl-strategie.fr\/index.php\/wp-json\/wp\/v2\/media?parent=377"}],"curies":[{"name":"wp","href":"https:\/\/api.w.org\/{rel}","templated":true}]}}