{"id":374,"date":"2016-06-13T15:00:19","date_gmt":"2016-06-13T14:00:19","guid":{"rendered":"http:\/\/xxl-strategie.fr\/?page_id=374"},"modified":"2016-07-11T13:30:42","modified_gmt":"2016-07-11T12:30:42","slug":"developpement-commercial","status":"publish","type":"page","link":"https:\/\/xxl-strategie.fr\/index.php\/formation\/developpement-commercial\/","title":{"rendered":"Relation client"},"content":{"rendered":"<p><a href=\"http:\/\/xxl-strategie.fr\/index.php\/developper-son-efficacite-clientele-et-commerciale\/\">D\u00e9velopper son efficacit\u00e9 relationnelle et commerciale par t\u00e9l\u00e9phone<\/a><\/p>\n<p><a href=\"http:\/\/xxl-strategie.fr\/index.php\/prospection-et-techniques-de-commercialisation\/\">Prospection et techniques de commercialisation<\/a><\/p>\n<p><a href=\"http:\/\/xxl-strategie.fr\/index.php\/conseil-assistance-et-gestion-des-appels-telephoniques\/\">Conseil, assistance et gestion des appels t\u00e9l\u00e9phoniques<\/a><\/p>\n<p><a href=\"http:\/\/xxl-strategie.fr\/index.php\/gerer-les-clients-difficiles\/\">G\u00e9rer les clients difficiles<\/a><\/p>\n<p><a href=\"http:\/\/xxl-strategie.fr\/index.php\/gestion-de-conflits-attitudes-face-aux-risques-dagression\/\" target=\"_blank\">Gestion de conflits &#8211; Attitudes face aux risques d&rsquo;agression<\/a><\/p>\n","protected":false},"excerpt":{"rendered":"<p>D\u00e9velopper son efficacit\u00e9 relationnelle et commerciale par t\u00e9l\u00e9phone Prospection et techniques de commercialisation Conseil, assistance et gestion des appels t\u00e9l\u00e9phoniques G\u00e9rer les clients difficiles Gestion de conflits &#8211; Attitudes face aux risques d&rsquo;agression<\/p>\n","protected":false},"author":1,"featured_media":0,"parent":9,"menu_order":0,"comment_status":"closed","ping_status":"closed","template":"","meta":[],"_links":{"self":[{"href":"https:\/\/xxl-strategie.fr\/index.php\/wp-json\/wp\/v2\/pages\/374"}],"collection":[{"href":"https:\/\/xxl-strategie.fr\/index.php\/wp-json\/wp\/v2\/pages"}],"about":[{"href":"https:\/\/xxl-strategie.fr\/index.php\/wp-json\/wp\/v2\/types\/page"}],"author":[{"embeddable":true,"href":"https:\/\/xxl-strategie.fr\/index.php\/wp-json\/wp\/v2\/users\/1"}],"replies":[{"embeddable":true,"href":"https:\/\/xxl-strategie.fr\/index.php\/wp-json\/wp\/v2\/comments?post=374"}],"version-history":[{"count":5,"href":"https:\/\/xxl-strategie.fr\/index.php\/wp-json\/wp\/v2\/pages\/374\/revisions"}],"predecessor-version":[{"id":535,"href":"https:\/\/xxl-strategie.fr\/index.php\/wp-json\/wp\/v2\/pages\/374\/revisions\/535"}],"up":[{"embeddable":true,"href":"https:\/\/xxl-strategie.fr\/index.php\/wp-json\/wp\/v2\/pages\/9"}],"wp:attachment":[{"href":"https:\/\/xxl-strategie.fr\/index.php\/wp-json\/wp\/v2\/media?parent=374"}],"curies":[{"name":"wp","href":"https:\/\/api.w.org\/{rel}","templated":true}]}}