{"id":23,"date":"2016-02-15T15:18:26","date_gmt":"2016-02-15T14:18:26","guid":{"rendered":"http:\/\/xxl-strategie.fr\/?page_id=23"},"modified":"2024-04-24T13:48:59","modified_gmt":"2024-04-24T12:48:59","slug":"page-daccueil","status":"publish","type":"page","link":"https:\/\/xxl-strategie.fr\/","title":{"rendered":"Bienvenue"},"content":{"rendered":"<div id=\"pl-23\"  class=\"panel-layout\" ><div id=\"pg-23-0\"  class=\"panel-grid panel-no-style\" ><div id=\"pgc-23-0-0\"  class=\"panel-grid-cell\" ><div id=\"panel-23-0-0-0\" class=\"so-panel widget widget_circleicon-widget panel-first-child panel-last-child\" data-index=\"0\" >\t\t<div class=\"circle-icon-box circle-icon-position-top circle-icon-hide-box circle-icon-size-small \">\n\t\t\t\t\t\t\t<div class=\"circle-icon-wrapper\">\n\t\t\t\t\t\t\t\t\t\t<div class=\"circle-icon\" >\n\t\t\t\t\t\t\t\t\t\t\t\t\t<div\n\t\t\t\t\t\t\t\tclass=\"fa fa-search\"\n\t\t\t\t\t\t\t\t\t\t\t\t\t\t\t><\/div>\n\t\t\t\t\t\t\t\t\t\t\t<\/div>\n\t\t\t\t\t\t\t\t\t<\/div>\n\t\t\t\n\t\t\t\t\t\t\t\t\t\t<h4 >\n\t\t\t\t\tDiagnostic organisationnel\t\t\t\t<\/h4>\n\t\t\t\t\t\t\n\t\t\t\t\t\t\t<p class=\"text\" >\n\t\t\t\tLe diagnostic 360\u00b0 permet \u00e0 l'organisation, d'identifier ses atouts et ses faiblesses puis d'analyser les opportunit\u00e9s et les menaces de son environnement.\t\t\t<\/p>\n\t\t\t\t\t\t\t\t\t\t<a\n\t\t\t\t\thref=\"http:\/\/xxl-strategie.fr\/index.php\/diagnostic-strategique-360\/\"\n\t\t\t\t\tclass=\"more-button\"\n\t\t\t\t\t\t\t\t\t>\n\t\t\t\t\tLire la suite\t\t\t\t\t<i><\/i>\n\t\t\t\t<\/a>\n\t\t\t\t\t<\/div>\n\t\t<\/div><\/div><div id=\"pgc-23-0-1\"  class=\"panel-grid-cell\" ><div id=\"panel-23-0-1-0\" class=\"so-panel widget widget_circleicon-widget panel-first-child panel-last-child\" data-index=\"1\" >\t\t<div class=\"circle-icon-box circle-icon-position-top circle-icon-hide-box circle-icon-size-small \">\n\t\t\t\t\t\t\t<div class=\"circle-icon-wrapper\">\n\t\t\t\t\t\t\t\t\t\t<div class=\"circle-icon\" >\n\t\t\t\t\t\t\t\t\t\t\t\t\t<div\n\t\t\t\t\t\t\t\tclass=\"fa fa-key\"\n\t\t\t\t\t\t\t\t\t\t\t\t\t\t\t><\/div>\n\t\t\t\t\t\t\t\t\t\t\t<\/div>\n\t\t\t\t\t\t\t\t\t<\/div>\n\t\t\t\n\t\t\t\t\t\t\t\t\t\t<h4 >\n\t\t\t\t\tConseil &amp; accompagnement\t\t\t\t<\/h4>\n\t\t\t\t\t\t\n\t\t\t\t\t\t\t<p class=\"text\" >\n\t\t\t\tXXL accompagne le dirigeant et ses \u00e9quipes dans la strat\u00e9gie de d\u00e9veloppement de l\u2019entreprise.\t\t\t<\/p>\n\t\t\t\t\t\t\t\t\t\t<a\n\t\t\t\t\thref=\"http:\/\/xxl-strategie.fr\/index.php\/conseil-accompagnement\/\"\n\t\t\t\t\tclass=\"more-button\"\n\t\t\t\t\t\t\t\t\t>\n\t\t\t\t\tLire la suite\t\t\t\t\t<i><\/i>\n\t\t\t\t<\/a>\n\t\t\t\t\t<\/div>\n\t\t<\/div><\/div><div id=\"pgc-23-0-2\"  class=\"panel-grid-cell\" ><div id=\"panel-23-0-2-0\" class=\"so-panel widget widget_circleicon-widget panel-first-child panel-last-child\" data-index=\"2\" >\t\t<div class=\"circle-icon-box circle-icon-position-top circle-icon-hide-box circle-icon-size-small \">\n\t\t\t\t\t\t\t<div class=\"circle-icon-wrapper\">\n\t\t\t\t\t\t\t\t\t\t<div class=\"circle-icon\" >\n\t\t\t\t\t\t\t\t\t\t\t\t\t<div\n\t\t\t\t\t\t\t\tclass=\"fa fa-group\"\n\t\t\t\t\t\t\t\t\t\t\t\t\t\t\t><\/div>\n\t\t\t\t\t\t\t\t\t\t\t<\/div>\n\t\t\t\t\t\t\t\t\t<\/div>\n\t\t\t\n\t\t\t\t\t\t\t\t\t\t<h4 >\n\t\t\t\t\tS\u00e9minaires, coh\u00e9sion, team-building\t\t\t\t<\/h4>\n\t\t\t\t\t\t\n\t\t\t\t\t\t\t<p class=\"text\" >\n\t\t\t\tPour un s\u00e9minaire r\u00e9ussi, commencez par d\u00e9finir les objectifs attendus : formalisation ou partage du projet d'entreprise avec les \u00e9quipes ou simple coh\u00e9sion ?\t\t\t<\/p>\n\t\t\t\t\t\t\t\t\t\t<a\n\t\t\t\t\thref=\"http:\/\/xxl-strategie.fr\/index.php\/event\/\"\n\t\t\t\t\tclass=\"more-button\"\n\t\t\t\t\t\t\t\t\t>\n\t\t\t\t\tLire la suite\t\t\t\t\t<i><\/i>\n\t\t\t\t<\/a>\n\t\t\t\t\t<\/div>\n\t\t<\/div><\/div><\/div><div id=\"pg-23-1\"  class=\"panel-grid panel-no-style\" ><div id=\"pgc-23-1-0\"  class=\"panel-grid-cell\" ><div id=\"panel-23-1-0-0\" class=\"so-panel widget widget_circleicon-widget panel-first-child panel-last-child\" data-index=\"3\" >\t\t<div class=\"circle-icon-box circle-icon-position-top circle-icon-hide-box circle-icon-size-small \">\n\t\t\t\t\t\t\t<div class=\"circle-icon-wrapper\">\n\t\t\t\t\t\t\t\t\t\t<div class=\"circle-icon\" >\n\t\t\t\t\t\t\t\t\t\t\t\t\t<div\n\t\t\t\t\t\t\t\tclass=\"fa fa-refresh\"\n\t\t\t\t\t\t\t\t\t\t\t\t\t\t\t><\/div>\n\t\t\t\t\t\t\t\t\t\t\t<\/div>\n\t\t\t\t\t\t\t\t\t<\/div>\n\t\t\t\n\t\t\t\t\t\t\t\t\t\t<h4 >\n\t\t\t\t\tConduite du changement\t\t\t\t<\/h4>\n\t\t\t\t\t\t\n\t\t\t\t\t\t\t<p class=\"text\" >\n\t\t\t\tLe processus de d\u00e9ploiement d\u2019une strat\u00e9gie d\u2019entreprise se caract\u00e9rise par un changement dans la continuit\u00e9 qui se traduit dans les gestes quotidiens de chacun.\t\t\t<\/p>\n\t\t\t\t\t\t\t\t\t\t<a\n\t\t\t\t\thref=\"http:\/\/xxl-strategie.fr\/index.php\/conseil-accompagnement\/changement-et-performance\/\"\n\t\t\t\t\tclass=\"more-button\"\n\t\t\t\t\t\t\t\t\t>\n\t\t\t\t\tLire la suite\t\t\t\t\t<i><\/i>\n\t\t\t\t<\/a>\n\t\t\t\t\t<\/div>\n\t\t<\/div><\/div><div id=\"pgc-23-1-1\"  class=\"panel-grid-cell\" ><div id=\"panel-23-1-1-0\" class=\"so-panel widget widget_circleicon-widget panel-first-child panel-last-child\" data-index=\"4\" >\t\t<div class=\"circle-icon-box circle-icon-position-top circle-icon-hide-box circle-icon-size-small \">\n\t\t\t\t\t\t\t<div class=\"circle-icon-wrapper\">\n\t\t\t\t\t\t\t\t\t\t<div class=\"circle-icon\" >\n\t\t\t\t\t\t\t\t\t\t\t\t\t<div\n\t\t\t\t\t\t\t\tclass=\"fa fa-book\"\n\t\t\t\t\t\t\t\t\t\t\t\t\t\t\t><\/div>\n\t\t\t\t\t\t\t\t\t\t\t<\/div>\n\t\t\t\t\t\t\t\t\t<\/div>\n\t\t\t\n\t\t\t\t\t\t\t\t\t\t<h4 >\n\t\t\t\t\tProjet d'entreprise &amp; strat\u00e9gie\t\t\t\t<\/h4>\n\t\t\t\t\t\t\n\t\t\t\t\t\t\t<p class=\"text\" >\n\t\t\t\tLe projet d\u2019entreprise conditionne l\u2019\u00e9volution de l\u2019entreprise, fa\u00e7onne son ambition, d\u00e9finit les d\u00e9fis \u00e0 relever, et motive ainsi les collaborateurs en donnant du sens \u00e0 leur effort.\t\t\t<\/p>\n\t\t\t\t\t\t\t\t\t\t<a\n\t\t\t\t\thref=\"http:\/\/xxl-strategie.fr\/index.php\/conseil-accompagnement\/projet-dentreprise\/\"\n\t\t\t\t\tclass=\"more-button\"\n\t\t\t\t\t\t\t\t\t>\n\t\t\t\t\tLire la suite\t\t\t\t\t<i><\/i>\n\t\t\t\t<\/a>\n\t\t\t\t\t<\/div>\n\t\t<\/div><\/div><div id=\"pgc-23-1-2\"  class=\"panel-grid-cell\" ><div id=\"panel-23-1-2-0\" class=\"so-panel widget widget_circleicon-widget panel-first-child panel-last-child\" data-index=\"5\" >\t\t<div class=\"circle-icon-box circle-icon-position-top circle-icon-hide-box circle-icon-size-small \">\n\t\t\t\t\t\t\t<div class=\"circle-icon-wrapper\">\n\t\t\t\t\t\t\t\t\t\t<div class=\"circle-icon\" >\n\t\t\t\t\t\t\t\t\t\t\t\t\t<div\n\t\t\t\t\t\t\t\tclass=\"fa fa-fighter-jet\"\n\t\t\t\t\t\t\t\t\t\t\t\t\t\t\t><\/div>\n\t\t\t\t\t\t\t\t\t\t\t<\/div>\n\t\t\t\t\t\t\t\t\t<\/div>\n\t\t\t\n\t\t\t\t\t\t\t\t\t\t<h4 >\n\t\t\t\t\tManagement de la performance\t\t\t\t<\/h4>\n\t\t\t\t\t\t\n\t\t\t\t\t\t\t<p class=\"text\" >\n\t\t\t\tL\u2019entreprise est un organisme vivant qui doit structurer son organisation et ses processus pour garantir l\u2019efficacit\u00e9 et d\u00e9velopper la performance.\t\t\t<\/p>\n\t\t\t\t\t\t\t\t\t\t<a\n\t\t\t\t\thref=\"http:\/\/xxl-strategie.fr\/index.php\/conseil-accompagnement\/management-de-la-performance\/\"\n\t\t\t\t\tclass=\"more-button\"\n\t\t\t\t\t\t\t\t\t>\n\t\t\t\t\tLire la suite\t\t\t\t\t<i><\/i>\n\t\t\t\t<\/a>\n\t\t\t\t\t<\/div>\n\t\t<\/div><\/div><\/div><div id=\"pg-23-2\"  class=\"panel-grid panel-no-style\" ><div id=\"pgc-23-2-0\"  class=\"panel-grid-cell\" ><div id=\"panel-23-2-0-0\" class=\"so-panel widget widget_text panel-first-child panel-last-child\" data-index=\"6\" ><h3 class=\"widget-title\">Structurer la croissance des entreprises, s\u00e9curiser les m\u00e9thodes et process, transmettre les savoir-faire.<\/h3>\t\t\t<div class=\"textwidget\"><p><img decoding=\"async\" loading=\"lazy\" class=\"alignleft wp-image-1589\" src=\"https:\/\/xxl-strategie.fr\/wp-content\/uploads\/2021\/11\/Equipe_XXL_Hauts_de_France.jpg\" alt=\"\" width=\"405\" height=\"287\" srcset=\"https:\/\/xxl-strategie.fr\/wp-content\/uploads\/2021\/11\/Equipe_XXL_Hauts_de_France.jpg 1200w, https:\/\/xxl-strategie.fr\/wp-content\/uploads\/2021\/11\/Equipe_XXL_Hauts_de_France-300x213.jpg 300w, https:\/\/xxl-strategie.fr\/wp-content\/uploads\/2021\/11\/Equipe_XXL_Hauts_de_France-1024x726.jpg 1024w, https:\/\/xxl-strategie.fr\/wp-content\/uploads\/2021\/11\/Equipe_XXL_Hauts_de_France-768x545.jpg 768w\" sizes=\"(max-width: 405px) 100vw, 405px\" \/><strong>Cr\u00e9\u00e9 en 2005, XXL est un cabinet de conseil en strat\u00e9gie et organisation des entreprises<br \/>\ndont la vocation est de les faire grandir et de les accompagner dans leur d\u00e9veloppement.<\/strong><\/p>\n<p>Nous accompagnons les dirigeants et les managers dans le d\u00e9veloppement des entreprises en structurant leur organisation.<\/p>\n<p>Nos expertises : Le management de projet, la conduite du changement, le pilotage et la gestion.<\/p>\n<p>Au-del\u00e0 de l&rsquo;accompagnement des dirigeants et de leurs \u00e9quipes, nous sommes capables de mettre en place des diagnostics organisationnels, des s\u00e9minaires de coh\u00e9sion et des formations en management. Nous intervenons en Picardie, Hauts-de-France et Normandie mais aussi dans les autres r\u00e9gions pour notre activit\u00e9 s\u00e9minaires et formations.<\/p>\n<p><a href=\"https:\/\/xxl-strategie.fr\/index.php\/une-equipe-multi-competences\/\">D\u00e9couvrez notre \u00e9quipe multi-comp\u00e9tences.<\/a><\/p>\n<\/div>\n\t\t<\/div><\/div><\/div><\/div>","protected":false},"excerpt":{"rendered":"<p>Diagnostic organisationnel Le diagnostic 360\u00b0 permet \u00e0 l&rsquo;organisation, d&rsquo;identifier ses atouts et ses faiblesses puis d&rsquo;analyser les opportunit\u00e9s et les menaces de son environnement. Lire la suite Conseil &amp; accompagnement XXL accompagne le dirigeant et ses \u00e9quipes dans la strat\u00e9gie de d\u00e9veloppement de l\u2019entreprise. Lire la suite S\u00e9minaires, coh\u00e9sion, team-building Pour un s\u00e9minaire r\u00e9ussi, commencez [&hellip;]<\/p>\n","protected":false},"author":1,"featured_media":0,"parent":0,"menu_order":0,"comment_status":"closed","ping_status":"closed","template":"home-panels.php","meta":[],"_links":{"self":[{"href":"https:\/\/xxl-strategie.fr\/index.php\/wp-json\/wp\/v2\/pages\/23"}],"collection":[{"href":"https:\/\/xxl-strategie.fr\/index.php\/wp-json\/wp\/v2\/pages"}],"about":[{"href":"https:\/\/xxl-strategie.fr\/index.php\/wp-json\/wp\/v2\/types\/page"}],"author":[{"embeddable":true,"href":"https:\/\/xxl-strategie.fr\/index.php\/wp-json\/wp\/v2\/users\/1"}],"replies":[{"embeddable":true,"href":"https:\/\/xxl-strategie.fr\/index.php\/wp-json\/wp\/v2\/comments?post=23"}],"version-history":[{"count":65,"href":"https:\/\/xxl-strategie.fr\/index.php\/wp-json\/wp\/v2\/pages\/23\/revisions"}],"predecessor-version":[{"id":1747,"href":"https:\/\/xxl-strategie.fr\/index.php\/wp-json\/wp\/v2\/pages\/23\/revisions\/1747"}],"wp:attachment":[{"href":"https:\/\/xxl-strategie.fr\/index.php\/wp-json\/wp\/v2\/media?parent=23"}],"curies":[{"name":"wp","href":"https:\/\/api.w.org\/{rel}","templated":true}]}}