{"id":2,"date":"2016-02-15T11:30:28","date_gmt":"2016-02-15T10:30:28","guid":{"rendered":"http:\/\/xxl-strategie.fr\/?page_id=2"},"modified":"2023-02-06T19:06:12","modified_gmt":"2023-02-06T18:06:12","slug":"conseil-accompagnement","status":"publish","type":"page","link":"https:\/\/xxl-strategie.fr\/index.php\/conseil-accompagnement\/","title":{"rendered":"Conseil"},"content":{"rendered":"<p>Comment faire grandir votre entreprise ?<br \/>\n&#8211; <a href=\"http:\/\/xxl-strategie.fr\/index.php\/conseil-accompagnement\/creez-de-la-valeur\/\">Cr\u00e9ez de la valeur<\/a><br \/>\n&#8211; <a href=\"http:\/\/xxl-strategie.fr\/index.php\/conseil-accompagnement\/cultivez-la-volonte-de-reussir\/\">Cultivez la volont\u00e9 de r\u00e9ussir<\/a><br \/>\n&#8211; <a href=\"http:\/\/xxl-strategie.fr\/index.php\/conseil-accompagnement\/projet-dentreprise\/\">Formalisez le projet d&rsquo;entreprise<\/a><br \/>\n&#8211; <a href=\"http:\/\/xxl-strategie.fr\/index.php\/conseil-accompagnement\/performance-commerciale\/\">Le commercial au coeur de l&rsquo;entreprise<\/a><br \/>\n&#8211; <a href=\"http:\/\/xxl-strategie.fr\/index.php\/conseil-accompagnement\/management-de-la-performance\/\">Managez la performance<\/a><br \/>\n&#8211; <a href=\"http:\/\/xxl-strategie.fr\/index.php\/conseil-accompagnement\/changement-et-performance\/\">Pilotez le changement<\/a><\/p>\n<p>XXL accompagne le dirigeant et ses \u00e9quipes dans la strat\u00e9gie de d\u00e9veloppement de l&rsquo;entreprise.<\/p>\n<p><strong> &gt; Accompagnement des dirigeants dans la strat\u00e9gie et le pilotage.<\/strong><br \/>\nAnalyse des tableaux de bord, du pilotage et arbitrages cons\u00e9quents\u00a0(tr\u00e9sorerie, fournisseurs, RH).<\/p>\n<p>&gt; Gouvernance<br \/>\n&gt; Tableaux de bord, indicateurs de gestion et pilotage<br \/>\n&gt; Diagnostic financier<br \/>\n&gt; Plan de tr\u00e9sorerie<br \/>\n&gt; Audit organisationnel<br \/>\n&gt; Diagnostic GPEC<\/p>\n<p><strong>&gt; Accompagnement des hommes cl\u00e9 et \u00e9quipes\u00a0<\/strong><br \/>\nMise en place d\u2019une d\u00e9marche d\u2019am\u00e9lioration continue (PDCA \u2013 Plan Do Check Act).<br \/>\nDynamiser les \u00e9quipes par le suivi des indicateurs de gestion de l\u2019entreprise.<br \/>\nMettre en place un syst\u00e8me de veille pour anticiper les \u00e9volutions du march\u00e9.<\/p>\n","protected":false},"excerpt":{"rendered":"<p>Comment faire grandir votre entreprise ? &#8211; Cr\u00e9ez de la valeur &#8211; Cultivez la volont\u00e9 de r\u00e9ussir &#8211; Formalisez le projet d&rsquo;entreprise &#8211; Le commercial au coeur de l&rsquo;entreprise &#8211; Managez la performance &#8211; Pilotez le changement XXL accompagne le dirigeant et ses \u00e9quipes dans la strat\u00e9gie de d\u00e9veloppement de l&rsquo;entreprise. &gt; Accompagnement des dirigeants [&hellip;]<\/p>\n","protected":false},"author":1,"featured_media":0,"parent":0,"menu_order":0,"comment_status":"closed","ping_status":"open","template":"","meta":[],"_links":{"self":[{"href":"https:\/\/xxl-strategie.fr\/index.php\/wp-json\/wp\/v2\/pages\/2"}],"collection":[{"href":"https:\/\/xxl-strategie.fr\/index.php\/wp-json\/wp\/v2\/pages"}],"about":[{"href":"https:\/\/xxl-strategie.fr\/index.php\/wp-json\/wp\/v2\/types\/page"}],"author":[{"embeddable":true,"href":"https:\/\/xxl-strategie.fr\/index.php\/wp-json\/wp\/v2\/users\/1"}],"replies":[{"embeddable":true,"href":"https:\/\/xxl-strategie.fr\/index.php\/wp-json\/wp\/v2\/comments?post=2"}],"version-history":[{"count":8,"href":"https:\/\/xxl-strategie.fr\/index.php\/wp-json\/wp\/v2\/pages\/2\/revisions"}],"predecessor-version":[{"id":1680,"href":"https:\/\/xxl-strategie.fr\/index.php\/wp-json\/wp\/v2\/pages\/2\/revisions\/1680"}],"wp:attachment":[{"href":"https:\/\/xxl-strategie.fr\/index.php\/wp-json\/wp\/v2\/media?parent=2"}],"curies":[{"name":"wp","href":"https:\/\/api.w.org\/{rel}","templated":true}]}}