{"id":1701,"date":"2023-05-30T14:54:00","date_gmt":"2023-05-30T13:54:00","guid":{"rendered":"https:\/\/xxl-strategie.fr\/?page_id=1701"},"modified":"2023-05-30T15:12:32","modified_gmt":"2023-05-30T14:12:32","slug":"atelier-fresque-du-climat","status":"publish","type":"page","link":"https:\/\/xxl-strategie.fr\/index.php\/atelier-fresque-du-climat\/","title":{"rendered":"Atelier : La fresque du climat"},"content":{"rendered":"\n<figure class=\"wp-block-gallery has-nested-images columns-default is-cropped wp-block-gallery-1 is-layout-flex\">\n<figure class=\"wp-block-image size-large\"><img decoding=\"async\" loading=\"lazy\" width=\"800\" height=\"486\" data-id=\"1715\"  src=\"https:\/\/xxl-strategie.fr\/wp-content\/uploads\/2023\/05\/Capture-decran-2023-05-30-a-15.51.16-1.png\" alt=\"\" class=\"wp-image-1715\" srcset=\"https:\/\/xxl-strategie.fr\/wp-content\/uploads\/2023\/05\/Capture-decran-2023-05-30-a-15.51.16-1.png 800w, https:\/\/xxl-strategie.fr\/wp-content\/uploads\/2023\/05\/Capture-decran-2023-05-30-a-15.51.16-1-300x182.png 300w, https:\/\/xxl-strategie.fr\/wp-content\/uploads\/2023\/05\/Capture-decran-2023-05-30-a-15.51.16-1-768x467.png 768w\" sizes=\"(max-width: 800px) 100vw, 800px\" \/><\/figure>\n\n\n\n<figure class=\"wp-block-image size-large\"><img decoding=\"async\" loading=\"lazy\" width=\"806\" height=\"623\" data-id=\"1716\"  src=\"https:\/\/xxl-strategie.fr\/wp-content\/uploads\/2023\/05\/Capture-decran-2023-05-30-a-15.52.24-1.png\" alt=\"\" class=\"wp-image-1716\" srcset=\"https:\/\/xxl-strategie.fr\/wp-content\/uploads\/2023\/05\/Capture-decran-2023-05-30-a-15.52.24-1.png 806w, https:\/\/xxl-strategie.fr\/wp-content\/uploads\/2023\/05\/Capture-decran-2023-05-30-a-15.52.24-1-300x232.png 300w, https:\/\/xxl-strategie.fr\/wp-content\/uploads\/2023\/05\/Capture-decran-2023-05-30-a-15.52.24-1-768x594.png 768w\" sizes=\"(max-width: 806px) 100vw, 806px\" \/><\/figure>\n<\/figure>\n\n\n<div id=\"pl-gb1701-69e5e78e96057\"  class=\"panel-layout\" ><div id=\"pg-gb1701-69e5e78e96057-0\"  class=\"panel-grid panel-no-style\"  data-style=\"{&quot;background_image_attachment&quot;:false,&quot;background_display&quot;:&quot;tile&quot;,&quot;full_height&quot;:&quot;&quot;,&quot;cell_alignment&quot;:&quot;flex-start&quot;}\" ><div id=\"pgc-gb1701-69e5e78e96057-0-0\"  class=\"panel-grid-cell\"  data-weight=\"1\" ><div id=\"panel-gb1701-69e5e78e96057-0-0-0\" class=\"so-panel widget widget_block panel-first-child\" data-index=\"0\" data-style=\"{&quot;background_image_attachment&quot;:false,&quot;background_display&quot;:&quot;tile&quot;}\" >Objectifs\u00a0: Compr\u00e9hension des causes et cons\u00e9quences et le caract\u00e8re syst\u00e9mique du r\u00e9chauffement climatique.\n\u2028Temps\u00a0: 3 heures. \u2028Groupe :  5 \u00e0 10 personnes<\/div><div id=\"panel-gb1701-69e5e78e96057-0-0-1\" class=\"so-panel widget widget_block panel-last-child\" data-index=\"1\" data-style=\"{&quot;background_image_attachment&quot;:false,&quot;background_display&quot;:&quot;tile&quot;}\" >L&rsquo;atelier Fresque du Climat est une exp\u00e9rience participative et ludique qui permet de mieux comprendre les enjeux du changement climatique. \u2028\u2028Cette fresque p\u00e9dagogique est con\u00e7ue pour sensibiliser les citoyens \u00e0 l&rsquo;urgence climatique, en leur faisant d\u00e9couvrir les diff\u00e9rents leviers d&rsquo;action pour limiter les \u00e9missions de gaz \u00e0 effet de serre et pr\u00e9server notre plan\u00e8te.\u2028\nL&rsquo;atelier est anim\u00e9 par un facilitateur form\u00e9, qui guide les participants tout au long de l&rsquo;activit\u00e9. Les participants sont r\u00e9partis en petits groupes et travaillent ensemble pour compl\u00e9ter la fresque, qui repr\u00e9sente l&rsquo;ensemble des m\u00e9canismes et impacts li\u00e9s au changement climatique. Les diff\u00e9rents \u00e9l\u00e9ments sont pr\u00e9sent\u00e9s de mani\u00e8re claire et concise, avec des informations scientifiques et des donn\u00e9es chiffr\u00e9es, permettant ainsi une compr\u00e9hension globale et approfondie des enjeux climatiques.\u2028\nAu cours de cet atelier, les participants sont encourag\u00e9s \u00e0 \u00e9changer, \u00e0 partager leurs id\u00e9es et \u00e0 d\u00e9battre des diff\u00e9rentes solutions envisageables pour lutter contre le changement climatique. Ils d\u00e9couvrent \u00e9galement les actions concr\u00e8tes qu&rsquo;ils peuvent mettre en place \u00e0 leur \u00e9chelle pour r\u00e9duire leur empreinte carbone et agir en faveur de l&rsquo;environnement.\u2028\nL&rsquo;atelier Fresque du Climat est une exp\u00e9rience enrichissante et engageante, qui permet de sensibiliser \u00e0 la question cruciale du changement climatique. \n\nGr\u00e2ce \u00e0 cette activit\u00e9, les participants acqui\u00e8rent des connaissances sur les causes et les cons\u00e9quences du r\u00e9chauffement climatique, et sont incit\u00e9s \u00e0 agir pour un monde plus durable et plus respectueux de la plan\u00e8te.<\/div><\/div><\/div><\/div>","protected":false},"excerpt":{"rendered":"","protected":false},"author":1,"featured_media":0,"parent":0,"menu_order":0,"comment_status":"closed","ping_status":"closed","template":"","meta":[],"_links":{"self":[{"href":"https:\/\/xxl-strategie.fr\/index.php\/wp-json\/wp\/v2\/pages\/1701"}],"collection":[{"href":"https:\/\/xxl-strategie.fr\/index.php\/wp-json\/wp\/v2\/pages"}],"about":[{"href":"https:\/\/xxl-strategie.fr\/index.php\/wp-json\/wp\/v2\/types\/page"}],"author":[{"embeddable":true,"href":"https:\/\/xxl-strategie.fr\/index.php\/wp-json\/wp\/v2\/users\/1"}],"replies":[{"embeddable":true,"href":"https:\/\/xxl-strategie.fr\/index.php\/wp-json\/wp\/v2\/comments?post=1701"}],"version-history":[{"count":7,"href":"https:\/\/xxl-strategie.fr\/index.php\/wp-json\/wp\/v2\/pages\/1701\/revisions"}],"predecessor-version":[{"id":1720,"href":"https:\/\/xxl-strategie.fr\/index.php\/wp-json\/wp\/v2\/pages\/1701\/revisions\/1720"}],"wp:attachment":[{"href":"https:\/\/xxl-strategie.fr\/index.php\/wp-json\/wp\/v2\/media?parent=1701"}],"curies":[{"name":"wp","href":"https:\/\/api.w.org\/{rel}","templated":true}]}}