{"id":161,"date":"2016-02-15T22:45:36","date_gmt":"2016-02-15T21:45:36","guid":{"rendered":"http:\/\/xxl-strategie.fr\/?page_id=161"},"modified":"2016-07-01T14:29:03","modified_gmt":"2016-07-01T13:29:03","slug":"lentretien-professionnel","status":"publish","type":"page","link":"https:\/\/xxl-strategie.fr\/index.php\/formation\/lentretien-professionnel\/","title":{"rendered":"R\u00e9ussir ses entretiens professionnels"},"content":{"rendered":"<p class=\"p1\"><strong><strong><img decoding=\"async\" loading=\"lazy\" class=\"size-full wp-image-162 alignleft\" src=\"http:\/\/xxl-strategie.fr\/wp-content\/uploads\/2016\/02\/sylvie_lenoir_xxl.jpg\" alt=\"sylvie_lenoir_xxl\" width=\"140\" height=\"140\" \/>XXL vous propose une formation qui vous permettra d\u2019appr\u00e9hender u<\/strong>ne m\u00e9thode et des outils simples, sp\u00e9cifiquement d\u00e9velopp\u00e9s pour faciliter la mise en \u0153uvre de ce dispositif pr\u00e9vu par l\u2019accord national interprofessionnel du 14 d\u00e9cembre 2013 et repris par la loi du 5 mars 2014.<\/strong><\/p>\n<p class=\"p1\">L\u2019action collective vise \u00e0 faire de l\u2019entretien professionnel, un outil cl\u00e9 de la gestion individualis\u00e9e des comp\u00e9tences offrant des opportunit\u00e9s partag\u00e9es par l\u2019employeur, les managers et les salari\u00e9s. Elle\u00a0permet \u00e0 la fois aux participants de s\u2019approprier les enjeux et de pr\u00e9parer la r\u00e9ussite des entretiens.<\/p>\n<p class=\"p1\">En place depuis le 5 mars 2014, il y a, en effet, une v\u00e9ritable urgence \u00e0 agir, puisque les entretiens des salari\u00e9s recrut\u00e9s avant le 7 mars 2014 sont \u00e0 r\u00e9aliser avant le 7 mars 2016.\u00a0 Sans compter que tout salari\u00e9, apr\u00e8s une certaine p\u00e9riode d\u2019absence ou de r\u00e9duction d\u2019activit\u00e9, doit en b\u00e9n\u00e9ficier.<\/p>\n<p class=\"p1\">Se pr\u00e9parer d\u00e8s maintenant, c\u2019est en finir avec les id\u00e9es re\u00e7ues et agir efficacement.<\/p>\n<p><strong>SYLVIE LENOIR<\/strong>\u00a0\/\u00a006 65 32 87 70<\/p>\n<p><a href=\"http:\/\/xxl-strategie.fr\/index.php\/lequipe\/formulaire-de-contact\/\">Demande de renseignements<\/a><\/p>\n","protected":false},"excerpt":{"rendered":"<p>XXL vous propose une formation qui vous permettra d\u2019appr\u00e9hender une m\u00e9thode et des outils simples, sp\u00e9cifiquement d\u00e9velopp\u00e9s pour faciliter la mise en \u0153uvre de ce dispositif pr\u00e9vu par l\u2019accord national interprofessionnel du 14 d\u00e9cembre 2013 et repris par la loi du 5 mars 2014. L\u2019action collective vise \u00e0 faire de l\u2019entretien professionnel, un outil cl\u00e9 [&hellip;]<\/p>\n","protected":false},"author":1,"featured_media":0,"parent":9,"menu_order":0,"comment_status":"closed","ping_status":"closed","template":"","meta":[],"_links":{"self":[{"href":"https:\/\/xxl-strategie.fr\/index.php\/wp-json\/wp\/v2\/pages\/161"}],"collection":[{"href":"https:\/\/xxl-strategie.fr\/index.php\/wp-json\/wp\/v2\/pages"}],"about":[{"href":"https:\/\/xxl-strategie.fr\/index.php\/wp-json\/wp\/v2\/types\/page"}],"author":[{"embeddable":true,"href":"https:\/\/xxl-strategie.fr\/index.php\/wp-json\/wp\/v2\/users\/1"}],"replies":[{"embeddable":true,"href":"https:\/\/xxl-strategie.fr\/index.php\/wp-json\/wp\/v2\/comments?post=161"}],"version-history":[{"count":3,"href":"https:\/\/xxl-strategie.fr\/index.php\/wp-json\/wp\/v2\/pages\/161\/revisions"}],"predecessor-version":[{"id":527,"href":"https:\/\/xxl-strategie.fr\/index.php\/wp-json\/wp\/v2\/pages\/161\/revisions\/527"}],"up":[{"embeddable":true,"href":"https:\/\/xxl-strategie.fr\/index.php\/wp-json\/wp\/v2\/pages\/9"}],"wp:attachment":[{"href":"https:\/\/xxl-strategie.fr\/index.php\/wp-json\/wp\/v2\/media?parent=161"}],"curies":[{"name":"wp","href":"https:\/\/api.w.org\/{rel}","templated":true}]}}