{"id":139,"date":"2016-02-15T22:17:41","date_gmt":"2016-02-15T21:17:41","guid":{"rendered":"http:\/\/xxl-strategie.fr\/?page_id=139"},"modified":"2025-04-02T10:16:14","modified_gmt":"2025-04-02T09:16:14","slug":"seminaire-lego-team-building","status":"publish","type":"page","link":"https:\/\/xxl-strategie.fr\/index.php\/formation\/seminaire-lego-team-building\/","title":{"rendered":"LEGO Serious play &#8211; Strat\u00e9gie en temps r\u00e9el"},"content":{"rendered":"<div id=\"pl-139\"  class=\"panel-layout\" ><div id=\"pg-139-0\"  class=\"panel-grid panel-no-style\" ><div id=\"pgc-139-0-0\"  class=\"panel-grid-cell\" ><div id=\"panel-139-0-0-0\" class=\"so-panel widget widget_sow-editor panel-first-child panel-last-child\" data-index=\"0\" ><div\n\t\t\t\n\t\t\tclass=\"so-widget-sow-editor so-widget-sow-editor-base\"\n\t\t\t\n\t\t>\n<div class=\"siteorigin-widget-tinymce textwidget\">\n\t<p><iframe width=\"720\" height=\"405\" src=\"https:\/\/www.youtube.com\/embed\/qWhJmrkIlaE?feature=oembed\" frameborder=\"0\" allow=\"autoplay; encrypted-media\" allowfullscreen><\/iframe><\/p>\n<p><iframe title=\"LEGO\u00ae serious play\u00ae by XXL\" width=\"720\" height=\"405\" src=\"https:\/\/www.youtube.com\/embed\/K_d_O26rPs4?feature=oembed\" frameborder=\"0\" allow=\"accelerometer; autoplay; clipboard-write; encrypted-media; gyroscope; picture-in-picture; web-share\" referrerpolicy=\"strict-origin-when-cross-origin\" allowfullscreen><\/iframe><\/p>\n<p><strong>LEGO SERIOUS PLAY est une m\u00e9thode d\u2019animation de r\u00e9union, s\u00e9minaire\u00a0ou team-building innovante, cr\u00e9ative, ludique qui permet \u00e0 chacun de s\u2019exprimer et de construire ses id\u00e9es avec des LEGO.\u00a0Le LEGO en entreprise lib\u00e8re l\u2019imagination et favorise la communication en cr\u00e9ant de la coh\u00e9sion au sein des l\u2019\u00e9quipes.\u00a0Avec 8 briques : 108.000 combinaisons possibles.<\/strong><\/p>\n<p>En construisant avec les mains vous lib\u00e9rez votre cr\u00e9ativit\u00e9.<br \/> 1) Vous imbriquez vos id\u00e9es en construisant votre mod\u00e8le r\u00e9alis\u00e9 \u00e0 partir de briques LEGO.<br \/> 2) Vous racontez et expliquez aux autres membres de l\u2019\u00e9quipe votre construction LEGO par le biais de la m\u00e9taphore.<br \/> 3) Le groupe \u00e9change, produit de la r\u00e9flexion et co-construit un nouveau mod\u00e8le LEGO traduisant sa vision partag\u00e9e.<\/p>\n<p><strong>Impliquer les \u00e9quipes :<\/strong><br \/> Chaque collaborateur s\u2019exprime avec ses propres mots<br \/> fait \u00e9merger des r\u00e9flexions de fond, individuelles et collectives.<\/p>\n<p><strong>Applications concr\u00e8tes en entreprise :<\/strong><br \/> - Elaborer et partager une strat\u00e9gie<br \/> - Imaginer de nouveaux produits ou services<br \/> - Repenser une organisation \/ optimiser sa performance<br \/>- D\u00e9couvrir ses coll\u00e8gues et g\u00e9n\u00e9rer de la coh\u00e9sion de groupe<\/p>\n<p>La m\u00e9thode permet \u00e0 l\u2019\u00e9quipe de se projeter et construire un avenir commun, c\u2019est \u00e0 dire de nouvelles strat\u00e9gies, ambitions,\u00a0ou tout simplement les bases de nouvelles relations au sein des \u00e9quipes.<\/p>\n<\/div>\n<\/div><\/div><\/div><\/div><div id=\"pg-139-1\"  class=\"panel-grid panel-no-style\" ><div id=\"pgc-139-1-0\"  class=\"panel-grid-cell\" ><div id=\"panel-139-1-0-0\" class=\"so-panel widget widget_circleicon-widget panel-first-child panel-last-child\" data-index=\"1\" >\t\t<div class=\"circle-icon-box circle-icon-position-top circle-icon-hide-box circle-icon-size-small \">\n\t\t\t\t\t\t\t<div class=\"circle-icon-wrapper\">\n\t\t\t\t\t\t\t\t\t\t<div class=\"circle-icon\" >\n\t\t\t\t\t\t\t\t\t\t\t\t\t<div\n\t\t\t\t\t\t\t\tclass=\"fa fa-gamepad\"\n\t\t\t\t\t\t\t\t\t\t\t\t\t\t\t><\/div>\n\t\t\t\t\t\t\t\t\t\t\t<\/div>\n\t\t\t\t\t\t\t\t\t<\/div>\n\t\t\t\n\t\t\t\t\t\t\t\t\t\t<h4 >\n\t\t\t\t\tLET\u2019S LEGO !\t\t\t\t<\/h4>\n\t\t\t\t\t\t\n\t\t\t\t\t\t\t<p class=\"text\" >\n\t\t\t\tANIMATION D\u00c9COUVERTE\t\t\t<\/p>\n\t\t\t\t\t\t\t\t<\/div>\n\t\t<\/div><\/div><div id=\"pgc-139-1-1\"  class=\"panel-grid-cell\" ><div id=\"panel-139-1-1-0\" class=\"so-panel widget widget_circleicon-widget panel-first-child panel-last-child\" data-index=\"2\" >\t\t<div class=\"circle-icon-box circle-icon-position-top circle-icon-hide-box circle-icon-size-small \">\n\t\t\t\t\t\t\t<div class=\"circle-icon-wrapper\">\n\t\t\t\t\t\t\t\t\t\t<div class=\"circle-icon\" >\n\t\t\t\t\t\t\t\t\t\t\t\t\t<div\n\t\t\t\t\t\t\t\tclass=\"fa fa-rocket\"\n\t\t\t\t\t\t\t\t\t\t\t\t\t\t\t><\/div>\n\t\t\t\t\t\t\t\t\t\t\t<\/div>\n\t\t\t\t\t\t\t\t\t<\/div>\n\t\t\t\n\t\t\t\t\t\t\t\t\t\t<h4 >\n\t\t\t\t\tLEGO CREATIVITY\t\t\t\t<\/h4>\n\t\t\t\t\t\t\n\t\t\t\t\t\t\t<p class=\"text\" >\n\t\t\t\tTEAM BUILDING CR\u00c9ATIF\t\t\t<\/p>\n\t\t\t\t\t\t\t\t<\/div>\n\t\t<\/div><\/div><div id=\"pgc-139-1-2\"  class=\"panel-grid-cell\" ><div id=\"panel-139-1-2-0\" class=\"so-panel widget widget_circleicon-widget panel-first-child panel-last-child\" data-index=\"3\" >\t\t<div class=\"circle-icon-box circle-icon-position-top circle-icon-hide-box circle-icon-size-small \">\n\t\t\t\t\t\t\t<div class=\"circle-icon-wrapper\">\n\t\t\t\t\t\t\t\t\t\t<div class=\"circle-icon\" >\n\t\t\t\t\t\t\t\t\t\t\t\t\t<div\n\t\t\t\t\t\t\t\tclass=\"fa fa-fighter-jet\"\n\t\t\t\t\t\t\t\t\t\t\t\t\t\t\t><\/div>\n\t\t\t\t\t\t\t\t\t\t\t<\/div>\n\t\t\t\t\t\t\t\t\t<\/div>\n\t\t\t\n\t\t\t\t\t\t\t\t\t\t<h4 >\n\t\t\t\t\tLEGO STRATEGY\t\t\t\t<\/h4>\n\t\t\t\t\t\t\n\t\t\t\t\t\t\t<p class=\"text\" >\n\t\t\t\tSEMINAIRE\t\t\t<\/p>\n\t\t\t\t\t\t\t\t<\/div>\n\t\t<\/div><\/div><\/div><div id=\"pg-139-2\"  class=\"panel-grid panel-no-style\" ><div id=\"pgc-139-2-0\"  class=\"panel-grid-cell\" ><div id=\"panel-139-2-0-0\" class=\"so-panel widget widget_sow-editor panel-first-child\" data-index=\"4\" ><div\n\t\t\t\n\t\t\tclass=\"so-widget-sow-editor so-widget-sow-editor-base\"\n\t\t\t\n\t\t><h3 class=\"widget-title\">LET\u2019S LEGO ! : ANIMATION D\u00c9COUVERTE<\/h3>\n<div class=\"siteorigin-widget-tinymce textwidget\">\n\t<p class=\"p1\"><strong><span class=\"s1\"><img decoding=\"async\" loading=\"lazy\" class=\"alignleft  wp-image-797\" src=\"http:\/\/xxl-strategie.fr\/wp-content\/uploads\/2018\/02\/DSC08384-300x300.jpg\" alt=\"\" width=\"192\" height=\"192\" srcset=\"https:\/\/xxl-strategie.fr\/wp-content\/uploads\/2018\/02\/DSC08384-300x300.jpg 300w, https:\/\/xxl-strategie.fr\/wp-content\/uploads\/2018\/02\/DSC08384-150x150.jpg 150w, https:\/\/xxl-strategie.fr\/wp-content\/uploads\/2018\/02\/DSC08384-768x768.jpg 768w, https:\/\/xxl-strategie.fr\/wp-content\/uploads\/2018\/02\/DSC08384-1024x1024.jpg 1024w, https:\/\/xxl-strategie.fr\/wp-content\/uploads\/2018\/02\/DSC08384.jpg 1815w\" sizes=\"(max-width: 192px) 100vw, 192px\" \/>1h30 d\u2019animation \u2013 de 10 \u00e0 400 participants.\u00a0<\/span><\/strong><span class=\"s1\">3, 2, 1\u2026 Let\u2019s LEGO !!! Impliquez vos collaborateurs dans un challenge ou chacun s\u2019exprime avec ses propres mots, faites \u00e9merger des r\u00e9flexions de fond individuelles et collectives.\u00a0<\/span><span class=\"s1\">Brisez la glace en faisant exp\u00e9rimenter \u00e0 vos \u00e9quipes le LEGO en entreprise. Une m\u00e9thode innovante, cr\u00e9ative, ludique qui permet \u00e0 chacun d\u2019exprimer et de construire ses id\u00e9es.\u00a0<\/span><span class=\"s1\">Le LEGO en entreprise lib\u00e8re l\u2019imagination et favorise la communication en cr\u00e9ant de la coh\u00e9sion au sein des \u00e9quipes.<\/span><\/p>\n<p class=\"p1\"><a href=\"http:\/\/xxl-strategie.fr\/index.php\/lequipe\/formulaire-de-contact\/\">Demande de renseignements<\/a><\/p>\n<\/div>\n<\/div><\/div><div id=\"panel-139-2-0-1\" class=\"so-panel widget widget_sow-editor\" data-index=\"5\" ><div\n\t\t\t\n\t\t\tclass=\"so-widget-sow-editor so-widget-sow-editor-base\"\n\t\t\t\n\t\t><h3 class=\"widget-title\">LEGO CREATIVITY : TEAM BUILDING CR\u00c9ATIF \/ COH\u00c9SION D\u2019EQUIPE<\/h3>\n<div class=\"siteorigin-widget-tinymce textwidget\">\n\t<p class=\"p1\"><strong><span class=\"s1\"><img decoding=\"async\" loading=\"lazy\" class=\"alignleft wp-image-796\" src=\"http:\/\/xxl-strategie.fr\/wp-content\/uploads\/2018\/02\/DSC08369-300x300.jpg\" alt=\"\" width=\"192\" height=\"192\" srcset=\"https:\/\/xxl-strategie.fr\/wp-content\/uploads\/2018\/02\/DSC08369-300x300.jpg 300w, https:\/\/xxl-strategie.fr\/wp-content\/uploads\/2018\/02\/DSC08369-150x150.jpg 150w, https:\/\/xxl-strategie.fr\/wp-content\/uploads\/2018\/02\/DSC08369-768x768.jpg 768w, https:\/\/xxl-strategie.fr\/wp-content\/uploads\/2018\/02\/DSC08369-1024x1024.jpg 1024w, https:\/\/xxl-strategie.fr\/wp-content\/uploads\/2018\/02\/DSC08369.jpg 1596w\" sizes=\"(max-width: 192px) 100vw, 192px\" \/>4h00 d'animation \u2013 A partir de 10 participants.\u00a0<\/span><\/strong><span class=\"s1\">LEGO Cr\u00e9ativity est une m\u00e9thode qui stimule la cr\u00e9ativit\u00e9 de vos r\u00e9unions, de la communication et de la r\u00e9solution de probl\u00e8mes. L'animateur conduit les participants \u00e0 des questionnements de plus en plus approfondis. <\/span><span class=\"s1\">Chaque participant construit son propre mod\u00e8le LEGO, \u00e0 partir des briques sp\u00e9cifiques, en r\u00e9ponse aux questions du facilitateur Lego Serious Play. <\/span><span class=\"s1\">Ces mod\u00e8les 3D sont le support d\u2019\u00e9changes du groupe, de partage de connaissances, de r\u00e9solution de probl\u00e8mes et de prise de d\u00e9cision tout en g\u00e9n\u00e9rant de la coh\u00e9sion.<\/span><\/p>\n<p class=\"p1\"><a href=\"http:\/\/xxl-strategie.fr\/index.php\/lequipe\/formulaire-de-contact\/\">Demande de renseignements<\/a><\/p>\n<\/div>\n<\/div><\/div><div id=\"panel-139-2-0-2\" class=\"so-panel widget widget_sow-editor panel-last-child\" data-index=\"6\" ><div\n\t\t\t\n\t\t\tclass=\"so-widget-sow-editor so-widget-sow-editor-base\"\n\t\t\t\n\t\t><h3 class=\"widget-title\">LEGO STRATEGY \/ SEMINAIRE STRATEGIE EN TEMPS R\u00c9EL<\/h3>\n<div class=\"siteorigin-widget-tinymce textwidget\">\n\t<p class=\"p1\"><strong><span class=\"s1\"><img decoding=\"async\" loading=\"lazy\" class=\"alignleft wp-image-795\" src=\"http:\/\/xxl-strategie.fr\/wp-content\/uploads\/2018\/02\/DSC08360-300x300.jpg\" alt=\"\" width=\"192\" height=\"192\" srcset=\"https:\/\/xxl-strategie.fr\/wp-content\/uploads\/2018\/02\/DSC08360-300x300.jpg 300w, https:\/\/xxl-strategie.fr\/wp-content\/uploads\/2018\/02\/DSC08360-150x150.jpg 150w, https:\/\/xxl-strategie.fr\/wp-content\/uploads\/2018\/02\/DSC08360-768x768.jpg 768w, https:\/\/xxl-strategie.fr\/wp-content\/uploads\/2018\/02\/DSC08360-1024x1024.jpg 1024w, https:\/\/xxl-strategie.fr\/wp-content\/uploads\/2018\/02\/DSC08360.jpg 1713w\" sizes=\"(max-width: 192px) 100vw, 192px\" \/>1 \u00e0 2 journ\u00e9es \u2013 5 \u00e0 10 participants.\u00a0<\/span><\/strong><span class=\"s1\">L\u2019entreprise en m\u00e9tamorphose a besoin de strat\u00e8ges visionnaires adaptifs, d\u2019innovateurs et de leaders confiants en l\u2019intelligence collective pour explorer et faire \u00e9merger des solutions nouvelles. <\/span><span class=\"s1\">Vivez la strat\u00e9gie de l'entreprise en temps r\u00e9el : Valeurs, &amp; identit\u00e9 collective, mission partag\u00e9e, innovation collaborative, management, process et flux. <\/span><span class=\"s1\">Partagez votre vision avec votre \u00e9quipe sur l\u2019entreprise, les tendances des march\u00e9s, l\u2019\u00e9volution des besoins, la place de la concurrence et projetez vous dans les diff\u00e9rents futurs possibles. <\/span><span class=\"s1\">Mobilisez les collaborateurs dans la construction et l\u2019animation d\u2019une entreprise mieux adapt\u00e9e aux exigences de performance et de comp\u00e9titivit\u00e9 du march\u00e9.<\/span><\/p>\n<p class=\"p1\"><a href=\"http:\/\/xxl-strategie.fr\/index.php\/lequipe\/formulaire-de-contact\/\">Demande de renseignements<\/a><\/p>\n<p class=\"p1\"><img decoding=\"async\" loading=\"lazy\" class=\"alignnone size-medium wp-image-569\" src=\"http:\/\/xxl-strategie.fr\/wp-content\/uploads\/2016\/02\/LSP_CertifiedFacilitator_Logo_RedBlack_Final_101416_Web-300x205.jpg\" alt=\"\" width=\"300\" height=\"205\" srcset=\"https:\/\/xxl-strategie.fr\/wp-content\/uploads\/2016\/02\/LSP_CertifiedFacilitator_Logo_RedBlack_Final_101416_Web-300x205.jpg 300w, https:\/\/xxl-strategie.fr\/wp-content\/uploads\/2016\/02\/LSP_CertifiedFacilitator_Logo_RedBlack_Final_101416_Web-768x525.jpg 768w, https:\/\/xxl-strategie.fr\/wp-content\/uploads\/2016\/02\/LSP_CertifiedFacilitator_Logo_RedBlack_Final_101416_Web.jpg 855w\" sizes=\"(max-width: 300px) 100vw, 300px\" \/><\/p>\n<\/div>\n<\/div><\/div><\/div><\/div><\/div>","protected":false},"excerpt":{"rendered":"<p>https:\/\/youtu.be\/K_d_O26rPs4LEGO SERIOUS PLAY est une m\u00e9thode d\u2019animation de r\u00e9union, s\u00e9minaire\u00a0ou team-building innovante, cr\u00e9ative, ludique qui permet \u00e0 chacun de s\u2019exprimer et de construire ses id\u00e9es avec des LEGO.\u00a0Le LEGO en entreprise lib\u00e8re l\u2019imagination et favorise la communication en cr\u00e9ant de la coh\u00e9sion au sein des l\u2019\u00e9quipes.\u00a0Avec 8 briques : 108.000 combinaisons possibles.En construisant avec les [&hellip;]<\/p>\n","protected":false},"author":1,"featured_media":0,"parent":9,"menu_order":0,"comment_status":"closed","ping_status":"closed","template":"","meta":[],"_links":{"self":[{"href":"https:\/\/xxl-strategie.fr\/index.php\/wp-json\/wp\/v2\/pages\/139"}],"collection":[{"href":"https:\/\/xxl-strategie.fr\/index.php\/wp-json\/wp\/v2\/pages"}],"about":[{"href":"https:\/\/xxl-strategie.fr\/index.php\/wp-json\/wp\/v2\/types\/page"}],"author":[{"embeddable":true,"href":"https:\/\/xxl-strategie.fr\/index.php\/wp-json\/wp\/v2\/users\/1"}],"replies":[{"embeddable":true,"href":"https:\/\/xxl-strategie.fr\/index.php\/wp-json\/wp\/v2\/comments?post=139"}],"version-history":[{"count":29,"href":"https:\/\/xxl-strategie.fr\/index.php\/wp-json\/wp\/v2\/pages\/139\/revisions"}],"predecessor-version":[{"id":1760,"href":"https:\/\/xxl-strategie.fr\/index.php\/wp-json\/wp\/v2\/pages\/139\/revisions\/1760"}],"up":[{"embeddable":true,"href":"https:\/\/xxl-strategie.fr\/index.php\/wp-json\/wp\/v2\/pages\/9"}],"wp:attachment":[{"href":"https:\/\/xxl-strategie.fr\/index.php\/wp-json\/wp\/v2\/media?parent=139"}],"curies":[{"name":"wp","href":"https:\/\/api.w.org\/{rel}","templated":true}]}}