{"id":129,"date":"2016-02-15T21:55:01","date_gmt":"2016-02-15T20:55:01","guid":{"rendered":"http:\/\/xxl-strategie.fr\/?page_id=129"},"modified":"2016-02-17T14:25:17","modified_gmt":"2016-02-17T13:25:17","slug":"cultivez-la-volonte-de-reussir","status":"publish","type":"page","link":"https:\/\/xxl-strategie.fr\/index.php\/conseil-accompagnement\/cultivez-la-volonte-de-reussir\/","title":{"rendered":"Cultivez la volont\u00e9 de r\u00e9ussir"},"content":{"rendered":"<p><img decoding=\"async\" loading=\"lazy\" class=\"size-medium wp-image-278 alignleft\" src=\"http:\/\/xxl-strategie.fr\/wp-content\/uploads\/2016\/02\/Vitesse-300x265.png\" alt=\"Vitesse\" width=\"300\" height=\"265\" srcset=\"https:\/\/xxl-strategie.fr\/wp-content\/uploads\/2016\/02\/Vitesse-300x265.png 300w, https:\/\/xxl-strategie.fr\/wp-content\/uploads\/2016\/02\/Vitesse.png 376w\" sizes=\"(max-width: 300px) 100vw, 300px\" \/>Cultivez la volont\u00e9 de r\u00e9ussir\u00a0: Evaluez le management actuel et ses cons\u00e9quences sur la motivation individuelle et collective. R\u00e9aliser un audit ressources humaines, c&rsquo;est tout d&rsquo;abord \u00e9valuer le niveau d&rsquo;adh\u00e9sion des collaborateurs aux objectifs et strat\u00e9gies de l\u2019entreprise. Pour atteindre cet objectif, la compr\u00e9hension rationnelle ne suffit pas, elle n\u00e9cessite avant tout une implication \u00e9motionnelle de chacun.<\/p>\n<p>La performance ne se construit pas dans l\u2019obsession de vaincre, mais dans la passion constante \u00e0 faire son m\u00e9tier. Faire un audit ressources humaines, c&rsquo;est aussi \u00e9valuer le nombre de collaborateurs qui ont la certitude de progresser dans leur m\u00e9tier et leur accomplissement personnel. En identifiant les m\u00e9canismes qui cr\u00e9ent la motivation, votre entreprise peut alors construire un syst\u00e8me de management capable de donner \u00e0 chacun, une vision qui mobilise, une mission qui motive et de d\u00e9finir des r\u00e8gles du jeu qui s\u00e9curisent.<\/p>\n<p>Ce ne sont pas les probl\u00e8mes qui cr\u00e9ent la d\u00e9motivation, c&rsquo;est la d\u00e9motivation qui cr\u00e9e les probl\u00e8mes.<\/p>\n<p>&#8211; Impact du climat social.<br \/>\n<span style=\"line-height: 1.5;\">&#8211; Mise en place d&rsquo;indicateurs (ambiance de travail et les dysfonctionnements).<br \/>\n<\/span><span style=\"line-height: 1.5;\">&#8211; Identification des seuils de rupture sociale dans l\u2019entreprise.<br \/>\n<\/span><span style=\"line-height: 1.5;\">&#8211; Mesures de pr\u00e9vention des risques psychosociaux.<br \/>\n<\/span><span style=\"line-height: 1.5;\">&#8211; Identifier et r\u00e9v\u00e9ler les talents.<\/span><\/p>\n<p>Lorsque les hommes cultivent la volont\u00e9 de r\u00e9ussir et les entreprises de gagner en performance, audit ressources humaines est un excellent moyen pour r\u00e9pondre aux attentes des uns et des autres. Tous ceux et celles qui b\u00e9n\u00e9ficient de ces conseils et pr\u00e9conisations ressortent renforc\u00e9s par des nouvelles comp\u00e9tences, indispensables pour relever ce double d\u00e9fi.<\/p>\n<p>Les entreprises qui int\u00e8grent ces changements sont caract\u00e9ris\u00e9es par un personnel disposant d\u2019une gamme \u00e9tendue de comp\u00e9tences, une gestion op\u00e9rationnelle en \u00e9volution constante, et une capacit\u00e9 d\u2019innovation pour s\u2019enrichir de toutes les contributions internes et externes. Autant de qualifications qui font entrer l\u2019entreprise dans un monde o\u00f9 id\u00e9es, processus, innovations, services et effectifs sont ouverts. Tout l\u2019enjeu est donc de savoir int\u00e9grer ces opportunit\u00e9s dans la strat\u00e9gie d\u2019entreprise et de les exploiter de fa\u00e7on optimale.<\/p>\n","protected":false},"excerpt":{"rendered":"<p>Cultivez la volont\u00e9 de r\u00e9ussir\u00a0: Evaluez le management actuel et ses cons\u00e9quences sur la motivation individuelle et collective. R\u00e9aliser un audit ressources humaines, c&rsquo;est tout d&rsquo;abord \u00e9valuer le niveau d&rsquo;adh\u00e9sion des collaborateurs aux objectifs et strat\u00e9gies de l\u2019entreprise. Pour atteindre cet objectif, la compr\u00e9hension rationnelle ne suffit pas, elle n\u00e9cessite avant tout une implication \u00e9motionnelle [&hellip;]<\/p>\n","protected":false},"author":1,"featured_media":0,"parent":2,"menu_order":0,"comment_status":"closed","ping_status":"closed","template":"","meta":[],"_links":{"self":[{"href":"https:\/\/xxl-strategie.fr\/index.php\/wp-json\/wp\/v2\/pages\/129"}],"collection":[{"href":"https:\/\/xxl-strategie.fr\/index.php\/wp-json\/wp\/v2\/pages"}],"about":[{"href":"https:\/\/xxl-strategie.fr\/index.php\/wp-json\/wp\/v2\/types\/page"}],"author":[{"embeddable":true,"href":"https:\/\/xxl-strategie.fr\/index.php\/wp-json\/wp\/v2\/users\/1"}],"replies":[{"embeddable":true,"href":"https:\/\/xxl-strategie.fr\/index.php\/wp-json\/wp\/v2\/comments?post=129"}],"version-history":[{"count":2,"href":"https:\/\/xxl-strategie.fr\/index.php\/wp-json\/wp\/v2\/pages\/129\/revisions"}],"predecessor-version":[{"id":279,"href":"https:\/\/xxl-strategie.fr\/index.php\/wp-json\/wp\/v2\/pages\/129\/revisions\/279"}],"up":[{"embeddable":true,"href":"https:\/\/xxl-strategie.fr\/index.php\/wp-json\/wp\/v2\/pages\/2"}],"wp:attachment":[{"href":"https:\/\/xxl-strategie.fr\/index.php\/wp-json\/wp\/v2\/media?parent=129"}],"curies":[{"name":"wp","href":"https:\/\/api.w.org\/{rel}","templated":true}]}}