{"id":127,"date":"2016-02-15T21:48:30","date_gmt":"2016-02-15T20:48:30","guid":{"rendered":"http:\/\/xxl-strategie.fr\/?page_id=127"},"modified":"2016-02-17T14:21:29","modified_gmt":"2016-02-17T13:21:29","slug":"performance-commerciale","status":"publish","type":"page","link":"https:\/\/xxl-strategie.fr\/index.php\/conseil-accompagnement\/performance-commerciale\/","title":{"rendered":"Le commercial au coeur de l&rsquo;entreprise"},"content":{"rendered":"<p><strong><img decoding=\"async\" loading=\"lazy\" class=\"size-medium wp-image-276 alignleft\" src=\"http:\/\/xxl-strategie.fr\/wp-content\/uploads\/2016\/02\/Capture-d\u2019e\u0301cran-2016-02-17-a\u0300-14.17.54-300x272.png\" alt=\"Commercial\" width=\"300\" height=\"272\" srcset=\"https:\/\/xxl-strategie.fr\/wp-content\/uploads\/2016\/02\/Capture-d\u2019e\u0301cran-2016-02-17-a\u0300-14.17.54-300x272.png 300w, https:\/\/xxl-strategie.fr\/wp-content\/uploads\/2016\/02\/Capture-d\u2019e\u0301cran-2016-02-17-a\u0300-14.17.54.png 366w\" sizes=\"(max-width: 300px) 100vw, 300px\" \/>Mettez la strat\u00e9gie commerciale au c\u0153ur de l&rsquo;entreprise :\u00a0La strat\u00e9gie commerciale est le levier de d\u00e9veloppement prioritaire des entreprises. \u00a0Pour d\u00e9velopper son chiffre d&rsquo;affaires, le dirigeant \u00e0 plusieurs choix et outils \u00e0 sa disposition : la conqu\u00eate de nouveaux march\u00e9s, la diversification de son offre produits\/services, les ventes compl\u00e9mentaires, l&rsquo;augmentation du panier moyen, la fid\u00e9lisation, la prospection, la gestion de la relation client, &#8230;\u00a0L&rsquo;entreprise doit alors renforcer l&rsquo;\u00e9coute des besoins, entretenir sa relation client et d\u00e9finir une strat\u00e9gie commerciale en coh\u00e9rence avec la mutation des march\u00e9s.<\/strong><\/p>\n<p>La performance commerciale, tourn\u00e9e vers l&rsquo;action, permet des discussions et des \u00e9changes en mati\u00e8re de vision et de m\u00e9thodologies strat\u00e9giques, telles que :<\/p>\n<p>&#8211; La traduction de la strat\u00e9gie commerciale pour que chaque collaborateur.<br \/>\n&#8211;\u00a0Les r\u00e9unions de pilotage de l&rsquo;activit\u00e9 commerciale.<br \/>\n&#8211; La d\u00e9finition des objectifs commerciaux (quanti &amp; quali).<br \/>\n&#8211; Le choix des indicateurs de performance.<br \/>\n&#8211; Le partage des tableaux de bords.<br \/>\n&#8211; L&rsquo;optimisation des talents et comp\u00e9tences.<\/p>\n<p>XXL vous accompagne dans la mise en place et le d\u00e9veloppement d&rsquo;une v\u00e9ritable culture de la strat\u00e9gie commerciale au sein de vos \u00e9quipes. Vous con\u00e7evez une strat\u00e9gie commerciale coh\u00e9rente, assurez son d\u00e9ploiement et mesurez sa pertinence.<\/p>\n<p>&nbsp;<\/p>\n","protected":false},"excerpt":{"rendered":"<p>Mettez la strat\u00e9gie commerciale au c\u0153ur de l&rsquo;entreprise :\u00a0La strat\u00e9gie commerciale est le levier de d\u00e9veloppement prioritaire des entreprises. \u00a0Pour d\u00e9velopper son chiffre d&rsquo;affaires, le dirigeant \u00e0 plusieurs choix et outils \u00e0 sa disposition : la conqu\u00eate de nouveaux march\u00e9s, la diversification de son offre produits\/services, les ventes compl\u00e9mentaires, l&rsquo;augmentation du panier moyen, la fid\u00e9lisation, [&hellip;]<\/p>\n","protected":false},"author":1,"featured_media":0,"parent":2,"menu_order":0,"comment_status":"closed","ping_status":"closed","template":"","meta":[],"_links":{"self":[{"href":"https:\/\/xxl-strategie.fr\/index.php\/wp-json\/wp\/v2\/pages\/127"}],"collection":[{"href":"https:\/\/xxl-strategie.fr\/index.php\/wp-json\/wp\/v2\/pages"}],"about":[{"href":"https:\/\/xxl-strategie.fr\/index.php\/wp-json\/wp\/v2\/types\/page"}],"author":[{"embeddable":true,"href":"https:\/\/xxl-strategie.fr\/index.php\/wp-json\/wp\/v2\/users\/1"}],"replies":[{"embeddable":true,"href":"https:\/\/xxl-strategie.fr\/index.php\/wp-json\/wp\/v2\/comments?post=127"}],"version-history":[{"count":5,"href":"https:\/\/xxl-strategie.fr\/index.php\/wp-json\/wp\/v2\/pages\/127\/revisions"}],"predecessor-version":[{"id":277,"href":"https:\/\/xxl-strategie.fr\/index.php\/wp-json\/wp\/v2\/pages\/127\/revisions\/277"}],"up":[{"embeddable":true,"href":"https:\/\/xxl-strategie.fr\/index.php\/wp-json\/wp\/v2\/pages\/2"}],"wp:attachment":[{"href":"https:\/\/xxl-strategie.fr\/index.php\/wp-json\/wp\/v2\/media?parent=127"}],"curies":[{"name":"wp","href":"https:\/\/api.w.org\/{rel}","templated":true}]}}