{"id":124,"date":"2016-02-15T21:37:13","date_gmt":"2016-02-15T20:37:13","guid":{"rendered":"http:\/\/xxl-strategie.fr\/?page_id=124"},"modified":"2016-02-17T14:07:12","modified_gmt":"2016-02-17T13:07:12","slug":"management-de-la-performance","status":"publish","type":"page","link":"https:\/\/xxl-strategie.fr\/index.php\/conseil-accompagnement\/management-de-la-performance\/","title":{"rendered":"Managez la performance"},"content":{"rendered":"<p><strong><img decoding=\"async\" loading=\"lazy\" class=\"size-medium wp-image-270 alignleft\" src=\"http:\/\/xxl-strategie.fr\/wp-content\/uploads\/2016\/02\/performance-300x273.png\" alt=\"performance\" width=\"300\" height=\"273\" srcset=\"https:\/\/xxl-strategie.fr\/wp-content\/uploads\/2016\/02\/performance-300x273.png 300w, https:\/\/xxl-strategie.fr\/wp-content\/uploads\/2016\/02\/performance.png 365w\" sizes=\"(max-width: 300px) 100vw, 300px\" \/>Managez la performance de votre organisation :\u00a0L&rsquo;entreprise est un organisme vivant qui \u00e9volue en fonction de sa taille, ses besoins, ses ressources (vision interne), et de son march\u00e9 (vision externe). Elle doit structurer son organisation et ses process pour garantir l&rsquo;efficacit\u00e9 de chaque poste et d\u00e9velopper la performance.<\/strong><\/p>\n<p>L&rsquo;organisation prend en compte le syst\u00e8me de management, le d\u00e9veloppement des comp\u00e9tences et l\u2019optimisation des potentiels productifs, individuels et collectifs.\u00a0Il s\u2019agit de favoriser l\u2019\u00e9mergence des comportements professionnels innovants et r\u00e9actifs, adapt\u00e9s aux besoins d\u2019un d\u00e9veloppement comp\u00e9titif de l&rsquo;entreprise.<\/p>\n<p>L&rsquo;optimisation de l&rsquo;organisation g\u00e9n\u00e8re la performance d\u2019une entreprise. Dans ce sens, le management est\u00a0un v\u00e9ritable m\u00e9tier avec ses outils, ses m\u00e9thodes, ses r\u00e8gles et ses principes\u00a0qui rappellent que le destin de l&rsquo;entreprise se construit toujours \u00e0 l&rsquo;int\u00e9rieur d&rsquo;elle-m\u00eame. Le management des organisations concilie les attentes des collaborateurs, les besoins des clients et les exigences des actionnaires.<\/p>\n<p>Mettre en place un projet d&rsquo;organisation de l&rsquo;entreprise demande l&rsquo;implication des dirigeants et de leurs \u00e9quipes sur le long terme, et ne doit pas pour autant perturber l&rsquo;activit\u00e9 quotidienne chacun.Pour optimiser la r\u00e9ussite de votre projet d&rsquo;organisation, XXL vous conseille dans le pilotage de votre projet. De la r\u00e9alisation du diagnostic \u00e0 la mise en oeuvre, XXL vous accompagne gr\u00e2ce \u00e0 ses comp\u00e9tences compl\u00e9mentaires: Strat\u00e9gie, Management, gouvernance, gestion d&rsquo;entreprise et politique RH.<\/p>\n<p>&nbsp;<\/p>\n","protected":false},"excerpt":{"rendered":"<p>Managez la performance de votre organisation :\u00a0L&rsquo;entreprise est un organisme vivant qui \u00e9volue en fonction de sa taille, ses besoins, ses ressources (vision interne), et de son march\u00e9 (vision externe). Elle doit structurer son organisation et ses process pour garantir l&rsquo;efficacit\u00e9 de chaque poste et d\u00e9velopper la performance. L&rsquo;organisation prend en compte le syst\u00e8me de [&hellip;]<\/p>\n","protected":false},"author":1,"featured_media":0,"parent":2,"menu_order":0,"comment_status":"closed","ping_status":"closed","template":"","meta":[],"_links":{"self":[{"href":"https:\/\/xxl-strategie.fr\/index.php\/wp-json\/wp\/v2\/pages\/124"}],"collection":[{"href":"https:\/\/xxl-strategie.fr\/index.php\/wp-json\/wp\/v2\/pages"}],"about":[{"href":"https:\/\/xxl-strategie.fr\/index.php\/wp-json\/wp\/v2\/types\/page"}],"author":[{"embeddable":true,"href":"https:\/\/xxl-strategie.fr\/index.php\/wp-json\/wp\/v2\/users\/1"}],"replies":[{"embeddable":true,"href":"https:\/\/xxl-strategie.fr\/index.php\/wp-json\/wp\/v2\/comments?post=124"}],"version-history":[{"count":3,"href":"https:\/\/xxl-strategie.fr\/index.php\/wp-json\/wp\/v2\/pages\/124\/revisions"}],"predecessor-version":[{"id":271,"href":"https:\/\/xxl-strategie.fr\/index.php\/wp-json\/wp\/v2\/pages\/124\/revisions\/271"}],"up":[{"embeddable":true,"href":"https:\/\/xxl-strategie.fr\/index.php\/wp-json\/wp\/v2\/pages\/2"}],"wp:attachment":[{"href":"https:\/\/xxl-strategie.fr\/index.php\/wp-json\/wp\/v2\/media?parent=124"}],"curies":[{"name":"wp","href":"https:\/\/api.w.org\/{rel}","templated":true}]}}