{"id":122,"date":"2016-02-15T21:24:43","date_gmt":"2016-02-15T20:24:43","guid":{"rendered":"http:\/\/xxl-strategie.fr\/?page_id=122"},"modified":"2025-04-02T10:09:11","modified_gmt":"2025-04-02T09:09:11","slug":"changement-et-performance","status":"publish","type":"page","link":"https:\/\/xxl-strategie.fr\/index.php\/conseil-accompagnement\/changement-et-performance\/","title":{"rendered":"Pilotez le changement"},"content":{"rendered":"<p><strong><img decoding=\"async\" loading=\"lazy\" class=\"size-medium wp-image-266 alignleft\" src=\"http:\/\/xxl-strategie.fr\/wp-content\/uploads\/2016\/02\/Boussole-300x200.jpg\" alt=\"Boussole\" width=\"300\" height=\"200\" srcset=\"https:\/\/xxl-strategie.fr\/wp-content\/uploads\/2016\/02\/Boussole-300x200.jpg 300w, https:\/\/xxl-strategie.fr\/wp-content\/uploads\/2016\/02\/Boussole-272x182.jpg 272w, https:\/\/xxl-strategie.fr\/wp-content\/uploads\/2016\/02\/Boussole.jpg 509w\" sizes=\"(max-width: 300px) 100vw, 300px\" \/>G\u00e9n\u00e9rez le changement :\u00a0<\/strong><strong>Les strat\u00e9gies d&rsquo;entreprise offrent des opportunit\u00e9s de d\u00e9veloppement permettant de cr\u00e9er de nouveaux territoires de croissance. Le processus de d\u00e9ploiement d&rsquo;une strat\u00e9gie d&rsquo;entreprise se caract\u00e9rise par un changement dans la continuit\u00e9 qui se traduit dans les gestes quotidiens de chacun.<\/strong><\/p>\n<p>Le succ\u00e8s d&rsquo;une strat\u00e9gie d&rsquo;entreprise d\u00e9pend, pour l\u2019essentiel, de la compr\u00e9hension des d\u00e9cisions strat\u00e9giques qui en d\u00e9coulent par le plus grand nombre d\u2019hommes et de femmes de l&rsquo;entreprise et de la mani\u00e8re dont elles sont mises en \u0153uvre. Deux \u00e9l\u00e9ments paraissent \u00e0 cet \u00e9gard essentiels : Une vision partag\u00e9e sur les enjeux de la strat\u00e9gie d&rsquo;entreprise et la capacit\u00e9 d&rsquo;obtenir un r\u00e9el engagement des acteurs, \u00e0 diff\u00e9rents niveaux de l\u2019entreprise, impliqu\u00e9s dans la r\u00e9alisation d\u2019un ensemble d&rsquo;actions op\u00e9rationnelles.<\/p>\n<p>Les \u00e9tapes de votre strat\u00e9gie\u00a0:<br \/>\n1 &#8211; Rep\u00e9rez et \u00e9valuez les indicateurs de performance et leur impact.<br \/>\n2 &#8211; Elaborez une vision strat\u00e9gique porteuse de performance et de changement.<br \/>\n3 &#8211; Anticipez le changement en imaginant des sc\u00e9narii prospectifs.<br \/>\n4 &#8211; Innovez pour accro\u00eetre votre comp\u00e9titivit\u00e9 et d\u00e9ployez votre strat\u00e9gie gagnante.<\/p>\n<p>XXL vous accompagne dans la formalisation et la mise en \u0153uvre d&rsquo;une v\u00e9ritable culture strat\u00e9gique qui permet de voir et d\u2019agir avant les autres afin de cr\u00e9er de nouveaux espaces de d\u00e9veloppement de l&rsquo;entreprise, des \u00e9quipes, des m\u00e9tiers, des hommes.<\/p>\n","protected":false},"excerpt":{"rendered":"<p>G\u00e9n\u00e9rez le changement :\u00a0Les strat\u00e9gies d&rsquo;entreprise offrent des opportunit\u00e9s de d\u00e9veloppement permettant de cr\u00e9er de nouveaux territoires de croissance. Le processus de d\u00e9ploiement d&rsquo;une strat\u00e9gie d&rsquo;entreprise se caract\u00e9rise par un changement dans la continuit\u00e9 qui se traduit dans les gestes quotidiens de chacun. Le succ\u00e8s d&rsquo;une strat\u00e9gie d&rsquo;entreprise d\u00e9pend, pour l\u2019essentiel, de la compr\u00e9hension des [&hellip;]<\/p>\n","protected":false},"author":1,"featured_media":0,"parent":2,"menu_order":0,"comment_status":"closed","ping_status":"closed","template":"","meta":[],"_links":{"self":[{"href":"https:\/\/xxl-strategie.fr\/index.php\/wp-json\/wp\/v2\/pages\/122"}],"collection":[{"href":"https:\/\/xxl-strategie.fr\/index.php\/wp-json\/wp\/v2\/pages"}],"about":[{"href":"https:\/\/xxl-strategie.fr\/index.php\/wp-json\/wp\/v2\/types\/page"}],"author":[{"embeddable":true,"href":"https:\/\/xxl-strategie.fr\/index.php\/wp-json\/wp\/v2\/users\/1"}],"replies":[{"embeddable":true,"href":"https:\/\/xxl-strategie.fr\/index.php\/wp-json\/wp\/v2\/comments?post=122"}],"version-history":[{"count":6,"href":"https:\/\/xxl-strategie.fr\/index.php\/wp-json\/wp\/v2\/pages\/122\/revisions"}],"predecessor-version":[{"id":1758,"href":"https:\/\/xxl-strategie.fr\/index.php\/wp-json\/wp\/v2\/pages\/122\/revisions\/1758"}],"up":[{"embeddable":true,"href":"https:\/\/xxl-strategie.fr\/index.php\/wp-json\/wp\/v2\/pages\/2"}],"wp:attachment":[{"href":"https:\/\/xxl-strategie.fr\/index.php\/wp-json\/wp\/v2\/media?parent=122"}],"curies":[{"name":"wp","href":"https:\/\/api.w.org\/{rel}","templated":true}]}}