{"id":120,"date":"2016-02-15T21:20:38","date_gmt":"2016-02-15T20:20:38","guid":{"rendered":"http:\/\/xxl-strategie.fr\/?page_id=120"},"modified":"2016-02-17T14:03:27","modified_gmt":"2016-02-17T13:03:27","slug":"projet-dentreprise","status":"publish","type":"page","link":"https:\/\/xxl-strategie.fr\/index.php\/conseil-accompagnement\/projet-dentreprise\/","title":{"rendered":"Formalisez le projet d&rsquo;entreprise"},"content":{"rendered":"<p><strong><img decoding=\"async\" loading=\"lazy\" class=\"size-medium wp-image-268 alignleft\" src=\"http:\/\/xxl-strategie.fr\/wp-content\/uploads\/2016\/02\/Enfant-300x212.png\" alt=\"Enfant\" width=\"300\" height=\"212\" srcset=\"https:\/\/xxl-strategie.fr\/wp-content\/uploads\/2016\/02\/Enfant-300x212.png 300w, https:\/\/xxl-strategie.fr\/wp-content\/uploads\/2016\/02\/Enfant.png 469w\" sizes=\"(max-width: 300px) 100vw, 300px\" \/>Le projet d\u2019entreprise conditionne l\u2019\u00e9volution de l\u2019entreprise, fa\u00e7onne son ambition, d\u00e9finit les d\u00e9fis \u00e0 relever, et motive ainsi les collaborateurs en donnant du sens \u00e0 leur effort. Le projet fixe le positionnement de l&rsquo;entreprise, imprime son identit\u00e9 et cr\u00e9e un avantage concurrentiel durable.\u00a0Voil\u00e0 ce que l&rsquo;on attend du dirigeant : non pas une justesse absolue de sa vision du futur, mais plut\u00f4t la communication d&rsquo;un sens commun et d&rsquo;une direction afin que tous les collaborateurs puissent s&rsquo;y engager.<\/strong><\/p>\n<p>XXL vous accompagne dans l&rsquo;analyse des\u00a0leviers de d\u00e9veloppement\u00a0et\u00a0la planification des actions\u00a0\u00e0 mettre en oeuvre.<\/p>\n<p>Les \u00e9tapes de votre projet\u00a0:<br \/>\n1 &#8211; D\u00e9finissez la vision d\u2019entreprise. Un \u00e9tat id\u00e9al vers lequel vous souhaitez la voir \u00e9voluer,<br \/>\n2 &#8211; Elaborez la charte des valeurs, les principes de management et les r\u00e9f\u00e9rentiels comportementaux des collaborateurs,<br \/>\n3 &#8211; D\u00e9ployez les strat\u00e9gies assurant le d\u00e9veloppement d\u2019entreprise \u00e0 moyen et long terme,<br \/>\n4 &#8211; Lancez les plans d\u2019action qui donnent vie au projet d\u2019entreprise et du sens aux efforts individuels et collectifs.<\/p>\n<p>Les comp\u00e9tences strat\u00e9giques et organisationnelles des consultants XXL permettent de d\u00e9finir le choix des actions prioritaires et d\u2019accompagner la mise en coh\u00e9rence du management avec la vision du projet d\u2019entreprise.<\/p>\n<p>Une telle d\u00e9marche permet \u00e0 chaque \u00e9quipe et collaborateur de d\u00e9velopper sa propre vision en accord avec la vision globale de l&rsquo;entreprise. En prenant en compte les visions des autres \u00e9quipes, l&rsquo;interd\u00e9pendance s&rsquo;\u00e9tablit peu \u00e0 peu et g\u00e9n\u00e8re des interactions plus efficaces.<\/p>\n<p>Ainsi, la r\u00e9alisation du projet d\u2019entreprise entra\u00eene l\u2019alignement des modes organisationnels, des processus technologiques et des comportements avec les nouveaux principes de management. Si vous souhaitez entra\u00eener l&rsquo;adh\u00e9sion de vos collaborateurs \u00e0 votre projet d\u2019entreprise, \u00e9tablir une relation de confiance, d\u00e9couvrir les nouveaux territoires de d\u00e9veloppement, XXL vous propose d&rsquo;acqu\u00e9rir ces comp\u00e9tences lors d&rsquo;une formation ou d&rsquo;un accompagnement \u00e0 la conduite de projet strat\u00e9gique d\u2019entreprise.<\/p>\n<p>&nbsp;<\/p>\n","protected":false},"excerpt":{"rendered":"<p>Le projet d\u2019entreprise conditionne l\u2019\u00e9volution de l\u2019entreprise, fa\u00e7onne son ambition, d\u00e9finit les d\u00e9fis \u00e0 relever, et motive ainsi les collaborateurs en donnant du sens \u00e0 leur effort. Le projet fixe le positionnement de l&rsquo;entreprise, imprime son identit\u00e9 et cr\u00e9e un avantage concurrentiel durable.\u00a0Voil\u00e0 ce que l&rsquo;on attend du dirigeant : non pas une justesse absolue [&hellip;]<\/p>\n","protected":false},"author":1,"featured_media":0,"parent":2,"menu_order":0,"comment_status":"closed","ping_status":"closed","template":"","meta":[],"_links":{"self":[{"href":"https:\/\/xxl-strategie.fr\/index.php\/wp-json\/wp\/v2\/pages\/120"}],"collection":[{"href":"https:\/\/xxl-strategie.fr\/index.php\/wp-json\/wp\/v2\/pages"}],"about":[{"href":"https:\/\/xxl-strategie.fr\/index.php\/wp-json\/wp\/v2\/types\/page"}],"author":[{"embeddable":true,"href":"https:\/\/xxl-strategie.fr\/index.php\/wp-json\/wp\/v2\/users\/1"}],"replies":[{"embeddable":true,"href":"https:\/\/xxl-strategie.fr\/index.php\/wp-json\/wp\/v2\/comments?post=120"}],"version-history":[{"count":3,"href":"https:\/\/xxl-strategie.fr\/index.php\/wp-json\/wp\/v2\/pages\/120\/revisions"}],"predecessor-version":[{"id":269,"href":"https:\/\/xxl-strategie.fr\/index.php\/wp-json\/wp\/v2\/pages\/120\/revisions\/269"}],"up":[{"embeddable":true,"href":"https:\/\/xxl-strategie.fr\/index.php\/wp-json\/wp\/v2\/pages\/2"}],"wp:attachment":[{"href":"https:\/\/xxl-strategie.fr\/index.php\/wp-json\/wp\/v2\/media?parent=120"}],"curies":[{"name":"wp","href":"https:\/\/api.w.org\/{rel}","templated":true}]}}