{"id":1050,"date":"2019-02-05T12:56:25","date_gmt":"2019-02-05T11:56:25","guid":{"rendered":"http:\/\/xxl-strategie.fr\/?page_id=1050"},"modified":"2019-02-05T12:57:13","modified_gmt":"2019-02-05T11:57:13","slug":"seminaire-daccompagnement-a-la-creation-dune-strategie-dentreprise","status":"publish","type":"page","link":"https:\/\/xxl-strategie.fr\/index.php\/seminaire-daccompagnement-a-la-creation-dune-strategie-dentreprise\/","title":{"rendered":"S\u00e9minaire d&rsquo;accompagnement \u00e0 la cr\u00e9ation d&rsquo;une Strat\u00e9gie d&rsquo;Entreprise"},"content":{"rendered":"<p><strong><img decoding=\"async\" loading=\"lazy\" class=\"size-full wp-image-1052 alignnone\" src=\"http:\/\/xxl-strategie.fr\/wp-content\/uploads\/2019\/02\/seminaire-strategie.png\" alt=\"\" width=\"574\" height=\"377\" srcset=\"https:\/\/xxl-strategie.fr\/wp-content\/uploads\/2019\/02\/seminaire-strategie.png 574w, https:\/\/xxl-strategie.fr\/wp-content\/uploads\/2019\/02\/seminaire-strategie-300x197.png 300w\" sizes=\"(max-width: 574px) 100vw, 574px\" \/><\/strong><\/p>\n<p><strong>Lors de votre s\u00e9minaire personnalis\u00e9, nous allons passer en revue les m\u00e9thodes de construction strat\u00e9giques et nous focaliser sur la cr\u00e9ation (ou adaptation) de votre strat\u00e9gie d&rsquo;entreprise. Plus concr\u00e8tement, vous allez d\u00e9finir, avec notre soutien, les lignes directrices de la strat\u00e9gie future de votre soci\u00e9t\u00e9.<\/strong><\/p>\n<h5>Objectifs du s\u00e9minaire.<\/h5>\n<p>Mettre en route de mani\u00e8re concr\u00e8te les bases de votre strat\u00e9gie d&rsquo;entreprise pour les prochaines ann\u00e9es. Cela englobe, entre autres, les notions suivantes\u00a0:<\/p>\n<ul>\n<li>D\u00e9finir le p\u00e9rim\u00e8tre d\u2019activit\u00e9<\/li>\n<li>Cartographier les lignes directrices<\/li>\n<li>Adaptation du mod\u00e8le \u00e9conomique cr\u00e9ant de la valeur au sein des diff\u00e9rentes activit\u00e9s<\/li>\n<li>Esquisser une strat\u00e9gie qui facilite l&rsquo;action et r\u00e9duit les ambigu\u00eft\u00e9s<\/li>\n<\/ul>\n<h5>Contenu du s\u00e9minaire<\/h5>\n<p>Sous forme de s\u00e9minaire d&rsquo;accompagnement, conduit par l&rsquo;un de nos experts, nos ateliers de travail ont pour but de passer en revue les aspects suivants:<\/p>\n<ul>\n<li>Les enjeux li\u00e9s \u00e0 la strat\u00e9gie pour votre entreprise\/organisation<\/li>\n<li>Les diff\u00e9rentes visions des acteurs internes et externes de l&rsquo;entreprise<\/li>\n<li>Analyse de l&rsquo;environnement march\u00e9<\/li>\n<li>Positionnement strat\u00e9gique<\/li>\n<li>Cr\u00e9ation de valeur et mod\u00e8le \u00e9conomique<\/li>\n<li>R\u00e9flexion sur les options strat\u00e9giques<\/li>\n<li>Cr\u00e9ation des diff\u00e9rents sc\u00e9narios<\/li>\n<li>Travail sur des mod\u00e8les de cas pratiques ou votre propre situation<\/li>\n<li>Analyse et pistes de solutions des cas pratiques<\/li>\n<\/ul>\n<h5>Notre Expertise<\/h5>\n<p>Notre vocation est d\u2019aider nos clients \u00e0 cr\u00e9er de la valeur en leur apportant des solutions r\u00e9alistes et r\u00e9alisables.<\/p>\n<p>Pour y parvenir, nous dispensons, entre autres, des s\u00e9minaires depuis plusieurs ann\u00e9es au sein d&rsquo;entreprises d&rsquo;horizons tr\u00e8s divers et cela, toujours avec la m\u00eame motivation et le m\u00eame niveau d&rsquo;engagement. Notre objectif est toujours le m\u00eame, fournir aux entreprises les connaissances et les outils n\u00e9cessaires \u00e0 leur d\u00e9veloppement.<\/p>\n<p>Ce s\u00e9minaire a pour but de d\u00e9velopper vos connaissances mais il a surtout une forte orientation pratique et se fixe comme ambition, de vous d\u00e9livrer une m\u00e9thodologie que vous pourrez appliquer directement dans votre activit\u00e9 de tous les jours.<\/p>\n<p><a href=\"http:\/\/xxl-strategie.fr\/index.php\/lequipe\/formulaire-de-contact\/\">Demande de renseignements.<\/a><\/p>\n","protected":false},"excerpt":{"rendered":"<p>Lors de votre s\u00e9minaire personnalis\u00e9, nous allons passer en revue les m\u00e9thodes de construction strat\u00e9giques et nous focaliser sur la cr\u00e9ation (ou adaptation) de votre strat\u00e9gie d&rsquo;entreprise. Plus concr\u00e8tement, vous allez d\u00e9finir, avec notre soutien, les lignes directrices de la strat\u00e9gie future de votre soci\u00e9t\u00e9. Objectifs du s\u00e9minaire. Mettre en route de mani\u00e8re concr\u00e8te les [&hellip;]<\/p>\n","protected":false},"author":1,"featured_media":0,"parent":0,"menu_order":0,"comment_status":"closed","ping_status":"closed","template":"","meta":[],"_links":{"self":[{"href":"https:\/\/xxl-strategie.fr\/index.php\/wp-json\/wp\/v2\/pages\/1050"}],"collection":[{"href":"https:\/\/xxl-strategie.fr\/index.php\/wp-json\/wp\/v2\/pages"}],"about":[{"href":"https:\/\/xxl-strategie.fr\/index.php\/wp-json\/wp\/v2\/types\/page"}],"author":[{"embeddable":true,"href":"https:\/\/xxl-strategie.fr\/index.php\/wp-json\/wp\/v2\/users\/1"}],"replies":[{"embeddable":true,"href":"https:\/\/xxl-strategie.fr\/index.php\/wp-json\/wp\/v2\/comments?post=1050"}],"version-history":[{"count":3,"href":"https:\/\/xxl-strategie.fr\/index.php\/wp-json\/wp\/v2\/pages\/1050\/revisions"}],"predecessor-version":[{"id":1054,"href":"https:\/\/xxl-strategie.fr\/index.php\/wp-json\/wp\/v2\/pages\/1050\/revisions\/1054"}],"wp:attachment":[{"href":"https:\/\/xxl-strategie.fr\/index.php\/wp-json\/wp\/v2\/media?parent=1050"}],"curies":[{"name":"wp","href":"https:\/\/api.w.org\/{rel}","templated":true}]}}